{"id":3121,"date":"2025-11-02T04:19:35","date_gmt":"2025-11-02T04:19:35","guid":{"rendered":"https:\/\/rioholiday.com\/ueber-rio-holiday\/"},"modified":"2025-12-09T05:33:53","modified_gmt":"2025-12-09T05:33:53","slug":"ueber-rio-holiday","status":"publish","type":"page","link":"https:\/\/rioholiday.com\/de\/ueber-rio-holiday\/","title":{"rendered":"\u00dcber Rio Holiday"},"content":{"rendered":"\t\t<div data-elementor-type=\"wp-page\" data-elementor-id=\"3121\" class=\"elementor elementor-3121 elementor-1134\" data-elementor-post-type=\"page\">\n\t\t\t\t<div class=\"elementor-element elementor-element-b972504 e-flex e-con-boxed e-con e-parent\" data-id=\"b972504\" data-element_type=\"container\">\n\t\t\t\t\t<div class=\"e-con-inner\">\n\t\t\t\t<div class=\"elementor-element elementor-element-20ab85f elementor-widget elementor-widget-heading\" data-id=\"20ab85f\" data-element_type=\"widget\" data-widget_type=\"heading.default\">\n\t\t\t\t\t<h2 class=\"elementor-heading-title elementor-size-default\">\u00dcber uns<\/h2>\t\t\t\t<\/div>\n\t\t\t\t\t<\/div>\n\t\t\t\t<\/div>\n\t\t<div class=\"elementor-element elementor-element-de8d0c6 e-flex e-con-boxed e-con e-parent\" data-id=\"de8d0c6\" data-element_type=\"container\">\n\t\t\t\t\t<div class=\"e-con-inner\">\n\t\t\t\t<div class=\"elementor-element elementor-element-9373b11 elementor-widget elementor-widget-image\" data-id=\"9373b11\" data-element_type=\"widget\" data-widget_type=\"image.default\">\n\t\t\t\t\t\t\t\t\t\t\t\t\t\t\t<img fetchpriority=\"high\" decoding=\"async\" width=\"1600\" height=\"1039\" src=\"https:\/\/rioholiday.com\/wp-content\/uploads\/2025\/11\/rioholiday-support-1.jpg\" class=\"attachment-full size-full wp-image-3124\" alt=\"\" \/>\t\t\t\t\t\t\t\t\t\t\t\t\t\t\t<\/div>\n\t\t\t\t\t<\/div>\n\t\t\t\t<\/div>\n\t\t<div class=\"elementor-element elementor-element-7a42c5e e-flex e-con-boxed e-con e-parent\" data-id=\"7a42c5e\" data-element_type=\"container\">\n\t\t\t\t\t<div class=\"e-con-inner\">\n\t\t\t\t<div class=\"elementor-element elementor-element-06d31e1 elementor-widget elementor-widget-text-editor\" data-id=\"06d31e1\" data-element_type=\"widget\" data-widget_type=\"text-editor.default\">\n\t\t\t\t\t\t\t\t\t<p>Rio Holiday begr\u00fc\u00dfte 2004 seine ersten G\u00e4ste in Rio de Janeiro. Seitdem haben wir Hunderte von Touristen in Rio willkommen gehei\u00dfen und ihnen geholfen, ihren Traum vom perfekten Urlaub zu verwirklichen. Nach einer mehrj\u00e4hrigen Pause sind wir nun besser denn je zur\u00fcck. Fr\u00fcher vermieteten wir ganze Villen an einzelne Reisegruppen. Jetzt haben wir unsere gr\u00f6\u00dfte Villa in ein luxuri\u00f6ses Boutique-Hotel umgebaut.      <\/p><p>Wir haben eine Partnerschaft mit Casa Design geschlossen, einem in Rio de Janeiro bekannten Unternehmen, das j\u00e4hrlich Designausstellungen veranstaltet. Wir sind stolz darauf, dass diese Villa bereits drei Jahre in Folge als Ausstellungsort f\u00fcr lokale Architekten und Designer ausgew\u00e4hlt wurde. Unsere neuen Partner sind in Rio bestens vernetzt und verfolgen dieselben Ziele, die Rio Holiday vor vielen Jahren gesetzt hat.    <\/p><p>Wir glauben daran, unsere G\u00e4ste so zu behandeln, wie wir selbst behandelt werden m\u00f6chten. Wir hei\u00dfen Reisende aller Rassen, Glaubensrichtungen und Orientierungen willkommen und behandeln alle mit dem gleichen Ma\u00df an Respekt. Selbstverst\u00e4ndlich erwarten wir auch von unseren G\u00e4sten gegenseitigen Respekt gegen\u00fcber ihren Mitreisenden.<\/p>\t\t\t\t\t\t\t\t<\/div>\n\t\t\t\t\t<\/div>\n\t\t\t\t<\/div>\n\t\t<div class=\"elementor-element elementor-element-9a3bb04 e-flex e-con-boxed e-con e-parent\" data-id=\"9a3bb04\" data-element_type=\"container\">\n\t\t\t\t\t<div class=\"e-con-inner\">\n\t\t\t\t<div class=\"elementor-element elementor-element-1cc9ea9 elementor-widget elementor-widget-heading\" data-id=\"1cc9ea9\" data-element_type=\"widget\" data-widget_type=\"heading.default\">\n\t\t\t\t\t<h2 class=\"elementor-heading-title elementor-size-default\">Kontaktieren Sie uns<\/h2>\t\t\t\t<\/div>\n\t\t\t\t\t<\/div>\n\t\t\t\t<\/div>\n\t\t<div class=\"elementor-element elementor-element-d47da3b e-flex e-con-boxed e-con e-parent\" data-id=\"d47da3b\" data-element_type=\"container\">\n\t\t\t\t\t<div class=\"e-con-inner\">\n\t\t\t\t<div class=\"elementor-element elementor-element-8d3dd9b elementor-widget elementor-widget-text-editor\" data-id=\"8d3dd9b\" data-element_type=\"widget\" data-widget_type=\"text-editor.default\">\n\t\t\t\t\t\t\t\t\t<p>Bei Fragen, Problemen oder Anmerkungen erreichen Sie uns am besten \u00fcber unsere <a href=\"https:\/\/rioholiday.com\/de\/uber-rio-holiday\/\">Kontaktseite<\/a> . Sie k\u00f6nnen uns auch unter den unten stehenden Telefonnummern anrufen oder uns eine WhatsApp-Nachricht senden. <\/p>\t\t\t\t\t\t\t\t<\/div>\n\t\t\t\t\t<\/div>\n\t\t\t\t<\/div>\n\t\t<div class=\"elementor-element elementor-element-460d2f0 e-flex e-con-boxed e-con e-parent\" data-id=\"460d2f0\" data-element_type=\"container\">\n\t\t\t\t\t<div class=\"e-con-inner\">\n\t\t\t\t<div class=\"elementor-element elementor-element-eedbf92 elementor-widget elementor-widget-text-editor\" data-id=\"eedbf92\" data-element_type=\"widget\" data-widget_type=\"text-editor.default\">\n\t\t\t\t\t\t\t\t\t<p>Rio Holiday LLC ist eine texanische Gesellschaft mit beschr\u00e4nkter Haftung mit Sitz in San Antonio, Texas, USA.<\/p><p><span \n                data-original-string='i7QGDMNcQ2WK6McjsgTKrw==1deZX00Jgc+KCZeOQFIMnWBXYRWKYw2btXSYYc9sZmISPo='\n                class='apbct-email-encoder'\n                title='Dieser Kontakt wurde von Anti-Spam by CleanTalk verschl\u00fcsselt. Klicken Sie hier, um ihn zu entschl\u00fcsseln. Um die Entschl\u00fcsselung abzuschlie\u00dfen, stellen Sie sicher, dass JavaScript in Ihrem Browser aktiviert ist.'>sa<span class=\"apbct-blur\">*****<\/span>@<span class=\"apbct-blur\">********<\/span>ay.com<\/span><br> US-Vertriebsb\u00fcro +1+210-878-6046<br> Unsere Vertriebsb\u00fcros befinden sich w\u00e4hrend der Standardzeit in der Zeitzone UTC\/GMT-6.<\/p><p>Hotel in Brasilien +55 21 99689-9989<br> Brasilianisches Vertriebsb\u00fcro in Portugiesisch oder Englisch<br> Rio Holiday Boutique Hotel<br> 345 Rua Nossa Senhora de Lourdes<br> S\u00e3o Francisco, Niter\u00f3i, Rio de Janeiro, Brasilien 24360-420<br> Rio liegt in der Zeitzone <span style=\"font-size: 1rem;\">UTC\/GMT-3<\/span><\/p><p>Rio Holiday LLC<br> 9901 IH 10 West, Suite 800<br> San Antonio, Texas 78230<\/p>\t\t\t\t\t\t\t\t<\/div>\n\t\t\t\t\t<\/div>\n\t\t\t\t<\/div>\n\t\t<div class=\"elementor-element elementor-element-07e15f9 e-flex e-con-boxed e-con e-parent\" data-id=\"07e15f9\" data-element_type=\"container\">\n\t\t\t\t\t<div class=\"e-con-inner\">\n\t\t\t\t<div class=\"elementor-element elementor-element-e9e4b6d elementor-widget elementor-widget-heading\" data-id=\"e9e4b6d\" data-element_type=\"widget\" data-widget_type=\"heading.default\">\n\t\t\t\t\t<h2 class=\"elementor-heading-title elementor-size-default\">Freunde und Partner<\/h2>\t\t\t\t<\/div>\n\t\t\t\t\t<\/div>\n\t\t\t\t<\/div>\n\t\t<div class=\"elementor-element elementor-element-ebbee19 e-flex e-con-boxed e-con e-parent\" data-id=\"ebbee19\" data-element_type=\"container\">\n\t\t\t\t\t<div class=\"e-con-inner\">\n\t\t<div class=\"elementor-element elementor-element-8c18651 e-con-full e-flex e-con e-child\" data-id=\"8c18651\" data-element_type=\"container\">\n\t\t\t\t<div class=\"elementor-element elementor-element-1a315ef elementor-widget elementor-widget-image\" data-id=\"1a315ef\" data-element_type=\"widget\" data-widget_type=\"image.default\">\n\t\t\t\t\t\t\t\t\t\t\t\t\t\t\t<img decoding=\"async\" width=\"300\" height=\"300\" data-src=\"https:\/\/rioholiday.com\/wp-content\/uploads\/2025\/11\/rioholiday-support-3.jpg\" class=\"attachment-medium size-medium wp-image-3126 lazyload\" alt=\"\" data-srcset=\"https:\/\/rioholiday.com\/wp-content\/uploads\/2025\/11\/rioholiday-support-3.jpg 1200w, https:\/\/rioholiday.com\/wp-content\/uploads\/2025\/11\/rioholiday-support-3-800x800.jpg 800w\" data-sizes=\"(max-width: 300px) 100vw, 300px\" src=\"data:image\/svg+xml;base64,PHN2ZyB3aWR0aD0iMSIgaGVpZ2h0PSIxIiB4bWxucz0iaHR0cDovL3d3dy53My5vcmcvMjAwMC9zdmciPjwvc3ZnPg==\" style=\"--smush-placeholder-width: 300px; --smush-placeholder-aspect-ratio: 300\/300;\" \/>\t\t\t\t\t\t\t\t\t\t\t\t\t\t\t<\/div>\n\t\t\t\t<\/div>\n\t\t<div class=\"elementor-element elementor-element-e8680f1 e-con-full e-flex e-con e-child\" data-id=\"e8680f1\" data-element_type=\"container\">\n\t\t\t\t<div class=\"elementor-element elementor-element-ebb0c31 elementor-widget elementor-widget-text-editor\" data-id=\"ebb0c31\" data-element_type=\"widget\" data-widget_type=\"text-editor.default\">\n\t\t\t\t\t\t\t\t\t<p>Die Fotos auf unserer Website stammen von VF Studio, das wir uneingeschr\u00e4nkt empfehlen. Sie finden das Studio auf Instagram unter @vffotografico. VF Studio hat seinen Sitz im Gro\u00dfraum Rio de Janeiro, Brasilien, und ist auf Portugiesisch und Englisch erreichbar.  <\/p>\t\t\t\t\t\t\t\t<\/div>\n\t\t\t\t<\/div>\n\t\t\t\t\t<\/div>\n\t\t\t\t<\/div>\n\t\t\t\t<\/div>\n\t\t","protected":false},"excerpt":{"rendered":"<p>\u00dcber uns Rio Holiday begr\u00fc\u00dfte 2004 seine ersten G\u00e4ste in Rio de Janeiro. Seitdem haben wir Hunderte von Touristen in [&hellip;]<\/p>\n","protected":false},"author":1,"featured_media":0,"parent":0,"menu_order":0,"comment_status":"closed","ping_status":"closed","template":"","meta":{"site-sidebar-layout":"no-sidebar","site-content-layout":"","ast-site-content-layout":"full-width-container","site-content-style":"default","site-sidebar-style":"default","ast-global-header-display":"","ast-banner-title-visibility":"","ast-main-header-display":"","ast-hfb-above-header-display":"","ast-hfb-below-header-display":"","ast-hfb-mobile-header-display":"","site-post-title":"disabled","ast-breadcrumbs-content":"","ast-featured-img":"disabled","footer-sml-layout":"","ast-disable-related-posts":"","theme-transparent-header-meta":"","adv-header-id-meta":"","stick-header-meta":"","header-above-stick-meta":"","header-main-stick-meta":"","header-below-stick-meta":"","astra-migrate-meta-layouts":"default","ast-page-background-enabled":"default","ast-page-background-meta":{"desktop":{"background-color":"var(--ast-global-color-5)","background-image":"","background-repeat":"repeat","background-position":"center center","background-size":"auto","background-attachment":"scroll","background-type":"","background-media":"","overlay-type":"","overlay-color":"","overlay-opacity":"","overlay-gradient":""},"tablet":{"background-color":"","background-image":"","background-repeat":"repeat","background-position":"center center","background-size":"auto","background-attachment":"scroll","background-type":"","background-media":"","overlay-type":"","overlay-color":"","overlay-opacity":"","overlay-gradient":""},"mobile":{"background-color":"","background-image":"","background-repeat":"repeat","background-position":"center center","background-size":"auto","background-attachment":"scroll","background-type":"","background-media":"","overlay-type":"","overlay-color":"","overlay-opacity":"","overlay-gradient":""}},"ast-content-background-meta":{"desktop":{"background-color":"var(--ast-global-color-4)","background-image":"","background-repeat":"repeat","background-position":"center center","background-size":"auto","background-attachment":"scroll","background-type":"","background-media":"","overlay-type":"","overlay-color":"","overlay-opacity":"","overlay-gradient":""},"tablet":{"background-color":"var(--ast-global-color-4)","background-image":"","background-repeat":"repeat","background-position":"center center","background-size":"auto","background-attachment":"scroll","background-type":"","background-media":"","overlay-type":"","overlay-color":"","overlay-opacity":"","overlay-gradient":""},"mobile":{"background-color":"var(--ast-global-color-4)","background-image":"","background-repeat":"repeat","background-position":"center center","background-size":"auto","background-attachment":"scroll","background-type":"","background-media":"","overlay-type":"","overlay-color":"","overlay-opacity":"","overlay-gradient":""}},"footnotes":""},"class_list":["post-3121","page","type-page","status-publish","hentry"],"yoast_head":"<!-- This site is optimized with the Yoast SEO Premium plugin v26.6 (Yoast SEO v26.6) - https:\/\/yoast.com\/wordpress\/plugins\/seo\/ -->\n<title>\u00dcber Rio Holiday - Rio Holiday Boutique Hotel<\/title>\n<meta name=\"robots\" content=\"index, follow, max-snippet:-1, max-image-preview:large, max-video-preview:-1\" \/>\n<link rel=\"canonical\" href=\"https:\/\/rioholiday.com\/de\/ueber-rio-holiday\/\" \/>\n<meta property=\"og:locale\" content=\"de_DE\" \/>\n<meta property=\"og:type\" content=\"article\" \/>\n<meta property=\"og:title\" content=\"\u00dcber Rio Holiday\" \/>\n<meta property=\"og:description\" content=\"\u00dcber uns Rio Holiday begr\u00fc\u00dfte 2004 seine ersten G\u00e4ste in Rio de Janeiro. Seitdem haben wir Hunderte von Touristen in [&hellip;]\" \/>\n<meta property=\"og:url\" content=\"https:\/\/rioholiday.com\/de\/ueber-rio-holiday\/\" \/>\n<meta property=\"og:site_name\" content=\"Rio Holiday Boutique Hotel\" \/>\n<meta property=\"article:modified_time\" content=\"2025-12-09T05:33:53+00:00\" \/>\n<meta property=\"og:image\" content=\"https:\/\/rioholiday.com\/wp-content\/uploads\/2025\/11\/rioholiday-support-1.jpg\" \/>\n\t<meta property=\"og:image:width\" content=\"1600\" \/>\n\t<meta property=\"og:image:height\" content=\"1039\" \/>\n\t<meta property=\"og:image:type\" content=\"image\/jpeg\" \/>\n<meta name=\"twitter:card\" content=\"summary_large_image\" \/>\n<meta name=\"twitter:label1\" content=\"Gesch\u00e4tzte Lesezeit\" \/>\n\t<meta name=\"twitter:data1\" content=\"2\u00a0Minuten\" \/>\n<script type=\"application\/ld+json\" class=\"yoast-schema-graph\">{\"@context\":\"https:\/\/schema.org\",\"@graph\":[{\"@type\":\"WebPage\",\"@id\":\"https:\/\/rioholiday.com\/de\/ueber-rio-holiday\/\",\"url\":\"https:\/\/rioholiday.com\/de\/ueber-rio-holiday\/\",\"name\":\"\u00dcber Rio Holiday - Rio Holiday Boutique Hotel\",\"isPartOf\":{\"@id\":\"https:\/\/rioholiday.com\/de\/#website\"},\"primaryImageOfPage\":{\"@id\":\"https:\/\/rioholiday.com\/de\/ueber-rio-holiday\/#primaryimage\"},\"image\":{\"@id\":\"https:\/\/rioholiday.com\/de\/ueber-rio-holiday\/#primaryimage\"},\"thumbnailUrl\":\"https:\/\/rioholiday.com\/wp-content\/uploads\/2025\/11\/rioholiday-support-1.jpg\",\"datePublished\":\"2025-11-02T04:19:35+00:00\",\"dateModified\":\"2025-12-09T05:33:53+00:00\",\"breadcrumb\":{\"@id\":\"https:\/\/rioholiday.com\/de\/ueber-rio-holiday\/#breadcrumb\"},\"inLanguage\":\"de\",\"potentialAction\":[{\"@type\":\"ReadAction\",\"target\":[\"https:\/\/rioholiday.com\/de\/ueber-rio-holiday\/\"]}]},{\"@type\":\"ImageObject\",\"inLanguage\":\"de\",\"@id\":\"https:\/\/rioholiday.com\/de\/ueber-rio-holiday\/#primaryimage\",\"url\":\"https:\/\/rioholiday.com\/wp-content\/uploads\/2025\/11\/rioholiday-support-1.jpg\",\"contentUrl\":\"https:\/\/rioholiday.com\/wp-content\/uploads\/2025\/11\/rioholiday-support-1.jpg\"},{\"@type\":\"BreadcrumbList\",\"@id\":\"https:\/\/rioholiday.com\/de\/ueber-rio-holiday\/#breadcrumb\",\"itemListElement\":[{\"@type\":\"ListItem\",\"position\":1,\"name\":\"Home\",\"item\":\"https:\/\/rioholiday.com\/de\/rio-holiday-boutique-hotel\/\"},{\"@type\":\"ListItem\",\"position\":2,\"name\":\"\u00dcber Rio Holiday\"}]},{\"@type\":\"WebSite\",\"@id\":\"https:\/\/rioholiday.com\/de\/#website\",\"url\":\"https:\/\/rioholiday.com\/de\/\",\"name\":\"Rio Holiday Boutique Hotel\",\"description\":\"\",\"publisher\":{\"@id\":\"https:\/\/rioholiday.com\/de\/#organization\"},\"potentialAction\":[{\"@type\":\"SearchAction\",\"target\":{\"@type\":\"EntryPoint\",\"urlTemplate\":\"https:\/\/rioholiday.com\/de\/?s={search_term_string}\"},\"query-input\":{\"@type\":\"PropertyValueSpecification\",\"valueRequired\":true,\"valueName\":\"search_term_string\"}}],\"inLanguage\":\"de\"},{\"@type\":\"Organization\",\"@id\":\"https:\/\/rioholiday.com\/de\/#organization\",\"name\":\"Rio Holiday Boutique Hotel\",\"url\":\"https:\/\/rioholiday.com\/de\/\",\"logo\":{\"@type\":\"ImageObject\",\"inLanguage\":\"de\",\"@id\":\"https:\/\/rioholiday.com\/de\/#\/schema\/logo\/image\/\",\"url\":\"https:\/\/rioholiday.com\/wp-content\/uploads\/2025\/10\/RIO-HOLIDAY-Logo-100x59-1.jpg\",\"contentUrl\":\"https:\/\/rioholiday.com\/wp-content\/uploads\/2025\/10\/RIO-HOLIDAY-Logo-100x59-1.jpg\",\"width\":100,\"height\":59,\"caption\":\"Rio Holiday Boutique Hotel\"},\"image\":{\"@id\":\"https:\/\/rioholiday.com\/de\/#\/schema\/logo\/image\/\"},\"sameAs\":[\"https:\/\/www.instagram.com\/rioholidayhotel\/\"]}]}<\/script>\n<!-- \/ Yoast SEO Premium plugin. -->","yoast_head_json":{"title":"\u00dcber Rio Holiday - Rio Holiday Boutique Hotel","robots":{"index":"index","follow":"follow","max-snippet":"max-snippet:-1","max-image-preview":"max-image-preview:large","max-video-preview":"max-video-preview:-1"},"canonical":"https:\/\/rioholiday.com\/de\/ueber-rio-holiday\/","og_locale":"de_DE","og_type":"article","og_title":"\u00dcber Rio Holiday","og_description":"\u00dcber uns Rio Holiday begr\u00fc\u00dfte 2004 seine ersten G\u00e4ste in Rio de Janeiro. Seitdem haben wir Hunderte von Touristen in [&hellip;]","og_url":"https:\/\/rioholiday.com\/de\/ueber-rio-holiday\/","og_site_name":"Rio Holiday Boutique Hotel","article_modified_time":"2025-12-09T05:33:53+00:00","og_image":[{"width":1600,"height":1039,"url":"https:\/\/rioholiday.com\/wp-content\/uploads\/2025\/11\/rioholiday-support-1.jpg","type":"image\/jpeg"}],"twitter_card":"summary_large_image","twitter_misc":{"Gesch\u00e4tzte Lesezeit":"2\u00a0Minuten"},"schema":{"@context":"https:\/\/schema.org","@graph":[{"@type":"WebPage","@id":"https:\/\/rioholiday.com\/de\/ueber-rio-holiday\/","url":"https:\/\/rioholiday.com\/de\/ueber-rio-holiday\/","name":"\u00dcber Rio Holiday - Rio Holiday Boutique Hotel","isPartOf":{"@id":"https:\/\/rioholiday.com\/de\/#website"},"primaryImageOfPage":{"@id":"https:\/\/rioholiday.com\/de\/ueber-rio-holiday\/#primaryimage"},"image":{"@id":"https:\/\/rioholiday.com\/de\/ueber-rio-holiday\/#primaryimage"},"thumbnailUrl":"https:\/\/rioholiday.com\/wp-content\/uploads\/2025\/11\/rioholiday-support-1.jpg","datePublished":"2025-11-02T04:19:35+00:00","dateModified":"2025-12-09T05:33:53+00:00","breadcrumb":{"@id":"https:\/\/rioholiday.com\/de\/ueber-rio-holiday\/#breadcrumb"},"inLanguage":"de","potentialAction":[{"@type":"ReadAction","target":["https:\/\/rioholiday.com\/de\/ueber-rio-holiday\/"]}]},{"@type":"ImageObject","inLanguage":"de","@id":"https:\/\/rioholiday.com\/de\/ueber-rio-holiday\/#primaryimage","url":"https:\/\/rioholiday.com\/wp-content\/uploads\/2025\/11\/rioholiday-support-1.jpg","contentUrl":"https:\/\/rioholiday.com\/wp-content\/uploads\/2025\/11\/rioholiday-support-1.jpg"},{"@type":"BreadcrumbList","@id":"https:\/\/rioholiday.com\/de\/ueber-rio-holiday\/#breadcrumb","itemListElement":[{"@type":"ListItem","position":1,"name":"Home","item":"https:\/\/rioholiday.com\/de\/rio-holiday-boutique-hotel\/"},{"@type":"ListItem","position":2,"name":"\u00dcber Rio Holiday"}]},{"@type":"WebSite","@id":"https:\/\/rioholiday.com\/de\/#website","url":"https:\/\/rioholiday.com\/de\/","name":"Rio Holiday Boutique Hotel","description":"","publisher":{"@id":"https:\/\/rioholiday.com\/de\/#organization"},"potentialAction":[{"@type":"SearchAction","target":{"@type":"EntryPoint","urlTemplate":"https:\/\/rioholiday.com\/de\/?s={search_term_string}"},"query-input":{"@type":"PropertyValueSpecification","valueRequired":true,"valueName":"search_term_string"}}],"inLanguage":"de"},{"@type":"Organization","@id":"https:\/\/rioholiday.com\/de\/#organization","name":"Rio Holiday Boutique Hotel","url":"https:\/\/rioholiday.com\/de\/","logo":{"@type":"ImageObject","inLanguage":"de","@id":"https:\/\/rioholiday.com\/de\/#\/schema\/logo\/image\/","url":"https:\/\/rioholiday.com\/wp-content\/uploads\/2025\/10\/RIO-HOLIDAY-Logo-100x59-1.jpg","contentUrl":"https:\/\/rioholiday.com\/wp-content\/uploads\/2025\/10\/RIO-HOLIDAY-Logo-100x59-1.jpg","width":100,"height":59,"caption":"Rio Holiday Boutique Hotel"},"image":{"@id":"https:\/\/rioholiday.com\/de\/#\/schema\/logo\/image\/"},"sameAs":["https:\/\/www.instagram.com\/rioholidayhotel\/"]}]}},"_links":{"self":[{"href":"https:\/\/rioholiday.com\/de\/wp-json\/wp\/v2\/pages\/3121","targetHints":{"allow":["GET"]}}],"collection":[{"href":"https:\/\/rioholiday.com\/de\/wp-json\/wp\/v2\/pages"}],"about":[{"href":"https:\/\/rioholiday.com\/de\/wp-json\/wp\/v2\/types\/page"}],"author":[{"embeddable":true,"href":"https:\/\/rioholiday.com\/de\/wp-json\/wp\/v2\/users\/1"}],"replies":[{"embeddable":true,"href":"https:\/\/rioholiday.com\/de\/wp-json\/wp\/v2\/comments?post=3121"}],"version-history":[{"count":0,"href":"https:\/\/rioholiday.com\/de\/wp-json\/wp\/v2\/pages\/3121\/revisions"}],"wp:attachment":[{"href":"https:\/\/rioholiday.com\/de\/wp-json\/wp\/v2\/media?parent=3121"}],"curies":[{"name":"wp","href":"https:\/\/api.w.org\/{rel}","templated":true}]}}