{"id":3146,"date":"2025-11-02T04:41:04","date_gmt":"2025-11-02T04:41:04","guid":{"rendered":"https:\/\/rioholiday.com\/datenschutzrichtlinie-von-rio-holiday\/"},"modified":"2025-12-09T05:33:44","modified_gmt":"2025-12-09T05:33:44","slug":"datenschutzrichtlinie-von-rio-holiday","status":"publish","type":"page","link":"https:\/\/rioholiday.com\/de\/datenschutzrichtlinie-von-rio-holiday\/","title":{"rendered":"Datenschutzrichtlinie von Rio Holiday"},"content":{"rendered":"\t\t<div data-elementor-type=\"wp-page\" data-elementor-id=\"3146\" class=\"elementor elementor-3146 elementor-1147\" data-elementor-post-type=\"page\">\n\t\t\t\t<div class=\"elementor-element elementor-element-b972504 e-flex e-con-boxed e-con e-parent\" data-id=\"b972504\" data-element_type=\"container\">\n\t\t\t\t\t<div class=\"e-con-inner\">\n\t\t\t\t<div class=\"elementor-element elementor-element-20ab85f elementor-widget elementor-widget-heading\" data-id=\"20ab85f\" data-element_type=\"widget\" data-widget_type=\"heading.default\">\n\t\t\t\t\t<h2 class=\"elementor-heading-title elementor-size-default\">Datenschutzrichtlinie von Rio Holiday<\/h2>\t\t\t\t<\/div>\n\t\t\t\t\t<\/div>\n\t\t\t\t<\/div>\n\t\t<div class=\"elementor-element elementor-element-7a42c5e e-flex e-con-boxed e-con e-parent\" data-id=\"7a42c5e\" data-element_type=\"container\">\n\t\t\t\t\t<div class=\"e-con-inner\">\n\t\t\t\t<div class=\"elementor-element elementor-element-06d31e1 elementor-widget elementor-widget-text-editor\" data-id=\"06d31e1\" data-element_type=\"widget\" data-widget_type=\"text-editor.default\">\n\t\t\t\t\t\t\t\t\t<h2 id=\"h-who-we-are\" class=\"wp-block-heading\">Wer wir sind<\/h2>\n<p>Rio Holiday ist eine Gesellschaft mit beschr\u00e4nkter Haftung (LLC) mit Sitz in San Antonio, Texas, USA. Unsere Website-Adresse lautet: https:\/\/www.RioHoliday.com <\/p>\n<p><span \n                data-original-string='Anom0nf+3Xog7Q3hWghEcA==1dety\/NnhdNbwKMtNcu9TxUQBaSgxBqhlmQ5i88zSZtna4='\n                class='apbct-email-encoder'\n                title='Dieser Kontakt wurde von Anti-Spam by CleanTalk verschl\u00fcsselt. Klicken Sie hier, um ihn zu entschl\u00fcsseln. Um die Entschl\u00fcsselung abzuschlie\u00dfen, stellen Sie sicher, dass JavaScript in Ihrem Browser aktiviert ist.'>pr<span class=\"apbct-blur\">*****<\/span>@<span class=\"apbct-blur\">********<\/span>ay.com<\/span><br> <span \n                data-original-string='kFg+GSJEK+Jzc6g5ywFD7g==1dese4+\/VxFPJCMjwsDRNpaEkKeoZMtu+SL3n5H0Fgl4PI='\n                class='apbct-email-encoder'\n                title='Dieser Kontakt wurde von Anti-Spam by CleanTalk verschl\u00fcsselt. Klicken Sie hier, um ihn zu entschl\u00fcsseln. Um die Entschl\u00fcsselung abzuschlie\u00dfen, stellen Sie sicher, dass JavaScript in Ihrem Browser aktiviert ist.'>sa<span class=\"apbct-blur\">*****<\/span>@<span class=\"apbct-blur\">********<\/span>ay.com<\/span><br> US-Vertriebsb\u00fcro +1+210-878-6046<br> Unsere Vertriebsb\u00fcros befinden sich w\u00e4hrend der Standardzeit in der Zeitzone UTC\/GMT-6.<\/p>\n<p>Hotel in Brasilien +55 21 99689-9989<br> Brasilianisches Vertriebsb\u00fcro in Portugiesisch oder Englisch<br> Rio liegt in der Zeitzone <span style=\"font-size: 1rem;\">UTC\/GMT-3<\/span><\/p>\n<p>Rio Holiday LLC<br> 9901 IH 10 West, Suite 800<br> San Antonio, Texas 78230<\/p>\n<h2 id=\"h-what-personal-data-we-collect-and-why-we-collect-it\" class=\"wp-block-heading\">Welche personenbezogenen Daten wir erheben und warum wir sie erheben<\/h2>\n<h3 id=\"h-comments\" class=\"wp-block-heading\">Kommentare<\/h3>\n<p>Wenn Besucher Kommentare auf der Website hinterlassen, erfassen wir die im Kommentarformular angezeigten Daten sowie die IP-Adresse und den Browser-User-Agent-String des Besuchers, um die Spam-Erkennung zu unterst\u00fctzen.<\/p>\n<p>Eine anonymisierte Zeichenfolge, die aus Ihrer E-Mail-Adresse erstellt wird (auch Hash genannt), kann an den Gravatar-Dienst \u00fcbermittelt werden, um zu pr\u00fcfen, ob Sie diesen nutzen. Die Datenschutzrichtlinie von Gravatar finden Sie hier: https:\/\/automattic.com\/privacy\/. Nach Freigabe Ihres Kommentars ist Ihr Profilbild im Kontext Ihres Kommentars \u00f6ffentlich sichtbar. <\/p>\n<h3 id=\"h-media\" class=\"wp-block-heading\">Medien<\/h3>\n<p>Wenn Sie Bilder auf die Website hochladen, sollten Sie darauf achten, keine Bilder mit eingebetteten Standortdaten (EXIF-GPS) hochzuladen. Besucher der Website k\u00f6nnen diese Standortdaten aus den Bildern extrahieren. <\/p>\n<h3 id=\"h-booking-form-s\" class=\"wp-block-heading\"><strong>Buchungsformulare<\/strong><\/h3>\n<p>Wir erfragen auf unserem Buchungsformular Informationen vom Nutzer. Dieser muss Kontaktdaten (wie Name, E-Mail-Adresse und Wohnort) angeben und kann auch Zahlungsinformationen (wie Kreditkartennummer und Ablaufdatum) \u00fcbermitteln. Diese Informationen werden zur Abrechnung und zur Bearbeitung der Kundenbestellung verwendet. Sollten Probleme bei der Bearbeitung einer Bestellung auftreten, nutzen wir die Informationen, um den Nutzer zu kontaktieren.   <\/p>\n<p>Wir wissen, dass unseren Kunden die Sicherheit ihrer Kreditkartendaten wichtig ist. Deshalb nutzen wir zwei der weltweit gr\u00f6\u00dften Zahlungsdienstleister \u2013 PayPal und Stripe. &nbsp;  Wenn Sie sich f\u00fcr die Nutzung eines dieser Konten entscheiden, werden Ihre pers\u00f6nlichen Kreditkarteninformationen nicht an uns weitergegeben.&nbsp;  Wir speichern Ihre Kontoinformationen, um Ihnen gegebenenfalls Rechnungen stellen zu k\u00f6nnen. Sollten wir aus irgendeinem Grund Ihre pers\u00f6nlichen Finanzdaten erhalten, bewahren wir diese bis zu 60 Tage nach Ihrem Aufenthalt in Brasilien auf. Anschlie\u00dfend werden die Daten gel\u00f6scht.  <\/p>\n<p>Wir speichern die Informationen aus unseren Buchungsformularen, um Ihnen den bestm\u00f6glichen Kundenservice zu bieten. Diese Informationen helfen uns au\u00dferdem, die Bed\u00fcrfnisse unserer Kunden besser zu verstehen und werden anonymisiert f\u00fcr Marketing- und Produktplanungszwecke zusammengef\u00fchrt. Wir geben Ihre pers\u00f6nlichen Daten nicht an Dritte au\u00dferhalb unseres Unternehmens weiter.  <\/p>\n<h3 id=\"h-cookies\" class=\"wp-block-heading\">Cookies<\/h3>\n<p>Wenn Sie einen Kommentar auf unserer Website hinterlassen, k\u00f6nnen Sie optional Ihren Namen, Ihre E-Mail-Adresse und Ihre Website-Adresse in Cookies speichern lassen. Dies dient Ihrem Komfort, damit Sie Ihre Daten nicht erneut eingeben m\u00fcssen, wenn Sie einen weiteren Kommentar hinterlassen. Diese Cookies sind ein Jahr lang g\u00fcltig.  <\/p>\n<p>Wenn Sie unsere Anmeldeseite besuchen, setzen wir ein tempor\u00e4res Cookie, um festzustellen, ob Ihr Browser Cookies akzeptiert. Dieses Cookie enth\u00e4lt keine personenbezogenen Daten und wird beim Schlie\u00dfen des Browsers gel\u00f6scht. <\/p>\n<p>Wenn Sie sich anmelden, speichern wir mehrere Cookies, um Ihre Anmeldeinformationen und Ihre Bildschirmeinstellungen zu sichern. Anmelde-Cookies sind zwei Tage g\u00fcltig, Cookies f\u00fcr Bildschirmeinstellungen ein Jahr. Wenn Sie \u201eAngemeldet bleiben\u201c ausw\u00e4hlen, bleiben Sie zwei Wochen lang angemeldet. Wenn Sie sich abmelden, werden die Anmelde-Cookies gel\u00f6scht.   <\/p>\n<p>Wenn Sie einen Artikel bearbeiten oder ver\u00f6ffentlichen, wird ein zus\u00e4tzlicher Cookie in Ihrem Browser gespeichert. Dieser Cookie enth\u00e4lt keine personenbezogenen Daten und speichert lediglich die Beitrags-ID des bearbeiteten Artikels. Er l\u00e4uft nach einem Tag ab.  <\/p>\n<h3 id=\"h-embedded-content-from-other-websites\" class=\"wp-block-heading\">Eingebettete Inhalte von anderen Websites<\/h3>\n<p>Artikel auf dieser Website k\u00f6nnen eingebettete Inhalte (z. B. Videos, Bilder, Artikel usw.) enthalten. Eingebettete Inhalte von anderen Websites verhalten sich genauso, als ob der Besucher die andere Website besucht h\u00e4tte. <\/p>\n<p>Diese Websites k\u00f6nnen Daten \u00fcber Sie sammeln, Cookies verwenden, zus\u00e4tzliche Tracking-Technologien von Drittanbietern einbetten und Ihre Interaktion mit diesen eingebetteten Inhalten \u00fcberwachen, einschlie\u00dflich der Verfolgung Ihrer Interaktion mit den eingebetteten Inhalten, wenn Sie ein Konto besitzen und auf dieser Website angemeldet sind.<\/p>\n<h3 id=\"h-analytics\" class=\"wp-block-heading\">Analysen<\/h3>\n<p>Wir setzen verschiedene Analysesoftware-Technologien ein, die uns dabei helfen, die Inhalte unserer Website besser zu verwalten, indem sie uns dar\u00fcber informieren, welche Inhalte effektiv sind. Diese Informationen werden nicht zusammen mit personenbezogenen Daten der Nutzer gespeichert. <\/p>\n<p>Wie die meisten Webserver verwenden auch wir Logdateien. Diese enthalten IP-Adressen, Browsertyp, Internetdienstanbieter (ISP), Herkunfts- und Zielseiten, Plattformtyp, Datum\/Uhrzeit und die Anzahl der Klicks. Diese Daten dienen der Analyse von Trends, der Administration der Website, der Nachverfolgung der Nutzeraktivit\u00e4ten und der Erfassung allgemeiner demografischer Informationen. IP-Adressen usw. werden nicht mit personenbezogenen Daten verkn\u00fcpft.  <\/p>\n<div class=\"wp-block-getwid-advanced-heading\">\n<h3 class=\"wp-block-getwid-advanced-heading__content\">Empfehlungen<\/h3>\n<\/div>\n<p>Wenn ein Nutzer unseren Empfehlungsdienst nutzt, um einen Freund \u00fcber unsere Website zu informieren, fragen wir ihn nach dem Namen und der E-Mail-Adresse des Freundes. Rio Holiday sendet dem Freund automatisch eine einmalige E-Mail mit einer Einladung zum Besuch unserer Website. Rio Holiday speichert diese Informationen ausschlie\u00dflich zum Zweck des Versands dieser einmaligen E-Mail und zur Erfolgsmessung unseres Empfehlungsprogramms. Der Freund kann Rio Holiday kontaktieren unter:   &nbsp;Bitte wenden Sie sich <a href=\"mailto:pr*****@********ay.com\" data-original-string=\"DhxD5FJ3kvBFMBqGDEesxg==1deUkVkz+Sx1nJ7gvRRIue1wiQfVDNnb7t4L0iSHkb8ILA=\" title=\"Dieser Kontakt wurde von Anti-Spam by CleanTalk verschl\u00fcsselt. Klicken Sie hier, um ihn zu entschl\u00fcsseln. Um die Entschl\u00fcsselung abzuschlie\u00dfen, stellen Sie sicher, dass JavaScript in Ihrem Browser aktiviert ist.\">an <span \n                data-original-string='kbaTR8Mf8WOp7gwO6IviDA==1detQ9QtoRA\/f4S\/deixzqheRk7W1y9RIYE6dpFzRBBm2U='\n                class='apbct-email-encoder'\n                title='Dieser Kontakt wurde von Anti-Spam by CleanTalk verschl\u00fcsselt. Klicken Sie hier, um ihn zu entschl\u00fcsseln. Um die Entschl\u00fcsselung abzuschlie\u00dfen, stellen Sie sicher, dass JavaScript in Ihrem Browser aktiviert ist.'>pr<span class=\"apbct-blur\">*****<\/span>@<span class=\"apbct-blur\">********<\/span>ay.com<\/span><\/a> , um die Entfernung dieser Informationen aus unserer Datenbank zu beantragen.<\/p>\n<h2 id=\"h-additional-information\" class=\"wp-block-heading\">Weitere Informationen<\/h2>\n<h3 id=\"h-who-we-share-your-data-with\" class=\"wp-block-heading\">An wen wir Ihre Daten weitergeben<\/h3>\n<p>Wenn Sie sich bez\u00fcglich eines Aufenthalts mit uns in Verbindung setzen, beispielsweise um die Verf\u00fcgbarkeit zu erfragen, ohne tats\u00e4chlich bei uns zu buchen, werden Ihre pers\u00f6nlichen Daten nicht an Dritte weitergegeben. Buchen Sie hingegen direkt \u00fcber unsere Website oder \u00fcber eine unserer Partner-Websites (wie Booking.com, Airbnb, HomeAway, Expedia usw.), k\u00f6nnen Ihre Daten an einen externen Zahlungsdienstleister weitergegeben werden. Dar\u00fcber hinaus werden Ihre Buchungsdaten an unsere brasilianischen Partner und verbundenen Unternehmen weitergegeben, um Ihnen einen optimalen Service bieten zu k\u00f6nnen.  <\/p>\n<p>Besucherkommentare k\u00f6nnen durch einen automatisierten Spam-Erkennungsdienst \u00fcberpr\u00fcft werden.<\/p>\n<h3 id=\"h-how-long-we-retain-your-data\" class=\"wp-block-heading\">Wie lange wir Ihre Daten speichern<\/h3>\n<p>Wenn Sie einen Kommentar hinterlassen, werden dieser und seine Metadaten dauerhaft gespeichert. So k\u00f6nnen wir Folgekommentare automatisch erkennen und freigeben, anstatt sie in einer Moderationswarteschlange zu speichern. <\/p>\n<p>F\u00fcr Nutzer, die sich auf unserer Website registrieren (sofern vorhanden), speichern wir die von ihnen angegebenen pers\u00f6nlichen Daten in ihrem Nutzerprofil. Alle Nutzer k\u00f6nnen ihre pers\u00f6nlichen Daten jederzeit einsehen, bearbeiten oder l\u00f6schen (mit Ausnahme des Benutzernamens). Website-Administratoren k\u00f6nnen diese Daten ebenfalls einsehen und bearbeiten.  <\/p>\n<h3 id=\"h-what-rights-you-have-over-your-data\" class=\"wp-block-heading\">Welche Rechte Sie an Ihren Daten haben<\/h3>\n<p>Wenn Sie ein Konto auf dieser Website haben oder Kommentare hinterlassen haben, k\u00f6nnen Sie eine exportierte Datei mit Ihren bei uns gespeicherten personenbezogenen Daten anfordern, einschlie\u00dflich aller Daten, die Sie uns bereitgestellt haben. Sie k\u00f6nnen auch die L\u00f6schung Ihrer bei uns gespeicherten personenbezogenen Daten beantragen. Dies gilt nicht f\u00fcr Daten, die wir aus administrativen, rechtlichen oder Sicherheitsgr\u00fcnden aufbewahren m\u00fcssen.  <\/p>\n<h3 id=\"h-how-we-protect-your-data\" class=\"wp-block-heading\">Wie wir Ihre Daten sch\u00fctzen<\/h3>\n<p>Diese Website trifft alle Vorkehrungen, um die Daten unserer Nutzer zu sch\u00fctzen. Wenn Nutzer sensible Daten \u00fcber die Website \u00fcbermitteln, sind diese sowohl online als auch offline gesch\u00fctzt. <\/p>\n<p>Wenn unser Buchungsformular Nutzer zur Eingabe sensibler Daten (wie Kreditkartennummer und\/oder Sozialversicherungsnummer) auffordert, werden diese Daten verschl\u00fcsselt und per SSL gesch\u00fctzt. Wir unternehmen auch offline alles, um Nutzerdaten zu sch\u00fctzen. S\u00e4mtliche Nutzerdaten, nicht nur die oben genannten sensiblen Daten, sind in unseren B\u00fcros gesch\u00fctzt. Nur Mitarbeiter, die die Daten f\u00fcr die Erf\u00fcllung ihrer Aufgaben ben\u00f6tigen (z. B. unsere Buchhaltung oder der Kundenservice), erhalten Zugriff auf personenbezogene Daten.   <\/p>\n<h3 id=\"h-industry-regulatory-disclosure-requirements\" class=\"wp-block-heading\">Branchenspezifische Offenlegungspflichten<\/h3>\n<p>Beim Einchecken im Rio Holiday Hotel werden Sie gebeten, sich mit Ihrem Reisepass und Ihrer Meldebescheinigung auszuweisen. Wir speichern diese Informationen gem\u00e4\u00df brasilianischem Recht, geben sie jedoch zu keinem Zweck an Dritte weiter. <\/p>\t\t\t\t\t\t\t\t<\/div>\n\t\t\t\t\t<\/div>\n\t\t\t\t<\/div>\n\t\t\t\t<\/div>\n\t\t","protected":false},"excerpt":{"rendered":"<p>Datenschutzrichtlinie von Rio Holiday Wer wir sind Rio Holiday ist eine Gesellschaft mit beschr\u00e4nkter Haftung (LLC) mit Sitz in San [&hellip;]<\/p>\n","protected":false},"author":1,"featured_media":0,"parent":0,"menu_order":0,"comment_status":"closed","ping_status":"closed","template":"","meta":{"site-sidebar-layout":"no-sidebar","site-content-layout":"","ast-site-content-layout":"full-width-container","site-content-style":"default","site-sidebar-style":"default","ast-global-header-display":"","ast-banner-title-visibility":"","ast-main-header-display":"","ast-hfb-above-header-display":"","ast-hfb-below-header-display":"","ast-hfb-mobile-header-display":"","site-post-title":"disabled","ast-breadcrumbs-content":"","ast-featured-img":"disabled","footer-sml-layout":"","ast-disable-related-posts":"","theme-transparent-header-meta":"","adv-header-id-meta":"","stick-header-meta":"","header-above-stick-meta":"","header-main-stick-meta":"","header-below-stick-meta":"","astra-migrate-meta-layouts":"default","ast-page-background-enabled":"default","ast-page-background-meta":{"desktop":{"background-color":"var(--ast-global-color-5)","background-image":"","background-repeat":"repeat","background-position":"center center","background-size":"auto","background-attachment":"scroll","background-type":"","background-media":"","overlay-type":"","overlay-color":"","overlay-opacity":"","overlay-gradient":""},"tablet":{"background-color":"","background-image":"","background-repeat":"repeat","background-position":"center center","background-size":"auto","background-attachment":"scroll","background-type":"","background-media":"","overlay-type":"","overlay-color":"","overlay-opacity":"","overlay-gradient":""},"mobile":{"background-color":"","background-image":"","background-repeat":"repeat","background-position":"center center","background-size":"auto","background-attachment":"scroll","background-type":"","background-media":"","overlay-type":"","overlay-color":"","overlay-opacity":"","overlay-gradient":""}},"ast-content-background-meta":{"desktop":{"background-color":"var(--ast-global-color-4)","background-image":"","background-repeat":"repeat","background-position":"center center","background-size":"auto","background-attachment":"scroll","background-type":"","background-media":"","overlay-type":"","overlay-color":"","overlay-opacity":"","overlay-gradient":""},"tablet":{"background-color":"var(--ast-global-color-4)","background-image":"","background-repeat":"repeat","background-position":"center center","background-size":"auto","background-attachment":"scroll","background-type":"","background-media":"","overlay-type":"","overlay-color":"","overlay-opacity":"","overlay-gradient":""},"mobile":{"background-color":"var(--ast-global-color-4)","background-image":"","background-repeat":"repeat","background-position":"center center","background-size":"auto","background-attachment":"scroll","background-type":"","background-media":"","overlay-type":"","overlay-color":"","overlay-opacity":"","overlay-gradient":""}},"footnotes":""},"class_list":["post-3146","page","type-page","status-publish","hentry"],"yoast_head":"<!-- This site is optimized with the Yoast SEO Premium plugin v26.6 (Yoast SEO v26.6) - https:\/\/yoast.com\/wordpress\/plugins\/seo\/ -->\n<title>Datenschutzrichtlinie von Rio Holiday - Rio Holiday Boutique Hotel<\/title>\n<meta name=\"robots\" content=\"noindex, follow\" \/>\n<meta property=\"og:locale\" content=\"de_DE\" \/>\n<meta property=\"og:type\" content=\"article\" \/>\n<meta property=\"og:title\" content=\"Datenschutzrichtlinie von Rio Holiday\" \/>\n<meta property=\"og:description\" content=\"Datenschutzrichtlinie von Rio Holiday Wer wir sind Rio Holiday ist eine Gesellschaft mit beschr\u00e4nkter Haftung (LLC) mit Sitz in San [&hellip;]\" \/>\n<meta property=\"og:url\" content=\"https:\/\/rioholiday.com\/de\/datenschutzrichtlinie-von-rio-holiday\/\" \/>\n<meta property=\"og:site_name\" content=\"Rio Holiday Boutique Hotel\" \/>\n<meta property=\"article:modified_time\" content=\"2025-12-09T05:33:44+00:00\" \/>\n<meta name=\"twitter:card\" content=\"summary_large_image\" \/>\n<meta name=\"twitter:label1\" content=\"Gesch\u00e4tzte Lesezeit\" \/>\n\t<meta name=\"twitter:data1\" content=\"6\u00a0Minuten\" \/>\n<script type=\"application\/ld+json\" class=\"yoast-schema-graph\">{\"@context\":\"https:\/\/schema.org\",\"@graph\":[{\"@type\":\"WebPage\",\"@id\":\"https:\/\/rioholiday.com\/de\/datenschutzrichtlinie-von-rio-holiday\/\",\"url\":\"https:\/\/rioholiday.com\/de\/datenschutzrichtlinie-von-rio-holiday\/\",\"name\":\"Datenschutzrichtlinie von Rio Holiday - Rio Holiday Boutique Hotel\",\"isPartOf\":{\"@id\":\"https:\/\/rioholiday.com\/de\/#website\"},\"datePublished\":\"2025-11-02T04:41:04+00:00\",\"dateModified\":\"2025-12-09T05:33:44+00:00\",\"breadcrumb\":{\"@id\":\"https:\/\/rioholiday.com\/de\/datenschutzrichtlinie-von-rio-holiday\/#breadcrumb\"},\"inLanguage\":\"de\",\"potentialAction\":[{\"@type\":\"ReadAction\",\"target\":[\"https:\/\/rioholiday.com\/de\/datenschutzrichtlinie-von-rio-holiday\/\"]}]},{\"@type\":\"BreadcrumbList\",\"@id\":\"https:\/\/rioholiday.com\/de\/datenschutzrichtlinie-von-rio-holiday\/#breadcrumb\",\"itemListElement\":[{\"@type\":\"ListItem\",\"position\":1,\"name\":\"Home\",\"item\":\"https:\/\/rioholiday.com\/de\/rio-holiday-boutique-hotel\/\"},{\"@type\":\"ListItem\",\"position\":2,\"name\":\"Datenschutzrichtlinie von Rio Holiday\"}]},{\"@type\":\"WebSite\",\"@id\":\"https:\/\/rioholiday.com\/de\/#website\",\"url\":\"https:\/\/rioholiday.com\/de\/\",\"name\":\"Rio Holiday Boutique Hotel\",\"description\":\"\",\"publisher\":{\"@id\":\"https:\/\/rioholiday.com\/de\/#organization\"},\"potentialAction\":[{\"@type\":\"SearchAction\",\"target\":{\"@type\":\"EntryPoint\",\"urlTemplate\":\"https:\/\/rioholiday.com\/de\/?s={search_term_string}\"},\"query-input\":{\"@type\":\"PropertyValueSpecification\",\"valueRequired\":true,\"valueName\":\"search_term_string\"}}],\"inLanguage\":\"de\"},{\"@type\":\"Organization\",\"@id\":\"https:\/\/rioholiday.com\/de\/#organization\",\"name\":\"Rio Holiday Boutique Hotel\",\"url\":\"https:\/\/rioholiday.com\/de\/\",\"logo\":{\"@type\":\"ImageObject\",\"inLanguage\":\"de\",\"@id\":\"https:\/\/rioholiday.com\/de\/#\/schema\/logo\/image\/\",\"url\":\"https:\/\/rioholiday.com\/wp-content\/uploads\/2025\/10\/RIO-HOLIDAY-Logo-100x59-1.jpg\",\"contentUrl\":\"https:\/\/rioholiday.com\/wp-content\/uploads\/2025\/10\/RIO-HOLIDAY-Logo-100x59-1.jpg\",\"width\":100,\"height\":59,\"caption\":\"Rio Holiday Boutique Hotel\"},\"image\":{\"@id\":\"https:\/\/rioholiday.com\/de\/#\/schema\/logo\/image\/\"},\"sameAs\":[\"https:\/\/www.instagram.com\/rioholidayhotel\/\"]}]}<\/script>\n<!-- \/ Yoast SEO Premium plugin. -->","yoast_head_json":{"title":"Datenschutzrichtlinie von Rio Holiday - Rio Holiday Boutique Hotel","robots":{"index":"noindex","follow":"follow"},"og_locale":"de_DE","og_type":"article","og_title":"Datenschutzrichtlinie von Rio Holiday","og_description":"Datenschutzrichtlinie von Rio Holiday Wer wir sind Rio Holiday ist eine Gesellschaft mit beschr\u00e4nkter Haftung (LLC) mit Sitz in San [&hellip;]","og_url":"https:\/\/rioholiday.com\/de\/datenschutzrichtlinie-von-rio-holiday\/","og_site_name":"Rio Holiday Boutique Hotel","article_modified_time":"2025-12-09T05:33:44+00:00","twitter_card":"summary_large_image","twitter_misc":{"Gesch\u00e4tzte Lesezeit":"6\u00a0Minuten"},"schema":{"@context":"https:\/\/schema.org","@graph":[{"@type":"WebPage","@id":"https:\/\/rioholiday.com\/de\/datenschutzrichtlinie-von-rio-holiday\/","url":"https:\/\/rioholiday.com\/de\/datenschutzrichtlinie-von-rio-holiday\/","name":"Datenschutzrichtlinie von Rio Holiday - Rio Holiday Boutique Hotel","isPartOf":{"@id":"https:\/\/rioholiday.com\/de\/#website"},"datePublished":"2025-11-02T04:41:04+00:00","dateModified":"2025-12-09T05:33:44+00:00","breadcrumb":{"@id":"https:\/\/rioholiday.com\/de\/datenschutzrichtlinie-von-rio-holiday\/#breadcrumb"},"inLanguage":"de","potentialAction":[{"@type":"ReadAction","target":["https:\/\/rioholiday.com\/de\/datenschutzrichtlinie-von-rio-holiday\/"]}]},{"@type":"BreadcrumbList","@id":"https:\/\/rioholiday.com\/de\/datenschutzrichtlinie-von-rio-holiday\/#breadcrumb","itemListElement":[{"@type":"ListItem","position":1,"name":"Home","item":"https:\/\/rioholiday.com\/de\/rio-holiday-boutique-hotel\/"},{"@type":"ListItem","position":2,"name":"Datenschutzrichtlinie von Rio Holiday"}]},{"@type":"WebSite","@id":"https:\/\/rioholiday.com\/de\/#website","url":"https:\/\/rioholiday.com\/de\/","name":"Rio Holiday Boutique Hotel","description":"","publisher":{"@id":"https:\/\/rioholiday.com\/de\/#organization"},"potentialAction":[{"@type":"SearchAction","target":{"@type":"EntryPoint","urlTemplate":"https:\/\/rioholiday.com\/de\/?s={search_term_string}"},"query-input":{"@type":"PropertyValueSpecification","valueRequired":true,"valueName":"search_term_string"}}],"inLanguage":"de"},{"@type":"Organization","@id":"https:\/\/rioholiday.com\/de\/#organization","name":"Rio Holiday Boutique Hotel","url":"https:\/\/rioholiday.com\/de\/","logo":{"@type":"ImageObject","inLanguage":"de","@id":"https:\/\/rioholiday.com\/de\/#\/schema\/logo\/image\/","url":"https:\/\/rioholiday.com\/wp-content\/uploads\/2025\/10\/RIO-HOLIDAY-Logo-100x59-1.jpg","contentUrl":"https:\/\/rioholiday.com\/wp-content\/uploads\/2025\/10\/RIO-HOLIDAY-Logo-100x59-1.jpg","width":100,"height":59,"caption":"Rio Holiday Boutique Hotel"},"image":{"@id":"https:\/\/rioholiday.com\/de\/#\/schema\/logo\/image\/"},"sameAs":["https:\/\/www.instagram.com\/rioholidayhotel\/"]}]}},"_links":{"self":[{"href":"https:\/\/rioholiday.com\/de\/wp-json\/wp\/v2\/pages\/3146","targetHints":{"allow":["GET"]}}],"collection":[{"href":"https:\/\/rioholiday.com\/de\/wp-json\/wp\/v2\/pages"}],"about":[{"href":"https:\/\/rioholiday.com\/de\/wp-json\/wp\/v2\/types\/page"}],"author":[{"embeddable":true,"href":"https:\/\/rioholiday.com\/de\/wp-json\/wp\/v2\/users\/1"}],"replies":[{"embeddable":true,"href":"https:\/\/rioholiday.com\/de\/wp-json\/wp\/v2\/comments?post=3146"}],"version-history":[{"count":0,"href":"https:\/\/rioholiday.com\/de\/wp-json\/wp\/v2\/pages\/3146\/revisions"}],"wp:attachment":[{"href":"https:\/\/rioholiday.com\/de\/wp-json\/wp\/v2\/media?parent=3146"}],"curies":[{"name":"wp","href":"https:\/\/api.w.org\/{rel}","templated":true}]}}