{"id":3135,"date":"2025-11-02T04:41:04","date_gmt":"2025-11-02T04:41:04","guid":{"rendered":"https:\/\/rioholiday.com\/politica-de-privacidad-de-rio-holiday\/"},"modified":"2025-12-09T05:33:28","modified_gmt":"2025-12-09T05:33:28","slug":"politica-de-privacidad-de-rio-holiday","status":"publish","type":"page","link":"https:\/\/rioholiday.com\/es\/politica-de-privacidad-de-rio-holiday\/","title":{"rendered":"Pol\u00edtica de privacidad de Rio Holiday"},"content":{"rendered":"\t\t<div data-elementor-type=\"wp-page\" data-elementor-id=\"3135\" class=\"elementor elementor-3135 elementor-1147\" data-elementor-post-type=\"page\">\n\t\t\t\t<div class=\"elementor-element elementor-element-b972504 e-flex e-con-boxed e-con e-parent\" data-id=\"b972504\" data-element_type=\"container\">\n\t\t\t\t\t<div class=\"e-con-inner\">\n\t\t\t\t<div class=\"elementor-element elementor-element-20ab85f elementor-widget elementor-widget-heading\" data-id=\"20ab85f\" data-element_type=\"widget\" data-widget_type=\"heading.default\">\n\t\t\t\t\t<h2 class=\"elementor-heading-title elementor-size-default\">Pol\u00edtica de privacidad de Rio Holiday<\/h2>\t\t\t\t<\/div>\n\t\t\t\t\t<\/div>\n\t\t\t\t<\/div>\n\t\t<div class=\"elementor-element elementor-element-7a42c5e e-flex e-con-boxed e-con e-parent\" data-id=\"7a42c5e\" data-element_type=\"container\">\n\t\t\t\t\t<div class=\"e-con-inner\">\n\t\t\t\t<div class=\"elementor-element elementor-element-06d31e1 elementor-widget elementor-widget-text-editor\" data-id=\"06d31e1\" data-element_type=\"widget\" data-widget_type=\"text-editor.default\">\n\t\t\t\t\t\t\t\t\t<h2 id=\"h-who-we-are\" class=\"wp-block-heading\">Qui\u00e9nes somos<\/h2>\n<p>Rio Holiday es una sociedad de responsabilidad limitada de Texas, ubicada en San Antonio, Texas, Estados Unidos de Am\u00e9rica. Nuestra direcci\u00f3n web es: https:\/\/www.RioHoliday.com <\/p>\n<p><span \n                data-original-string='orbbVrMU+3T1HSkaNMZdeg==1de48hOaUMgexnEqaxi9bE1aXfHtUXbo0QW20Talrdgjxk='\n                class='apbct-email-encoder'\n                title='Este contacto ha sido codificado por Anti-Spam by CleanTalk. Haz clic para decodificar. Para finalizar la decodificaci\u00f3n, aseg\u00farate de que JavaScript est\u00e1 activado en tu navegador.'>pr<span class=\"apbct-blur\">********<\/span>@<span class=\"apbct-blur\">********<\/span>ay.com<\/span><br> <span \n                data-original-string='XyCc4p+VQg1f6eN9ycQo4Q==1denEUARSUi1aWJ\/jomWt+42iBo+oM455xe1rhx6Wv1icU='\n                class='apbct-email-encoder'\n                title='Este contacto ha sido codificado por Anti-Spam by CleanTalk. Haz clic para decodificar. Para finalizar la decodificaci\u00f3n, aseg\u00farate de que JavaScript est\u00e1 activado en tu navegador.'>ve<span class=\"apbct-blur\">******<\/span>@<span class=\"apbct-blur\">********<\/span>ay.com<\/span><br> Oficina de ventas en EE. UU. +1 210-878-6046<br> Nuestras oficinas de ventas se encuentran en la zona horaria UTC\/GMT-6 durante el horario est\u00e1ndar.<\/p>\n<p>Hotel en Brasil +55 21 99689-9989<br> Oficina de ventas en Brasil en portugu\u00e9s o ingl\u00e9s<br> R\u00edo est\u00e1 en la zona horaria <span style=\"font-size: 1rem;\">UTC\/GMT-3<\/span><\/p>\n<p>Rio Holiday LLC<br> 9901 IH 10 Oeste, Suite 800<br> San Antonio, Texas 78230<\/p>\n<h2 id=\"h-what-personal-data-we-collect-and-why-we-collect-it\" class=\"wp-block-heading\">\u00bfQu\u00e9 datos personales recopilamos y por qu\u00e9 los recopilamos?<\/h2>\n<h3 id=\"h-comments\" class=\"wp-block-heading\">Comentarios<\/h3>\n<p>Cuando los visitantes dejan comentarios en el sitio, recopilamos los datos que se muestran en el formulario de comentarios, as\u00ed como la direcci\u00f3n IP del visitante y la cadena del agente de usuario del navegador para ayudar a detectar el spam.<\/p>\n<p>Es posible que se proporcione a Gravatar una cadena an\u00f3nima creada a partir de tu direcci\u00f3n de correo electr\u00f3nico (tambi\u00e9n llamada hash) para comprobar si la utilizas. Puedes consultar la pol\u00edtica de privacidad de Gravatar aqu\u00ed: https:\/\/automattic.com\/privacy\/. Tras la aprobaci\u00f3n de tu comentario, tu foto de perfil ser\u00e1 visible p\u00fablicamente junto a \u00e9l. <\/p>\n<h3 id=\"h-media\" class=\"wp-block-heading\">Medios de comunicaci\u00f3n<\/h3>\n<p>Si subes im\u00e1genes al sitio web, evita subir im\u00e1genes con datos de ubicaci\u00f3n incrustados (EXIF GPS). Los visitantes del sitio web pueden descargar y extraer cualquier dato de ubicaci\u00f3n de las im\u00e1genes. <\/p>\n<h3 id=\"h-booking-form-s\" class=\"wp-block-heading\"><strong>Formulario de reserva<\/strong><\/h3>\n<p>Solicitamos informaci\u00f3n al usuario en nuestro formulario de reserva. El usuario debe proporcionar informaci\u00f3n de contacto (como nombre, correo electr\u00f3nico y lugar de residencia) y tambi\u00e9n puede proporcionar informaci\u00f3n financiera (como n\u00famero de tarjeta de cr\u00e9dito y fecha de vencimiento). Esta informaci\u00f3n se utiliza para la facturaci\u00f3n y para procesar los pedidos de los clientes. Si tenemos alg\u00fan problema para procesar un pedido, utilizaremos la informaci\u00f3n para contactar al usuario.   <\/p>\n<p>Sabemos que a nuestros clientes les preocupa la seguridad de sus tarjetas de cr\u00e9dito. Por eso, utilizamos dos de las mayores agencias de transferencia de fondos del mundo: PayPal y Stripe. &nbsp;  Si elige utilizar una de estas cuentas, no nos facilitar\u00e1 la informaci\u00f3n de su tarjeta de cr\u00e9dito personal.&nbsp;  Sin embargo, conservaremos la informaci\u00f3n de su cuenta para poder facturarle cuando sea necesario. Si obtenemos su informaci\u00f3n financiera personal por alg\u00fan motivo, podr\u00edamos conservarla hasta 60 d\u00edas despu\u00e9s de su estancia en Brasil. Transcurrido ese plazo, la informaci\u00f3n ser\u00e1 eliminada.  <\/p>\n<p>Almacenamos la informaci\u00f3n que recopilamos a trav\u00e9s de nuestros formularios de reservas para ofrecerle el mejor servicio posible. Esta informaci\u00f3n tambi\u00e9n nos ayuda a comprender mejor las necesidades de nuestros clientes y se agrega de forma an\u00f3nima para fines de marketing y planificaci\u00f3n de productos. No compartimos su informaci\u00f3n personal con terceros ajenos a nuestra organizaci\u00f3n.  <\/p>\n<h3 id=\"h-cookies\" class=\"wp-block-heading\">Galletas<\/h3>\n<p>Si dejas un comentario en nuestro sitio, puedes optar por guardar tu nombre, direcci\u00f3n de correo electr\u00f3nico y sitio web en cookies. Esto es para tu comodidad, para que no tengas que volver a introducir tus datos cuando dejes otro comentario. Estas cookies durar\u00e1n un a\u00f1o.  <\/p>\n<p>Si visita nuestra p\u00e1gina de inicio de sesi\u00f3n, crearemos una cookie temporal para determinar si su navegador acepta cookies. Esta cookie no contiene datos personales y se elimina al cerrar el navegador. <\/p>\n<p>Al iniciar sesi\u00f3n, tambi\u00e9n configuraremos varias cookies para guardar tu informaci\u00f3n de inicio de sesi\u00f3n y tus preferencias de visualizaci\u00f3n. Las cookies de inicio de sesi\u00f3n duran dos d\u00edas y las de preferencias de visualizaci\u00f3n, un a\u00f1o. Si seleccionas \u00abRecordarme\u00bb, tu sesi\u00f3n permanecer\u00e1 activa durante dos semanas. Al cerrar sesi\u00f3n, las cookies de inicio de sesi\u00f3n se eliminar\u00e1n.   <\/p>\n<p>Si editas o publicas un art\u00edculo, se guardar\u00e1 una cookie adicional en tu navegador. Esta cookie no contiene datos personales y simplemente indica el ID del art\u00edculo que acabas de editar. Caduca al cabo de un d\u00eda.  <\/p>\n<h3 id=\"h-embedded-content-from-other-websites\" class=\"wp-block-heading\">Contenido incrustado de otros sitios web<\/h3>\n<p>Los art\u00edculos de este sitio pueden incluir contenido incrustado (por ejemplo, v\u00eddeos, im\u00e1genes, art\u00edculos, etc.). El contenido incrustado de otros sitios web se comporta exactamente igual que si el visitante hubiera visitado dicho sitio web. <\/p>\n<p>Estos sitios web pueden recopilar datos sobre usted, utilizar cookies, incorporar seguimiento adicional de terceros y supervisar su interacci\u00f3n con ese contenido incorporado, incluyendo el seguimiento de su interacci\u00f3n con el contenido incorporado si tiene una cuenta y ha iniciado sesi\u00f3n en ese sitio web.<\/p>\n<h3 id=\"h-analytics\" class=\"wp-block-heading\">Anal\u00edtica<\/h3>\n<p>Utilizamos diversas tecnolog\u00edas de software anal\u00edtico que nos ayudan a gestionar mejor el contenido de nuestro sitio web, inform\u00e1ndonos sobre qu\u00e9 contenido es efectivo. Ninguna de estas informaciones se almacena junto con datos personales de los usuarios. <\/p>\n<p>Como la mayor\u00eda de los servidores web est\u00e1ndar, utilizamos archivos de registro. Estos incluyen direcciones IP, tipo de navegador, proveedor de servicios de internet (ISP), p\u00e1ginas de origen\/destino, tipo de plataforma, fecha y hora, y n\u00famero de clics para analizar tendencias, administrar el sitio, rastrear el movimiento de los usuarios de forma agregada y recopilar informaci\u00f3n demogr\u00e1fica general para su uso agregado. Las direcciones IP, etc., no est\u00e1n vinculadas a informaci\u00f3n personal identificable.  <\/p>\n<div class=\"wp-block-getwid-advanced-heading\">\n<h3 class=\"wp-block-getwid-advanced-heading__content\">Referencias<\/h3>\n<\/div>\n<p>Si un usuario decide utilizar nuestro servicio de recomendaciones para informar a un amigo sobre nuestro sitio web, le solicitamos el nombre y la direcci\u00f3n de correo electr\u00f3nico de dicho amigo. Rio Holiday le enviar\u00e1 autom\u00e1ticamente un correo electr\u00f3nico \u00fanico invit\u00e1ndolo a visitar el sitio. Rio Holiday almacena esta informaci\u00f3n con el \u00fanico fin de enviar este correo electr\u00f3nico y evaluar el \u00e9xito de nuestro programa de recomendaciones. El amigo puede contactar con Rio Holiday en   &nbsp;Para solicitar la eliminaci\u00f3n de esta informaci\u00f3n de nuestra base de datos, <a href=\"mailto:pr*****@********ay.com\" data-original-string=\"0kYFfNj6taWiDI+JNLQSpA==1deTwIglQpDyXuH1hxLYhPDClJQeJSntSdcRmeX5l0\/ksY=\" title=\"Este contacto ha sido codificado por Anti-Spam by CleanTalk. Haz clic para decodificar. Para finalizar la decodificaci\u00f3n, aseg\u00farate de que JavaScript est\u00e1 activado en tu navegador.\">env\u00ede un correo electr\u00f3nico a <span \n                data-original-string='2B2+wyJLoPMe9zh8hvyg6Q==1deYvf15YxXlJNnefnUxBxVoCF05HW2PCJCkUcusDvC4o8='\n                class='apbct-email-encoder'\n                title='Este contacto ha sido codificado por Anti-Spam by CleanTalk. Haz clic para decodificar. Para finalizar la decodificaci\u00f3n, aseg\u00farate de que JavaScript est\u00e1 activado en tu navegador.'>pr<span class=\"apbct-blur\">*****<\/span>@<span class=\"apbct-blur\">********<\/span>ay.com<\/span><\/a> .<\/p>\n<h2 id=\"h-additional-information\" class=\"wp-block-heading\">Informaci\u00f3n adicional<\/h2>\n<h3 id=\"h-who-we-share-your-data-with\" class=\"wp-block-heading\">Con qui\u00e9n compartimos tus datos<\/h3>\n<p>Si se comunica con nosotros para consultar sobre una estad\u00eda, incluso para verificar la disponibilidad, pero finalmente no realiza una reserva, su informaci\u00f3n personal no se comparte con nadie. Si reserva directamente con nosotros desde nuestro sitio web o a trav\u00e9s de uno de nuestros sitios web asociados (como Booking.com, Airbnb, HomeAway, Expedia, etc.), su informaci\u00f3n podr\u00eda compartirse con un procesador de pagos externo. Adem\u00e1s, compartimos la informaci\u00f3n de su reserva con nuestros socios y afiliados en Brasil para poder brindarle un servicio adecuado como hu\u00e9sped.  <\/p>\n<p>Los comentarios de los visitantes pueden ser revisados mediante un servicio automatizado de detecci\u00f3n de spam.<\/p>\n<h3 id=\"h-how-long-we-retain-your-data\" class=\"wp-block-heading\">\u00bfCu\u00e1nto tiempo conservamos sus datos?<\/h3>\n<p>Si dejas un comentario, este y sus metadatos se conservar\u00e1n indefinidamente. Esto nos permite reconocer y aprobar autom\u00e1ticamente los comentarios posteriores, en lugar de mantenerlos en una cola de moderaci\u00f3n. <\/p>\n<p>Para los usuarios que se registren en nuestro sitio web (si los hay), tambi\u00e9n almacenamos la informaci\u00f3n personal que proporcionan en su perfil de usuario. Todos los usuarios pueden ver, editar o eliminar su informaci\u00f3n personal en cualquier momento (excepto su nombre de usuario). Los administradores del sitio web tambi\u00e9n pueden ver y editar dicha informaci\u00f3n.  <\/p>\n<h3 id=\"h-what-rights-you-have-over-your-data\" class=\"wp-block-heading\">\u00bfQu\u00e9 derechos tienes sobre tus datos?<\/h3>\n<p>Si tiene una cuenta en este sitio o ha dejado comentarios, puede solicitar un archivo con sus datos personales, incluyendo cualquier informaci\u00f3n que nos haya proporcionado. Tambi\u00e9n puede solicitar que eliminemos sus datos personales. Esto no incluye los datos que estamos obligados a conservar por motivos administrativos, legales o de seguridad.  <\/p>\n<h3 id=\"h-how-we-protect-your-data\" class=\"wp-block-heading\">C\u00f3mo protegemos sus datos<\/h3>\n<p>Este sitio web adopta todas las precauciones para proteger la informaci\u00f3n de nuestros usuarios. Cuando los usuarios env\u00edan informaci\u00f3n confidencial a trav\u00e9s del sitio web, su informaci\u00f3n est\u00e1 protegida tanto en l\u00ednea como fuera de l\u00ednea. <\/p>\n<p>Cuando nuestro formulario de reservas solicita informaci\u00f3n confidencial (como el n\u00famero de tarjeta de cr\u00e9dito o el n\u00famero de la seguridad social), esta se cifra y se protege mediante SSL. Adem\u00e1s, nos esforzamos al m\u00e1ximo por proteger la informaci\u00f3n de los usuarios fuera de l\u00ednea. Toda la informaci\u00f3n de nuestros usuarios, no solo la confidencial mencionada anteriormente, est\u00e1 restringida en nuestras oficinas. Solo los empleados que necesitan la informaci\u00f3n para desempe\u00f1ar una funci\u00f3n espec\u00edfica (por ejemplo, nuestro personal de facturaci\u00f3n o un representante de atenci\u00f3n al cliente) tienen acceso a la informaci\u00f3n personal identificable.   <\/p>\n<h3 id=\"h-industry-regulatory-disclosure-requirements\" class=\"wp-block-heading\">Requisitos de divulgaci\u00f3n regulatoria de la industria<\/h3>\n<p>Al registrarse en el Rio Holiday Hotel, se le solicitar\u00e1 que presente su identificaci\u00f3n, incluyendo su pasaporte y comprobante de domicilio. Conservamos esta informaci\u00f3n de acuerdo con la legislaci\u00f3n brasile\u00f1a, pero no la compartimos con otras entidades bajo ninguna circunstancia. <\/p>\t\t\t\t\t\t\t\t<\/div>\n\t\t\t\t\t<\/div>\n\t\t\t\t<\/div>\n\t\t\t\t<\/div>\n\t\t","protected":false},"excerpt":{"rendered":"<p>Pol\u00edtica de privacidad de Rio Holiday Qui\u00e9nes somos Rio Holiday es una sociedad de responsabilidad limitada de Texas, ubicada en [&hellip;]<\/p>\n","protected":false},"author":1,"featured_media":0,"parent":0,"menu_order":0,"comment_status":"closed","ping_status":"closed","template":"","meta":{"site-sidebar-layout":"no-sidebar","site-content-layout":"","ast-site-content-layout":"full-width-container","site-content-style":"default","site-sidebar-style":"default","ast-global-header-display":"","ast-banner-title-visibility":"","ast-main-header-display":"","ast-hfb-above-header-display":"","ast-hfb-below-header-display":"","ast-hfb-mobile-header-display":"","site-post-title":"disabled","ast-breadcrumbs-content":"","ast-featured-img":"disabled","footer-sml-layout":"","ast-disable-related-posts":"","theme-transparent-header-meta":"","adv-header-id-meta":"","stick-header-meta":"","header-above-stick-meta":"","header-main-stick-meta":"","header-below-stick-meta":"","astra-migrate-meta-layouts":"default","ast-page-background-enabled":"default","ast-page-background-meta":{"desktop":{"background-color":"var(--ast-global-color-5)","background-image":"","background-repeat":"repeat","background-position":"center center","background-size":"auto","background-attachment":"scroll","background-type":"","background-media":"","overlay-type":"","overlay-color":"","overlay-opacity":"","overlay-gradient":""},"tablet":{"background-color":"","background-image":"","background-repeat":"repeat","background-position":"center center","background-size":"auto","background-attachment":"scroll","background-type":"","background-media":"","overlay-type":"","overlay-color":"","overlay-opacity":"","overlay-gradient":""},"mobile":{"background-color":"","background-image":"","background-repeat":"repeat","background-position":"center center","background-size":"auto","background-attachment":"scroll","background-type":"","background-media":"","overlay-type":"","overlay-color":"","overlay-opacity":"","overlay-gradient":""}},"ast-content-background-meta":{"desktop":{"background-color":"var(--ast-global-color-4)","background-image":"","background-repeat":"repeat","background-position":"center center","background-size":"auto","background-attachment":"scroll","background-type":"","background-media":"","overlay-type":"","overlay-color":"","overlay-opacity":"","overlay-gradient":""},"tablet":{"background-color":"var(--ast-global-color-4)","background-image":"","background-repeat":"repeat","background-position":"center center","background-size":"auto","background-attachment":"scroll","background-type":"","background-media":"","overlay-type":"","overlay-color":"","overlay-opacity":"","overlay-gradient":""},"mobile":{"background-color":"var(--ast-global-color-4)","background-image":"","background-repeat":"repeat","background-position":"center center","background-size":"auto","background-attachment":"scroll","background-type":"","background-media":"","overlay-type":"","overlay-color":"","overlay-opacity":"","overlay-gradient":""}},"footnotes":""},"class_list":["post-3135","page","type-page","status-publish","hentry"],"yoast_head":"<!-- This site is optimized with the Yoast SEO Premium plugin v26.6 (Yoast SEO v26.6) - https:\/\/yoast.com\/wordpress\/plugins\/seo\/ -->\n<title>Pol\u00edtica de privacidad de Rio Holiday - Rio Holiday Boutique Hotel<\/title>\n<meta name=\"robots\" content=\"noindex, follow\" \/>\n<meta property=\"og:locale\" content=\"es_ES\" \/>\n<meta property=\"og:type\" content=\"article\" \/>\n<meta property=\"og:title\" content=\"Pol\u00edtica de privacidad de Rio Holiday\" \/>\n<meta property=\"og:description\" content=\"Pol\u00edtica de privacidad de Rio Holiday Qui\u00e9nes somos Rio Holiday es una sociedad de responsabilidad limitada de Texas, ubicada en [&hellip;]\" \/>\n<meta property=\"og:url\" content=\"https:\/\/rioholiday.com\/es\/politica-de-privacidad-de-rio-holiday\/\" \/>\n<meta property=\"og:site_name\" content=\"Rio Holiday Boutique Hotel\" \/>\n<meta property=\"article:modified_time\" content=\"2025-12-09T05:33:28+00:00\" \/>\n<meta name=\"twitter:card\" content=\"summary_large_image\" \/>\n<meta name=\"twitter:label1\" content=\"Tiempo de lectura\" \/>\n\t<meta name=\"twitter:data1\" content=\"8 minutos\" \/>\n<script type=\"application\/ld+json\" class=\"yoast-schema-graph\">{\"@context\":\"https:\/\/schema.org\",\"@graph\":[{\"@type\":\"WebPage\",\"@id\":\"https:\/\/rioholiday.com\/es\/politica-de-privacidad-de-rio-holiday\/\",\"url\":\"https:\/\/rioholiday.com\/es\/politica-de-privacidad-de-rio-holiday\/\",\"name\":\"Pol\u00edtica de privacidad de Rio Holiday - Rio Holiday Boutique Hotel\",\"isPartOf\":{\"@id\":\"https:\/\/rioholiday.com\/es\/#website\"},\"datePublished\":\"2025-11-02T04:41:04+00:00\",\"dateModified\":\"2025-12-09T05:33:28+00:00\",\"breadcrumb\":{\"@id\":\"https:\/\/rioholiday.com\/es\/politica-de-privacidad-de-rio-holiday\/#breadcrumb\"},\"inLanguage\":\"es\",\"potentialAction\":[{\"@type\":\"ReadAction\",\"target\":[\"https:\/\/rioholiday.com\/es\/politica-de-privacidad-de-rio-holiday\/\"]}]},{\"@type\":\"BreadcrumbList\",\"@id\":\"https:\/\/rioholiday.com\/es\/politica-de-privacidad-de-rio-holiday\/#breadcrumb\",\"itemListElement\":[{\"@type\":\"ListItem\",\"position\":1,\"name\":\"Home\",\"item\":\"https:\/\/rioholiday.com\/es\/rio-holiday-boutique-hotel\/\"},{\"@type\":\"ListItem\",\"position\":2,\"name\":\"Pol\u00edtica de privacidad de Rio Holiday\"}]},{\"@type\":\"WebSite\",\"@id\":\"https:\/\/rioholiday.com\/es\/#website\",\"url\":\"https:\/\/rioholiday.com\/es\/\",\"name\":\"Rio Holiday Boutique Hotel\",\"description\":\"\",\"publisher\":{\"@id\":\"https:\/\/rioholiday.com\/es\/#organization\"},\"potentialAction\":[{\"@type\":\"SearchAction\",\"target\":{\"@type\":\"EntryPoint\",\"urlTemplate\":\"https:\/\/rioholiday.com\/es\/?s={search_term_string}\"},\"query-input\":{\"@type\":\"PropertyValueSpecification\",\"valueRequired\":true,\"valueName\":\"search_term_string\"}}],\"inLanguage\":\"es\"},{\"@type\":\"Organization\",\"@id\":\"https:\/\/rioholiday.com\/es\/#organization\",\"name\":\"Rio Holiday Boutique Hotel\",\"url\":\"https:\/\/rioholiday.com\/es\/\",\"logo\":{\"@type\":\"ImageObject\",\"inLanguage\":\"es\",\"@id\":\"https:\/\/rioholiday.com\/es\/#\/schema\/logo\/image\/\",\"url\":\"https:\/\/rioholiday.com\/wp-content\/uploads\/2025\/10\/RIO-HOLIDAY-Logo-100x59-1.jpg\",\"contentUrl\":\"https:\/\/rioholiday.com\/wp-content\/uploads\/2025\/10\/RIO-HOLIDAY-Logo-100x59-1.jpg\",\"width\":100,\"height\":59,\"caption\":\"Rio Holiday Boutique Hotel\"},\"image\":{\"@id\":\"https:\/\/rioholiday.com\/es\/#\/schema\/logo\/image\/\"},\"sameAs\":[\"https:\/\/www.instagram.com\/rioholidayhotel\/\"]}]}<\/script>\n<!-- \/ Yoast SEO Premium plugin. -->","yoast_head_json":{"title":"Pol\u00edtica de privacidad de Rio Holiday - Rio Holiday Boutique Hotel","robots":{"index":"noindex","follow":"follow"},"og_locale":"es_ES","og_type":"article","og_title":"Pol\u00edtica de privacidad de Rio Holiday","og_description":"Pol\u00edtica de privacidad de Rio Holiday Qui\u00e9nes somos Rio Holiday es una sociedad de responsabilidad limitada de Texas, ubicada en [&hellip;]","og_url":"https:\/\/rioholiday.com\/es\/politica-de-privacidad-de-rio-holiday\/","og_site_name":"Rio Holiday Boutique Hotel","article_modified_time":"2025-12-09T05:33:28+00:00","twitter_card":"summary_large_image","twitter_misc":{"Tiempo de lectura":"8 minutos"},"schema":{"@context":"https:\/\/schema.org","@graph":[{"@type":"WebPage","@id":"https:\/\/rioholiday.com\/es\/politica-de-privacidad-de-rio-holiday\/","url":"https:\/\/rioholiday.com\/es\/politica-de-privacidad-de-rio-holiday\/","name":"Pol\u00edtica de privacidad de Rio Holiday - Rio Holiday Boutique Hotel","isPartOf":{"@id":"https:\/\/rioholiday.com\/es\/#website"},"datePublished":"2025-11-02T04:41:04+00:00","dateModified":"2025-12-09T05:33:28+00:00","breadcrumb":{"@id":"https:\/\/rioholiday.com\/es\/politica-de-privacidad-de-rio-holiday\/#breadcrumb"},"inLanguage":"es","potentialAction":[{"@type":"ReadAction","target":["https:\/\/rioholiday.com\/es\/politica-de-privacidad-de-rio-holiday\/"]}]},{"@type":"BreadcrumbList","@id":"https:\/\/rioholiday.com\/es\/politica-de-privacidad-de-rio-holiday\/#breadcrumb","itemListElement":[{"@type":"ListItem","position":1,"name":"Home","item":"https:\/\/rioholiday.com\/es\/rio-holiday-boutique-hotel\/"},{"@type":"ListItem","position":2,"name":"Pol\u00edtica de privacidad de Rio Holiday"}]},{"@type":"WebSite","@id":"https:\/\/rioholiday.com\/es\/#website","url":"https:\/\/rioholiday.com\/es\/","name":"Rio Holiday Boutique Hotel","description":"","publisher":{"@id":"https:\/\/rioholiday.com\/es\/#organization"},"potentialAction":[{"@type":"SearchAction","target":{"@type":"EntryPoint","urlTemplate":"https:\/\/rioholiday.com\/es\/?s={search_term_string}"},"query-input":{"@type":"PropertyValueSpecification","valueRequired":true,"valueName":"search_term_string"}}],"inLanguage":"es"},{"@type":"Organization","@id":"https:\/\/rioholiday.com\/es\/#organization","name":"Rio Holiday Boutique Hotel","url":"https:\/\/rioholiday.com\/es\/","logo":{"@type":"ImageObject","inLanguage":"es","@id":"https:\/\/rioholiday.com\/es\/#\/schema\/logo\/image\/","url":"https:\/\/rioholiday.com\/wp-content\/uploads\/2025\/10\/RIO-HOLIDAY-Logo-100x59-1.jpg","contentUrl":"https:\/\/rioholiday.com\/wp-content\/uploads\/2025\/10\/RIO-HOLIDAY-Logo-100x59-1.jpg","width":100,"height":59,"caption":"Rio Holiday Boutique Hotel"},"image":{"@id":"https:\/\/rioholiday.com\/es\/#\/schema\/logo\/image\/"},"sameAs":["https:\/\/www.instagram.com\/rioholidayhotel\/"]}]}},"_links":{"self":[{"href":"https:\/\/rioholiday.com\/es\/wp-json\/wp\/v2\/pages\/3135","targetHints":{"allow":["GET"]}}],"collection":[{"href":"https:\/\/rioholiday.com\/es\/wp-json\/wp\/v2\/pages"}],"about":[{"href":"https:\/\/rioholiday.com\/es\/wp-json\/wp\/v2\/types\/page"}],"author":[{"embeddable":true,"href":"https:\/\/rioholiday.com\/es\/wp-json\/wp\/v2\/users\/1"}],"replies":[{"embeddable":true,"href":"https:\/\/rioholiday.com\/es\/wp-json\/wp\/v2\/comments?post=3135"}],"version-history":[{"count":0,"href":"https:\/\/rioholiday.com\/es\/wp-json\/wp\/v2\/pages\/3135\/revisions"}],"wp:attachment":[{"href":"https:\/\/rioholiday.com\/es\/wp-json\/wp\/v2\/media?parent=3135"}],"curies":[{"name":"wp","href":"https:\/\/api.w.org\/{rel}","templated":true}]}}