{"id":3138,"date":"2025-11-02T04:19:35","date_gmt":"2025-11-02T04:19:35","guid":{"rendered":"https:\/\/rioholiday.com\/acerca-de-las-vacaciones-en-rio\/"},"modified":"2025-12-09T05:33:50","modified_gmt":"2025-12-09T05:33:50","slug":"acerca-de-las-vacaciones-en-rio","status":"publish","type":"page","link":"https:\/\/rioholiday.com\/es\/acerca-de-las-vacaciones-en-rio\/","title":{"rendered":"Acerca de las vacaciones en R\u00edo"},"content":{"rendered":"\t\t<div data-elementor-type=\"wp-page\" data-elementor-id=\"3138\" class=\"elementor elementor-3138 elementor-1134\" data-elementor-post-type=\"page\">\n\t\t\t\t<div class=\"elementor-element elementor-element-b972504 e-flex e-con-boxed e-con e-parent\" data-id=\"b972504\" data-element_type=\"container\">\n\t\t\t\t\t<div class=\"e-con-inner\">\n\t\t\t\t<div class=\"elementor-element elementor-element-20ab85f elementor-widget elementor-widget-heading\" data-id=\"20ab85f\" data-element_type=\"widget\" data-widget_type=\"heading.default\">\n\t\t\t\t\t<h2 class=\"elementor-heading-title elementor-size-default\">Sobre nosotros<\/h2>\t\t\t\t<\/div>\n\t\t\t\t\t<\/div>\n\t\t\t\t<\/div>\n\t\t<div class=\"elementor-element elementor-element-de8d0c6 e-flex e-con-boxed e-con e-parent\" data-id=\"de8d0c6\" data-element_type=\"container\">\n\t\t\t\t\t<div class=\"e-con-inner\">\n\t\t\t\t<div class=\"elementor-element elementor-element-9373b11 elementor-widget elementor-widget-image\" data-id=\"9373b11\" data-element_type=\"widget\" data-widget_type=\"image.default\">\n\t\t\t\t\t\t\t\t\t\t\t\t\t\t\t<img fetchpriority=\"high\" decoding=\"async\" width=\"1600\" height=\"1039\" src=\"https:\/\/rioholiday.com\/wp-content\/uploads\/2025\/11\/rioholiday-support-1.jpg\" class=\"attachment-full size-full wp-image-3140\" alt=\"\" \/>\t\t\t\t\t\t\t\t\t\t\t\t\t\t\t<\/div>\n\t\t\t\t\t<\/div>\n\t\t\t\t<\/div>\n\t\t<div class=\"elementor-element elementor-element-7a42c5e e-flex e-con-boxed e-con e-parent\" data-id=\"7a42c5e\" data-element_type=\"container\">\n\t\t\t\t\t<div class=\"e-con-inner\">\n\t\t\t\t<div class=\"elementor-element elementor-element-06d31e1 elementor-widget elementor-widget-text-editor\" data-id=\"06d31e1\" data-element_type=\"widget\" data-widget_type=\"text-editor.default\">\n\t\t\t\t\t\t\t\t\t<p>Rio Holiday recibi\u00f3 a sus primeros hu\u00e9spedes en R\u00edo de Janeiro en 2004. Desde entonces, hemos recibido a cientos de turistas y les hemos ayudado a cumplir el sue\u00f1o de unas vacaciones inolvidables. Tras unos a\u00f1os de inactividad, volvemos con m\u00e1s fuerza que nunca. Antes, alquil\u00e1bamos villas enteras a un solo grupo de viajeros. Ahora, hemos remodelado nuestra villa m\u00e1s grande y la hemos convertido en un hotel boutique de lujo.      <\/p><p>Nos hemos asociado con Casa Design, reconocida en R\u00edo de Janeiro por sus exposiciones anuales de dise\u00f1o. Nos enorgullece que esta villa haya sido elegida durante tres a\u00f1os consecutivos como escaparate para arquitectos y dise\u00f1adores locales. Nuestros nuevos socios cuentan con una amplia red de contactos en R\u00edo y comparten los mismos objetivos que Rio Holiday estableci\u00f3 hace muchos a\u00f1os.    <\/p><p>Creemos en tratar a nuestros hu\u00e9spedes como nos gustar\u00eda ser tratados. Damos la bienvenida a viajeros de todas las razas, credos y orientaciones y tratamos a todos con el mismo nivel de respeto. Por supuesto, tambi\u00e9n exigimos respeto mutuo de nuestros hu\u00e9spedes hacia sus compa\u00f1eros de viaje.<\/p>\t\t\t\t\t\t\t\t<\/div>\n\t\t\t\t\t<\/div>\n\t\t\t\t<\/div>\n\t\t<div class=\"elementor-element elementor-element-9a3bb04 e-flex e-con-boxed e-con e-parent\" data-id=\"9a3bb04\" data-element_type=\"container\">\n\t\t\t\t\t<div class=\"e-con-inner\">\n\t\t\t\t<div class=\"elementor-element elementor-element-1cc9ea9 elementor-widget elementor-widget-heading\" data-id=\"1cc9ea9\" data-element_type=\"widget\" data-widget_type=\"heading.default\">\n\t\t\t\t\t<h2 class=\"elementor-heading-title elementor-size-default\">Cont\u00e1ctanos<\/h2>\t\t\t\t<\/div>\n\t\t\t\t\t<\/div>\n\t\t\t\t<\/div>\n\t\t<div class=\"elementor-element elementor-element-d47da3b e-flex e-con-boxed e-con e-parent\" data-id=\"d47da3b\" data-element_type=\"container\">\n\t\t\t\t\t<div class=\"e-con-inner\">\n\t\t\t\t<div class=\"elementor-element elementor-element-8d3dd9b elementor-widget elementor-widget-text-editor\" data-id=\"8d3dd9b\" data-element_type=\"widget\" data-widget_type=\"text-editor.default\">\n\t\t\t\t\t\t\t\t\t<p>Si tiene alguna pregunta, problema o comentario, la mejor manera de contactarnos es a trav\u00e9s de nuestra p\u00e1gina <a href=\"https:\/\/rioholiday.com\/es\/acerca-de-las-vacaciones-en-rio-2\/\">de Contacto<\/a> . Tambi\u00e9n puede llamarnos o enviarnos un mensaje de WhatsApp a los n\u00fameros de tel\u00e9fono que aparecen a continuaci\u00f3n. <\/p>\t\t\t\t\t\t\t\t<\/div>\n\t\t\t\t\t<\/div>\n\t\t\t\t<\/div>\n\t\t<div class=\"elementor-element elementor-element-460d2f0 e-flex e-con-boxed e-con e-parent\" data-id=\"460d2f0\" data-element_type=\"container\">\n\t\t\t\t\t<div class=\"e-con-inner\">\n\t\t\t\t<div class=\"elementor-element elementor-element-eedbf92 elementor-widget elementor-widget-text-editor\" data-id=\"eedbf92\" data-element_type=\"widget\" data-widget_type=\"text-editor.default\">\n\t\t\t\t\t\t\t\t\t<p>Rio Holiday LLC es una sociedad de responsabilidad limitada de Texas, ubicada en San Antonio, Texas, Estados Unidos de Am\u00e9rica.<\/p><p><span \n                data-original-string='J+\/AriQ20P\/aaY6TvlRuJg==1dezPKneVCiHw8HohoFosZhoPqAS9EVNYBHRtsby8jLg9E='\n                class='apbct-email-encoder'\n                title='Este contacto ha sido codificado por Anti-Spam by CleanTalk. Haz clic para decodificar. Para finalizar la decodificaci\u00f3n, aseg\u00farate de que JavaScript est\u00e1 activado en tu navegador.'>ve<span class=\"apbct-blur\">******<\/span>@<span class=\"apbct-blur\">********<\/span>ay.com<\/span><br> Oficina de ventas en EE. UU. +1 210-878-6046<br> Nuestras oficinas de ventas se encuentran en la zona horaria UTC\/GMT-6 durante el horario est\u00e1ndar.<\/p><p>Hotel en Brasil +55 21 99689-9989<br> Oficina de ventas en Brasil en portugu\u00e9s o ingl\u00e9s<br> Hotel boutique Rio Holiday<br> 345 Rua Nuestra Se\u00f1ora de Lourdes<br> S\u00e3o Francisco, Niter\u00f3i, R\u00edo de Janeiro, Brasil 24360-420<br> R\u00edo est\u00e1 en la zona horaria <span style=\"font-size: 1rem;\">UTC\/GMT-3<\/span><\/p><p>Rio Holiday LLC<br> 9901 IH 10 Oeste, Suite 800<br> San Antonio, Texas 78230<\/p>\t\t\t\t\t\t\t\t<\/div>\n\t\t\t\t\t<\/div>\n\t\t\t\t<\/div>\n\t\t<div class=\"elementor-element elementor-element-07e15f9 e-flex e-con-boxed e-con e-parent\" data-id=\"07e15f9\" data-element_type=\"container\">\n\t\t\t\t\t<div class=\"e-con-inner\">\n\t\t\t\t<div class=\"elementor-element elementor-element-e9e4b6d elementor-widget elementor-widget-heading\" data-id=\"e9e4b6d\" data-element_type=\"widget\" data-widget_type=\"heading.default\">\n\t\t\t\t\t<h2 class=\"elementor-heading-title elementor-size-default\">Amigos y socios<\/h2>\t\t\t\t<\/div>\n\t\t\t\t\t<\/div>\n\t\t\t\t<\/div>\n\t\t<div class=\"elementor-element elementor-element-ebbee19 e-flex e-con-boxed e-con e-parent\" data-id=\"ebbee19\" data-element_type=\"container\">\n\t\t\t\t\t<div class=\"e-con-inner\">\n\t\t<div class=\"elementor-element elementor-element-8c18651 e-con-full e-flex e-con e-child\" data-id=\"8c18651\" data-element_type=\"container\">\n\t\t\t\t<div class=\"elementor-element elementor-element-1a315ef elementor-widget elementor-widget-image\" data-id=\"1a315ef\" data-element_type=\"widget\" data-widget_type=\"image.default\">\n\t\t\t\t\t\t\t\t\t\t\t\t\t\t\t<img decoding=\"async\" width=\"300\" height=\"300\" data-src=\"https:\/\/rioholiday.com\/wp-content\/uploads\/2025\/11\/rioholiday-support-3.jpg\" class=\"attachment-medium size-medium wp-image-3141 lazyload\" alt=\"\" data-srcset=\"https:\/\/rioholiday.com\/wp-content\/uploads\/2025\/11\/rioholiday-support-3.jpg 1200w, https:\/\/rioholiday.com\/wp-content\/uploads\/2025\/11\/rioholiday-support-3-800x800.jpg 800w\" data-sizes=\"(max-width: 300px) 100vw, 300px\" src=\"data:image\/svg+xml;base64,PHN2ZyB3aWR0aD0iMSIgaGVpZ2h0PSIxIiB4bWxucz0iaHR0cDovL3d3dy53My5vcmcvMjAwMC9zdmciPjwvc3ZnPg==\" style=\"--smush-placeholder-width: 300px; --smush-placeholder-aspect-ratio: 300\/300;\" \/>\t\t\t\t\t\t\t\t\t\t\t\t\t\t\t<\/div>\n\t\t\t\t<\/div>\n\t\t<div class=\"elementor-element elementor-element-e8680f1 e-con-full e-flex e-con e-child\" data-id=\"e8680f1\" data-element_type=\"container\">\n\t\t\t\t<div class=\"elementor-element elementor-element-ebb0c31 elementor-widget elementor-widget-text-editor\" data-id=\"ebb0c31\" data-element_type=\"widget\" data-widget_type=\"text-editor.default\">\n\t\t\t\t\t\t\t\t\t<p>Las fotos de nuestra p\u00e1gina web fueron creadas por VF Studio y los recomendamos ampliamente. Los pueden encontrar en Instagram como @vffotografico. VF Studio est\u00e1 ubicado en el \u00e1rea metropolitana de R\u00edo de Janeiro, Brasil, y pueden contactarlos en portugu\u00e9s o ingl\u00e9s.  <\/p>\t\t\t\t\t\t\t\t<\/div>\n\t\t\t\t<\/div>\n\t\t\t\t\t<\/div>\n\t\t\t\t<\/div>\n\t\t\t\t<\/div>\n\t\t","protected":false},"excerpt":{"rendered":"<p>Sobre nosotros Rio Holiday recibi\u00f3 a sus primeros hu\u00e9spedes en R\u00edo de Janeiro en 2004. Desde entonces, hemos recibido a [&hellip;]<\/p>\n","protected":false},"author":1,"featured_media":0,"parent":0,"menu_order":0,"comment_status":"closed","ping_status":"closed","template":"","meta":{"site-sidebar-layout":"no-sidebar","site-content-layout":"","ast-site-content-layout":"full-width-container","site-content-style":"default","site-sidebar-style":"default","ast-global-header-display":"","ast-banner-title-visibility":"","ast-main-header-display":"","ast-hfb-above-header-display":"","ast-hfb-below-header-display":"","ast-hfb-mobile-header-display":"","site-post-title":"disabled","ast-breadcrumbs-content":"","ast-featured-img":"disabled","footer-sml-layout":"","ast-disable-related-posts":"","theme-transparent-header-meta":"","adv-header-id-meta":"","stick-header-meta":"","header-above-stick-meta":"","header-main-stick-meta":"","header-below-stick-meta":"","astra-migrate-meta-layouts":"default","ast-page-background-enabled":"default","ast-page-background-meta":{"desktop":{"background-color":"var(--ast-global-color-5)","background-image":"","background-repeat":"repeat","background-position":"center center","background-size":"auto","background-attachment":"scroll","background-type":"","background-media":"","overlay-type":"","overlay-color":"","overlay-opacity":"","overlay-gradient":""},"tablet":{"background-color":"","background-image":"","background-repeat":"repeat","background-position":"center center","background-size":"auto","background-attachment":"scroll","background-type":"","background-media":"","overlay-type":"","overlay-color":"","overlay-opacity":"","overlay-gradient":""},"mobile":{"background-color":"","background-image":"","background-repeat":"repeat","background-position":"center center","background-size":"auto","background-attachment":"scroll","background-type":"","background-media":"","overlay-type":"","overlay-color":"","overlay-opacity":"","overlay-gradient":""}},"ast-content-background-meta":{"desktop":{"background-color":"var(--ast-global-color-4)","background-image":"","background-repeat":"repeat","background-position":"center center","background-size":"auto","background-attachment":"scroll","background-type":"","background-media":"","overlay-type":"","overlay-color":"","overlay-opacity":"","overlay-gradient":""},"tablet":{"background-color":"var(--ast-global-color-4)","background-image":"","background-repeat":"repeat","background-position":"center center","background-size":"auto","background-attachment":"scroll","background-type":"","background-media":"","overlay-type":"","overlay-color":"","overlay-opacity":"","overlay-gradient":""},"mobile":{"background-color":"var(--ast-global-color-4)","background-image":"","background-repeat":"repeat","background-position":"center center","background-size":"auto","background-attachment":"scroll","background-type":"","background-media":"","overlay-type":"","overlay-color":"","overlay-opacity":"","overlay-gradient":""}},"footnotes":""},"class_list":["post-3138","page","type-page","status-publish","hentry"],"yoast_head":"<!-- This site is optimized with the Yoast SEO Premium plugin v26.6 (Yoast SEO v26.6) - https:\/\/yoast.com\/wordpress\/plugins\/seo\/ -->\n<title>Acerca de las vacaciones en R\u00edo - Rio Holiday Boutique Hotel<\/title>\n<meta name=\"robots\" content=\"index, follow, max-snippet:-1, max-image-preview:large, max-video-preview:-1\" \/>\n<link rel=\"canonical\" href=\"https:\/\/rioholiday.com\/es\/acerca-de-las-vacaciones-en-rio\/\" \/>\n<meta property=\"og:locale\" content=\"es_ES\" \/>\n<meta property=\"og:type\" content=\"article\" \/>\n<meta property=\"og:title\" content=\"Acerca de las vacaciones en R\u00edo\" \/>\n<meta property=\"og:description\" content=\"Sobre nosotros Rio Holiday recibi\u00f3 a sus primeros hu\u00e9spedes en R\u00edo de Janeiro en 2004. Desde entonces, hemos recibido a [&hellip;]\" \/>\n<meta property=\"og:url\" content=\"https:\/\/rioholiday.com\/es\/acerca-de-las-vacaciones-en-rio\/\" \/>\n<meta property=\"og:site_name\" content=\"Rio Holiday Boutique Hotel\" \/>\n<meta property=\"article:modified_time\" content=\"2025-12-09T05:33:50+00:00\" \/>\n<meta property=\"og:image\" content=\"https:\/\/rioholiday.com\/wp-content\/uploads\/2025\/11\/rioholiday-support-1.jpg\" \/>\n\t<meta property=\"og:image:width\" content=\"1600\" \/>\n\t<meta property=\"og:image:height\" content=\"1039\" \/>\n\t<meta property=\"og:image:type\" content=\"image\/jpeg\" \/>\n<meta name=\"twitter:card\" content=\"summary_large_image\" \/>\n<meta name=\"twitter:label1\" content=\"Tiempo de lectura\" \/>\n\t<meta name=\"twitter:data1\" content=\"2 minutos\" \/>\n<script type=\"application\/ld+json\" class=\"yoast-schema-graph\">{\"@context\":\"https:\/\/schema.org\",\"@graph\":[{\"@type\":\"WebPage\",\"@id\":\"https:\/\/rioholiday.com\/es\/acerca-de-las-vacaciones-en-rio\/\",\"url\":\"https:\/\/rioholiday.com\/es\/acerca-de-las-vacaciones-en-rio\/\",\"name\":\"Acerca de las vacaciones en R\u00edo - Rio Holiday Boutique Hotel\",\"isPartOf\":{\"@id\":\"https:\/\/rioholiday.com\/es\/#website\"},\"primaryImageOfPage\":{\"@id\":\"https:\/\/rioholiday.com\/es\/acerca-de-las-vacaciones-en-rio\/#primaryimage\"},\"image\":{\"@id\":\"https:\/\/rioholiday.com\/es\/acerca-de-las-vacaciones-en-rio\/#primaryimage\"},\"thumbnailUrl\":\"https:\/\/rioholiday.com\/wp-content\/uploads\/2025\/11\/rioholiday-support-1.jpg\",\"datePublished\":\"2025-11-02T04:19:35+00:00\",\"dateModified\":\"2025-12-09T05:33:50+00:00\",\"breadcrumb\":{\"@id\":\"https:\/\/rioholiday.com\/es\/acerca-de-las-vacaciones-en-rio\/#breadcrumb\"},\"inLanguage\":\"es\",\"potentialAction\":[{\"@type\":\"ReadAction\",\"target\":[\"https:\/\/rioholiday.com\/es\/acerca-de-las-vacaciones-en-rio\/\"]}]},{\"@type\":\"ImageObject\",\"inLanguage\":\"es\",\"@id\":\"https:\/\/rioholiday.com\/es\/acerca-de-las-vacaciones-en-rio\/#primaryimage\",\"url\":\"https:\/\/rioholiday.com\/wp-content\/uploads\/2025\/11\/rioholiday-support-1.jpg\",\"contentUrl\":\"https:\/\/rioholiday.com\/wp-content\/uploads\/2025\/11\/rioholiday-support-1.jpg\"},{\"@type\":\"BreadcrumbList\",\"@id\":\"https:\/\/rioholiday.com\/es\/acerca-de-las-vacaciones-en-rio\/#breadcrumb\",\"itemListElement\":[{\"@type\":\"ListItem\",\"position\":1,\"name\":\"Home\",\"item\":\"https:\/\/rioholiday.com\/es\/rio-holiday-boutique-hotel\/\"},{\"@type\":\"ListItem\",\"position\":2,\"name\":\"Acerca de las vacaciones en R\u00edo\"}]},{\"@type\":\"WebSite\",\"@id\":\"https:\/\/rioholiday.com\/es\/#website\",\"url\":\"https:\/\/rioholiday.com\/es\/\",\"name\":\"Rio Holiday Boutique Hotel\",\"description\":\"\",\"publisher\":{\"@id\":\"https:\/\/rioholiday.com\/es\/#organization\"},\"potentialAction\":[{\"@type\":\"SearchAction\",\"target\":{\"@type\":\"EntryPoint\",\"urlTemplate\":\"https:\/\/rioholiday.com\/es\/?s={search_term_string}\"},\"query-input\":{\"@type\":\"PropertyValueSpecification\",\"valueRequired\":true,\"valueName\":\"search_term_string\"}}],\"inLanguage\":\"es\"},{\"@type\":\"Organization\",\"@id\":\"https:\/\/rioholiday.com\/es\/#organization\",\"name\":\"Rio Holiday Boutique Hotel\",\"url\":\"https:\/\/rioholiday.com\/es\/\",\"logo\":{\"@type\":\"ImageObject\",\"inLanguage\":\"es\",\"@id\":\"https:\/\/rioholiday.com\/es\/#\/schema\/logo\/image\/\",\"url\":\"https:\/\/rioholiday.com\/wp-content\/uploads\/2025\/10\/RIO-HOLIDAY-Logo-100x59-1.jpg\",\"contentUrl\":\"https:\/\/rioholiday.com\/wp-content\/uploads\/2025\/10\/RIO-HOLIDAY-Logo-100x59-1.jpg\",\"width\":100,\"height\":59,\"caption\":\"Rio Holiday Boutique Hotel\"},\"image\":{\"@id\":\"https:\/\/rioholiday.com\/es\/#\/schema\/logo\/image\/\"},\"sameAs\":[\"https:\/\/www.instagram.com\/rioholidayhotel\/\"]}]}<\/script>\n<!-- \/ Yoast SEO Premium plugin. -->","yoast_head_json":{"title":"Acerca de las vacaciones en R\u00edo - Rio Holiday Boutique Hotel","robots":{"index":"index","follow":"follow","max-snippet":"max-snippet:-1","max-image-preview":"max-image-preview:large","max-video-preview":"max-video-preview:-1"},"canonical":"https:\/\/rioholiday.com\/es\/acerca-de-las-vacaciones-en-rio\/","og_locale":"es_ES","og_type":"article","og_title":"Acerca de las vacaciones en R\u00edo","og_description":"Sobre nosotros Rio Holiday recibi\u00f3 a sus primeros hu\u00e9spedes en R\u00edo de Janeiro en 2004. Desde entonces, hemos recibido a [&hellip;]","og_url":"https:\/\/rioholiday.com\/es\/acerca-de-las-vacaciones-en-rio\/","og_site_name":"Rio Holiday Boutique Hotel","article_modified_time":"2025-12-09T05:33:50+00:00","og_image":[{"width":1600,"height":1039,"url":"https:\/\/rioholiday.com\/wp-content\/uploads\/2025\/11\/rioholiday-support-1.jpg","type":"image\/jpeg"}],"twitter_card":"summary_large_image","twitter_misc":{"Tiempo de lectura":"2 minutos"},"schema":{"@context":"https:\/\/schema.org","@graph":[{"@type":"WebPage","@id":"https:\/\/rioholiday.com\/es\/acerca-de-las-vacaciones-en-rio\/","url":"https:\/\/rioholiday.com\/es\/acerca-de-las-vacaciones-en-rio\/","name":"Acerca de las vacaciones en R\u00edo - Rio Holiday Boutique Hotel","isPartOf":{"@id":"https:\/\/rioholiday.com\/es\/#website"},"primaryImageOfPage":{"@id":"https:\/\/rioholiday.com\/es\/acerca-de-las-vacaciones-en-rio\/#primaryimage"},"image":{"@id":"https:\/\/rioholiday.com\/es\/acerca-de-las-vacaciones-en-rio\/#primaryimage"},"thumbnailUrl":"https:\/\/rioholiday.com\/wp-content\/uploads\/2025\/11\/rioholiday-support-1.jpg","datePublished":"2025-11-02T04:19:35+00:00","dateModified":"2025-12-09T05:33:50+00:00","breadcrumb":{"@id":"https:\/\/rioholiday.com\/es\/acerca-de-las-vacaciones-en-rio\/#breadcrumb"},"inLanguage":"es","potentialAction":[{"@type":"ReadAction","target":["https:\/\/rioholiday.com\/es\/acerca-de-las-vacaciones-en-rio\/"]}]},{"@type":"ImageObject","inLanguage":"es","@id":"https:\/\/rioholiday.com\/es\/acerca-de-las-vacaciones-en-rio\/#primaryimage","url":"https:\/\/rioholiday.com\/wp-content\/uploads\/2025\/11\/rioholiday-support-1.jpg","contentUrl":"https:\/\/rioholiday.com\/wp-content\/uploads\/2025\/11\/rioholiday-support-1.jpg"},{"@type":"BreadcrumbList","@id":"https:\/\/rioholiday.com\/es\/acerca-de-las-vacaciones-en-rio\/#breadcrumb","itemListElement":[{"@type":"ListItem","position":1,"name":"Home","item":"https:\/\/rioholiday.com\/es\/rio-holiday-boutique-hotel\/"},{"@type":"ListItem","position":2,"name":"Acerca de las vacaciones en R\u00edo"}]},{"@type":"WebSite","@id":"https:\/\/rioholiday.com\/es\/#website","url":"https:\/\/rioholiday.com\/es\/","name":"Rio Holiday Boutique Hotel","description":"","publisher":{"@id":"https:\/\/rioholiday.com\/es\/#organization"},"potentialAction":[{"@type":"SearchAction","target":{"@type":"EntryPoint","urlTemplate":"https:\/\/rioholiday.com\/es\/?s={search_term_string}"},"query-input":{"@type":"PropertyValueSpecification","valueRequired":true,"valueName":"search_term_string"}}],"inLanguage":"es"},{"@type":"Organization","@id":"https:\/\/rioholiday.com\/es\/#organization","name":"Rio Holiday Boutique Hotel","url":"https:\/\/rioholiday.com\/es\/","logo":{"@type":"ImageObject","inLanguage":"es","@id":"https:\/\/rioholiday.com\/es\/#\/schema\/logo\/image\/","url":"https:\/\/rioholiday.com\/wp-content\/uploads\/2025\/10\/RIO-HOLIDAY-Logo-100x59-1.jpg","contentUrl":"https:\/\/rioholiday.com\/wp-content\/uploads\/2025\/10\/RIO-HOLIDAY-Logo-100x59-1.jpg","width":100,"height":59,"caption":"Rio Holiday Boutique Hotel"},"image":{"@id":"https:\/\/rioholiday.com\/es\/#\/schema\/logo\/image\/"},"sameAs":["https:\/\/www.instagram.com\/rioholidayhotel\/"]}]}},"_links":{"self":[{"href":"https:\/\/rioholiday.com\/es\/wp-json\/wp\/v2\/pages\/3138","targetHints":{"allow":["GET"]}}],"collection":[{"href":"https:\/\/rioholiday.com\/es\/wp-json\/wp\/v2\/pages"}],"about":[{"href":"https:\/\/rioholiday.com\/es\/wp-json\/wp\/v2\/types\/page"}],"author":[{"embeddable":true,"href":"https:\/\/rioholiday.com\/es\/wp-json\/wp\/v2\/users\/1"}],"replies":[{"embeddable":true,"href":"https:\/\/rioholiday.com\/es\/wp-json\/wp\/v2\/comments?post=3138"}],"version-history":[{"count":0,"href":"https:\/\/rioholiday.com\/es\/wp-json\/wp\/v2\/pages\/3138\/revisions"}],"wp:attachment":[{"href":"https:\/\/rioholiday.com\/es\/wp-json\/wp\/v2\/media?parent=3138"}],"curies":[{"name":"wp","href":"https:\/\/api.w.org\/{rel}","templated":true}]}}