{"id":3128,"date":"2025-11-02T04:19:35","date_gmt":"2025-11-02T04:19:35","guid":{"rendered":"https:\/\/rioholiday.com\/a-propos-des-vacances-a-rio\/"},"modified":"2025-12-09T05:33:53","modified_gmt":"2025-12-09T05:33:53","slug":"a-propos-des-vacances-a-rio","status":"publish","type":"page","link":"https:\/\/rioholiday.com\/fr\/a-propos-des-vacances-a-rio\/","title":{"rendered":"\u00c0 propos des vacances \u00e0 Rio"},"content":{"rendered":"\t\t<div data-elementor-type=\"wp-page\" data-elementor-id=\"3128\" class=\"elementor elementor-3128 elementor-1134\" data-elementor-post-type=\"page\">\n\t\t\t\t<div class=\"elementor-element elementor-element-b972504 e-flex e-con-boxed e-con e-parent\" data-id=\"b972504\" data-element_type=\"container\">\n\t\t\t\t\t<div class=\"e-con-inner\">\n\t\t\t\t<div class=\"elementor-element elementor-element-20ab85f elementor-widget elementor-widget-heading\" data-id=\"20ab85f\" data-element_type=\"widget\" data-widget_type=\"heading.default\">\n\t\t\t\t\t<h2 class=\"elementor-heading-title elementor-size-default\">\u00c0 propos de nous<\/h2>\t\t\t\t<\/div>\n\t\t\t\t\t<\/div>\n\t\t\t\t<\/div>\n\t\t<div class=\"elementor-element elementor-element-de8d0c6 e-flex e-con-boxed e-con e-parent\" data-id=\"de8d0c6\" data-element_type=\"container\">\n\t\t\t\t\t<div class=\"e-con-inner\">\n\t\t\t\t<div class=\"elementor-element elementor-element-9373b11 elementor-widget elementor-widget-image\" data-id=\"9373b11\" data-element_type=\"widget\" data-widget_type=\"image.default\">\n\t\t\t\t\t\t\t\t\t\t\t\t\t\t\t<img fetchpriority=\"high\" decoding=\"async\" width=\"1600\" height=\"1039\" src=\"https:\/\/rioholiday.com\/wp-content\/uploads\/2025\/11\/rioholiday-support-1.jpg\" class=\"attachment-full size-full wp-image-3132\" alt=\"\" \/>\t\t\t\t\t\t\t\t\t\t\t\t\t\t\t<\/div>\n\t\t\t\t\t<\/div>\n\t\t\t\t<\/div>\n\t\t<div class=\"elementor-element elementor-element-7a42c5e e-flex e-con-boxed e-con e-parent\" data-id=\"7a42c5e\" data-element_type=\"container\">\n\t\t\t\t\t<div class=\"e-con-inner\">\n\t\t\t\t<div class=\"elementor-element elementor-element-06d31e1 elementor-widget elementor-widget-text-editor\" data-id=\"06d31e1\" data-element_type=\"widget\" data-widget_type=\"text-editor.default\">\n\t\t\t\t\t\t\t\t\t<p>Rio Holiday a accueilli ses premiers clients \u00e0 Rio de Janeiro en 2004. Depuis, nous avons re\u00e7u des centaines de touristes et les avons aid\u00e9s \u00e0 r\u00e9aliser leur r\u00eave&nbsp;: des vacances inoubliables. Apr\u00e8s quelques ann\u00e9es d&rsquo;absence, nous sommes de retour, plus performants que jamais. Auparavant, nous louions des villas enti\u00e8res \u00e0 un seul groupe. D\u00e9sormais, nous avons transform\u00e9 notre plus grande villa en un h\u00f4tel de charme de luxe.      <\/p><p>Nous avons \u00e9tabli un partenariat avec Casa Design, une agence r\u00e9put\u00e9e dans le Grand Rio pour ses salons annuels du design. Nous sommes fiers que cette villa ait \u00e9t\u00e9 choisie \u00e0 trois reprises comme vitrine pour les architectes et designers locaux. Nos nouveaux partenaires sont bien implant\u00e9s \u00e0 Rio et partagent les m\u00eames objectifs que ceux d\u00e9finis par Rio Holiday il y a de nombreuses ann\u00e9es.    <\/p><p>Nous croyons qu&rsquo;il faut traiter nos clients comme nous aimerions \u00eatre trait\u00e9s. Nous accueillons les voyageurs de toutes races, croyances et orientations et nous traitons chacun avec le m\u00eame respect. Bien entendu, nous exigeons \u00e9galement de nos clients le respect mutuel envers les autres voyageurs.<\/p>\t\t\t\t\t\t\t\t<\/div>\n\t\t\t\t\t<\/div>\n\t\t\t\t<\/div>\n\t\t<div class=\"elementor-element elementor-element-9a3bb04 e-flex e-con-boxed e-con e-parent\" data-id=\"9a3bb04\" data-element_type=\"container\">\n\t\t\t\t\t<div class=\"e-con-inner\">\n\t\t\t\t<div class=\"elementor-element elementor-element-1cc9ea9 elementor-widget elementor-widget-heading\" data-id=\"1cc9ea9\" data-element_type=\"widget\" data-widget_type=\"heading.default\">\n\t\t\t\t\t<h2 class=\"elementor-heading-title elementor-size-default\">Contactez-nous<\/h2>\t\t\t\t<\/div>\n\t\t\t\t\t<\/div>\n\t\t\t\t<\/div>\n\t\t<div class=\"elementor-element elementor-element-d47da3b e-flex e-con-boxed e-con e-parent\" data-id=\"d47da3b\" data-element_type=\"container\">\n\t\t\t\t\t<div class=\"e-con-inner\">\n\t\t\t\t<div class=\"elementor-element elementor-element-8d3dd9b elementor-widget elementor-widget-text-editor\" data-id=\"8d3dd9b\" data-element_type=\"widget\" data-widget_type=\"text-editor.default\">\n\t\t\t\t\t\t\t\t\t<p>Pour toute question, probl\u00e8me ou remarque, le meilleur moyen de nous contacter est via notre page <a href=\"https:\/\/rioholiday.com\/fr\/a-propos-des-vacances-a-rio-2\/\">\u00ab&nbsp;Nous contacter&nbsp;\u00bb<\/a> . Vous pouvez \u00e9galement nous appeler aux num\u00e9ros ci-dessous ou nous envoyer un message WhatsApp. <\/p>\t\t\t\t\t\t\t\t<\/div>\n\t\t\t\t\t<\/div>\n\t\t\t\t<\/div>\n\t\t<div class=\"elementor-element elementor-element-460d2f0 e-flex e-con-boxed e-con e-parent\" data-id=\"460d2f0\" data-element_type=\"container\">\n\t\t\t\t\t<div class=\"e-con-inner\">\n\t\t\t\t<div class=\"elementor-element elementor-element-eedbf92 elementor-widget elementor-widget-text-editor\" data-id=\"eedbf92\" data-element_type=\"widget\" data-widget_type=\"text-editor.default\">\n\t\t\t\t\t\t\t\t\t<p>Rio Holiday LLC est une soci\u00e9t\u00e9 \u00e0 responsabilit\u00e9 limit\u00e9e du Texas, situ\u00e9e \u00e0 San Antonio, au Texas, aux \u00c9tats-Unis d&rsquo;Am\u00e9rique.<\/p><p><span \n                data-original-string='D04o0eqAcIftcXak6IPiAw==1det4IIL7ZzNSOb+aUSok67zCJlX9jOm5XLCb92DSU\/FIA='\n                class='apbct-email-encoder'\n                title='This contact has been encoded by Anti-Spam by CleanTalk. Click to decode. To finish the decoding make sure that JavaScript is enabled in your browser.'>sa<span class=\"apbct-blur\">*****<\/span>@<span class=\"apbct-blur\">********<\/span>ay.com<\/span><br> Bureau des ventes aux \u00c9tats-Unis&nbsp;: +1&nbsp;210-878-6046<br> Nos bureaux de vente sont situ\u00e9s dans le fuseau horaire UTC\/GMT-6 en heure normale.<\/p><p>H\u00f4tel au Br\u00e9sil +55 21 99689-9989<br> Bureau de vente au Br\u00e9sil (en portugais ou en anglais)<br> H\u00f4tel boutique Rio Holiday<br> 345 Rua Nossa Senhora de Lourdes<br> S\u00e3o Francisco, Niter\u00f3i, Rio de Janeiro, Br\u00e9sil 24360-420<br> Rio se trouve dans le fuseau horaire <span style=\"font-size: 1rem;\">UTC\/GMT-3.<\/span><\/p><p>Rio Holiday LLC<br> 9901 IH 10 Ouest, Suite 800<br> San Antonio, Texas 78230<\/p>\t\t\t\t\t\t\t\t<\/div>\n\t\t\t\t\t<\/div>\n\t\t\t\t<\/div>\n\t\t<div class=\"elementor-element elementor-element-07e15f9 e-flex e-con-boxed e-con e-parent\" data-id=\"07e15f9\" data-element_type=\"container\">\n\t\t\t\t\t<div class=\"e-con-inner\">\n\t\t\t\t<div class=\"elementor-element elementor-element-e9e4b6d elementor-widget elementor-widget-heading\" data-id=\"e9e4b6d\" data-element_type=\"widget\" data-widget_type=\"heading.default\">\n\t\t\t\t\t<h2 class=\"elementor-heading-title elementor-size-default\">Amis et partenaires<\/h2>\t\t\t\t<\/div>\n\t\t\t\t\t<\/div>\n\t\t\t\t<\/div>\n\t\t<div class=\"elementor-element elementor-element-ebbee19 e-flex e-con-boxed e-con e-parent\" data-id=\"ebbee19\" data-element_type=\"container\">\n\t\t\t\t\t<div class=\"e-con-inner\">\n\t\t<div class=\"elementor-element elementor-element-8c18651 e-con-full e-flex e-con e-child\" data-id=\"8c18651\" data-element_type=\"container\">\n\t\t\t\t<div class=\"elementor-element elementor-element-1a315ef elementor-widget elementor-widget-image\" data-id=\"1a315ef\" data-element_type=\"widget\" data-widget_type=\"image.default\">\n\t\t\t\t\t\t\t\t\t\t\t\t\t\t\t<img decoding=\"async\" width=\"300\" height=\"300\" data-src=\"https:\/\/rioholiday.com\/wp-content\/uploads\/2025\/11\/rioholiday-support-3.jpg\" class=\"attachment-medium size-medium wp-image-3133 lazyload\" alt=\"\" data-srcset=\"https:\/\/rioholiday.com\/wp-content\/uploads\/2025\/11\/rioholiday-support-3.jpg 1200w, https:\/\/rioholiday.com\/wp-content\/uploads\/2025\/11\/rioholiday-support-3-800x800.jpg 800w\" data-sizes=\"(max-width: 300px) 100vw, 300px\" src=\"data:image\/svg+xml;base64,PHN2ZyB3aWR0aD0iMSIgaGVpZ2h0PSIxIiB4bWxucz0iaHR0cDovL3d3dy53My5vcmcvMjAwMC9zdmciPjwvc3ZnPg==\" style=\"--smush-placeholder-width: 300px; --smush-placeholder-aspect-ratio: 300\/300;\" \/>\t\t\t\t\t\t\t\t\t\t\t\t\t\t\t<\/div>\n\t\t\t\t<\/div>\n\t\t<div class=\"elementor-element elementor-element-e8680f1 e-con-full e-flex e-con e-child\" data-id=\"e8680f1\" data-element_type=\"container\">\n\t\t\t\t<div class=\"elementor-element elementor-element-ebb0c31 elementor-widget elementor-widget-text-editor\" data-id=\"ebb0c31\" data-element_type=\"widget\" data-widget_type=\"text-editor.default\">\n\t\t\t\t\t\t\t\t\t<p>Les photos de notre site web ont \u00e9t\u00e9 r\u00e9alis\u00e9es par VF Studio, que nous recommandons sans h\u00e9siter. Vous pouvez les retrouver sur Instagram&nbsp;: @vffotografico. VF Studio est situ\u00e9 dans la r\u00e9gion de Rio de Janeiro, au Br\u00e9sil, et vous pouvez les contacter en portugais ou en anglais.  <\/p>\t\t\t\t\t\t\t\t<\/div>\n\t\t\t\t<\/div>\n\t\t\t\t\t<\/div>\n\t\t\t\t<\/div>\n\t\t\t\t<\/div>\n\t\t","protected":false},"excerpt":{"rendered":"<p>\u00c0 propos de nous Rio Holiday a accueilli ses premiers clients \u00e0 Rio de Janeiro en 2004. Depuis, nous avons [&hellip;]<\/p>\n","protected":false},"author":1,"featured_media":0,"parent":0,"menu_order":0,"comment_status":"closed","ping_status":"closed","template":"","meta":{"site-sidebar-layout":"no-sidebar","site-content-layout":"","ast-site-content-layout":"full-width-container","site-content-style":"default","site-sidebar-style":"default","ast-global-header-display":"","ast-banner-title-visibility":"","ast-main-header-display":"","ast-hfb-above-header-display":"","ast-hfb-below-header-display":"","ast-hfb-mobile-header-display":"","site-post-title":"disabled","ast-breadcrumbs-content":"","ast-featured-img":"disabled","footer-sml-layout":"","ast-disable-related-posts":"","theme-transparent-header-meta":"","adv-header-id-meta":"","stick-header-meta":"","header-above-stick-meta":"","header-main-stick-meta":"","header-below-stick-meta":"","astra-migrate-meta-layouts":"default","ast-page-background-enabled":"default","ast-page-background-meta":{"desktop":{"background-color":"var(--ast-global-color-5)","background-image":"","background-repeat":"repeat","background-position":"center center","background-size":"auto","background-attachment":"scroll","background-type":"","background-media":"","overlay-type":"","overlay-color":"","overlay-opacity":"","overlay-gradient":""},"tablet":{"background-color":"","background-image":"","background-repeat":"repeat","background-position":"center center","background-size":"auto","background-attachment":"scroll","background-type":"","background-media":"","overlay-type":"","overlay-color":"","overlay-opacity":"","overlay-gradient":""},"mobile":{"background-color":"","background-image":"","background-repeat":"repeat","background-position":"center center","background-size":"auto","background-attachment":"scroll","background-type":"","background-media":"","overlay-type":"","overlay-color":"","overlay-opacity":"","overlay-gradient":""}},"ast-content-background-meta":{"desktop":{"background-color":"var(--ast-global-color-4)","background-image":"","background-repeat":"repeat","background-position":"center center","background-size":"auto","background-attachment":"scroll","background-type":"","background-media":"","overlay-type":"","overlay-color":"","overlay-opacity":"","overlay-gradient":""},"tablet":{"background-color":"var(--ast-global-color-4)","background-image":"","background-repeat":"repeat","background-position":"center center","background-size":"auto","background-attachment":"scroll","background-type":"","background-media":"","overlay-type":"","overlay-color":"","overlay-opacity":"","overlay-gradient":""},"mobile":{"background-color":"var(--ast-global-color-4)","background-image":"","background-repeat":"repeat","background-position":"center center","background-size":"auto","background-attachment":"scroll","background-type":"","background-media":"","overlay-type":"","overlay-color":"","overlay-opacity":"","overlay-gradient":""}},"footnotes":""},"class_list":["post-3128","page","type-page","status-publish","hentry"],"yoast_head":"<!-- This site is optimized with the Yoast SEO Premium plugin v26.6 (Yoast SEO v26.6) - https:\/\/yoast.com\/wordpress\/plugins\/seo\/ -->\n<title>\u00c0 propos des vacances \u00e0 Rio - Rio Holiday Boutique Hotel<\/title>\n<meta name=\"robots\" content=\"index, follow, max-snippet:-1, max-image-preview:large, max-video-preview:-1\" \/>\n<link rel=\"canonical\" href=\"https:\/\/rioholiday.com\/fr\/a-propos-des-vacances-a-rio\/\" \/>\n<meta property=\"og:locale\" content=\"fr_FR\" \/>\n<meta property=\"og:type\" content=\"article\" \/>\n<meta property=\"og:title\" content=\"\u00c0 propos des vacances \u00e0 Rio\" \/>\n<meta property=\"og:description\" content=\"\u00c0 propos de nous Rio Holiday a accueilli ses premiers clients \u00e0 Rio de Janeiro en 2004. Depuis, nous avons [&hellip;]\" \/>\n<meta property=\"og:url\" content=\"https:\/\/rioholiday.com\/fr\/a-propos-des-vacances-a-rio\/\" \/>\n<meta property=\"og:site_name\" content=\"Rio Holiday Boutique Hotel\" \/>\n<meta property=\"article:modified_time\" content=\"2025-12-09T05:33:53+00:00\" \/>\n<meta property=\"og:image\" content=\"https:\/\/rioholiday.com\/wp-content\/uploads\/2025\/11\/rioholiday-support-1.jpg\" \/>\n\t<meta property=\"og:image:width\" content=\"1600\" \/>\n\t<meta property=\"og:image:height\" content=\"1039\" \/>\n\t<meta property=\"og:image:type\" content=\"image\/jpeg\" \/>\n<meta name=\"twitter:card\" content=\"summary_large_image\" \/>\n<meta name=\"twitter:label1\" content=\"Dur\u00e9e de lecture estim\u00e9e\" \/>\n\t<meta name=\"twitter:data1\" content=\"2 minutes\" \/>\n<script type=\"application\/ld+json\" class=\"yoast-schema-graph\">{\"@context\":\"https:\/\/schema.org\",\"@graph\":[{\"@type\":\"WebPage\",\"@id\":\"https:\/\/rioholiday.com\/fr\/a-propos-des-vacances-a-rio\/\",\"url\":\"https:\/\/rioholiday.com\/fr\/a-propos-des-vacances-a-rio\/\",\"name\":\"\u00c0 propos des vacances \u00e0 Rio - Rio Holiday Boutique Hotel\",\"isPartOf\":{\"@id\":\"https:\/\/rioholiday.com\/fr\/#website\"},\"primaryImageOfPage\":{\"@id\":\"https:\/\/rioholiday.com\/fr\/a-propos-des-vacances-a-rio\/#primaryimage\"},\"image\":{\"@id\":\"https:\/\/rioholiday.com\/fr\/a-propos-des-vacances-a-rio\/#primaryimage\"},\"thumbnailUrl\":\"https:\/\/rioholiday.com\/wp-content\/uploads\/2025\/11\/rioholiday-support-1.jpg\",\"datePublished\":\"2025-11-02T04:19:35+00:00\",\"dateModified\":\"2025-12-09T05:33:53+00:00\",\"breadcrumb\":{\"@id\":\"https:\/\/rioholiday.com\/fr\/a-propos-des-vacances-a-rio\/#breadcrumb\"},\"inLanguage\":\"fr-FR\",\"potentialAction\":[{\"@type\":\"ReadAction\",\"target\":[\"https:\/\/rioholiday.com\/fr\/a-propos-des-vacances-a-rio\/\"]}]},{\"@type\":\"ImageObject\",\"inLanguage\":\"fr-FR\",\"@id\":\"https:\/\/rioholiday.com\/fr\/a-propos-des-vacances-a-rio\/#primaryimage\",\"url\":\"https:\/\/rioholiday.com\/wp-content\/uploads\/2025\/11\/rioholiday-support-1.jpg\",\"contentUrl\":\"https:\/\/rioholiday.com\/wp-content\/uploads\/2025\/11\/rioholiday-support-1.jpg\"},{\"@type\":\"BreadcrumbList\",\"@id\":\"https:\/\/rioholiday.com\/fr\/a-propos-des-vacances-a-rio\/#breadcrumb\",\"itemListElement\":[{\"@type\":\"ListItem\",\"position\":1,\"name\":\"Home\",\"item\":\"https:\/\/rioholiday.com\/fr\/hotel-boutique-rio-holiday\/\"},{\"@type\":\"ListItem\",\"position\":2,\"name\":\"\u00c0 propos des vacances \u00e0 Rio\"}]},{\"@type\":\"WebSite\",\"@id\":\"https:\/\/rioholiday.com\/fr\/#website\",\"url\":\"https:\/\/rioholiday.com\/fr\/\",\"name\":\"Rio Holiday Boutique Hotel\",\"description\":\"\",\"publisher\":{\"@id\":\"https:\/\/rioholiday.com\/fr\/#organization\"},\"potentialAction\":[{\"@type\":\"SearchAction\",\"target\":{\"@type\":\"EntryPoint\",\"urlTemplate\":\"https:\/\/rioholiday.com\/fr\/?s={search_term_string}\"},\"query-input\":{\"@type\":\"PropertyValueSpecification\",\"valueRequired\":true,\"valueName\":\"search_term_string\"}}],\"inLanguage\":\"fr-FR\"},{\"@type\":\"Organization\",\"@id\":\"https:\/\/rioholiday.com\/fr\/#organization\",\"name\":\"Rio Holiday Boutique Hotel\",\"url\":\"https:\/\/rioholiday.com\/fr\/\",\"logo\":{\"@type\":\"ImageObject\",\"inLanguage\":\"fr-FR\",\"@id\":\"https:\/\/rioholiday.com\/fr\/#\/schema\/logo\/image\/\",\"url\":\"https:\/\/rioholiday.com\/wp-content\/uploads\/2025\/10\/RIO-HOLIDAY-Logo-100x59-1.jpg\",\"contentUrl\":\"https:\/\/rioholiday.com\/wp-content\/uploads\/2025\/10\/RIO-HOLIDAY-Logo-100x59-1.jpg\",\"width\":100,\"height\":59,\"caption\":\"Rio Holiday Boutique Hotel\"},\"image\":{\"@id\":\"https:\/\/rioholiday.com\/fr\/#\/schema\/logo\/image\/\"},\"sameAs\":[\"https:\/\/www.instagram.com\/rioholidayhotel\/\"]}]}<\/script>\n<!-- \/ Yoast SEO Premium plugin. -->","yoast_head_json":{"title":"\u00c0 propos des vacances \u00e0 Rio - Rio Holiday Boutique Hotel","robots":{"index":"index","follow":"follow","max-snippet":"max-snippet:-1","max-image-preview":"max-image-preview:large","max-video-preview":"max-video-preview:-1"},"canonical":"https:\/\/rioholiday.com\/fr\/a-propos-des-vacances-a-rio\/","og_locale":"fr_FR","og_type":"article","og_title":"\u00c0 propos des vacances \u00e0 Rio","og_description":"\u00c0 propos de nous Rio Holiday a accueilli ses premiers clients \u00e0 Rio de Janeiro en 2004. Depuis, nous avons [&hellip;]","og_url":"https:\/\/rioholiday.com\/fr\/a-propos-des-vacances-a-rio\/","og_site_name":"Rio Holiday Boutique Hotel","article_modified_time":"2025-12-09T05:33:53+00:00","og_image":[{"width":1600,"height":1039,"url":"https:\/\/rioholiday.com\/wp-content\/uploads\/2025\/11\/rioholiday-support-1.jpg","type":"image\/jpeg"}],"twitter_card":"summary_large_image","twitter_misc":{"Dur\u00e9e de lecture estim\u00e9e":"2 minutes"},"schema":{"@context":"https:\/\/schema.org","@graph":[{"@type":"WebPage","@id":"https:\/\/rioholiday.com\/fr\/a-propos-des-vacances-a-rio\/","url":"https:\/\/rioholiday.com\/fr\/a-propos-des-vacances-a-rio\/","name":"\u00c0 propos des vacances \u00e0 Rio - Rio Holiday Boutique Hotel","isPartOf":{"@id":"https:\/\/rioholiday.com\/fr\/#website"},"primaryImageOfPage":{"@id":"https:\/\/rioholiday.com\/fr\/a-propos-des-vacances-a-rio\/#primaryimage"},"image":{"@id":"https:\/\/rioholiday.com\/fr\/a-propos-des-vacances-a-rio\/#primaryimage"},"thumbnailUrl":"https:\/\/rioholiday.com\/wp-content\/uploads\/2025\/11\/rioholiday-support-1.jpg","datePublished":"2025-11-02T04:19:35+00:00","dateModified":"2025-12-09T05:33:53+00:00","breadcrumb":{"@id":"https:\/\/rioholiday.com\/fr\/a-propos-des-vacances-a-rio\/#breadcrumb"},"inLanguage":"fr-FR","potentialAction":[{"@type":"ReadAction","target":["https:\/\/rioholiday.com\/fr\/a-propos-des-vacances-a-rio\/"]}]},{"@type":"ImageObject","inLanguage":"fr-FR","@id":"https:\/\/rioholiday.com\/fr\/a-propos-des-vacances-a-rio\/#primaryimage","url":"https:\/\/rioholiday.com\/wp-content\/uploads\/2025\/11\/rioholiday-support-1.jpg","contentUrl":"https:\/\/rioholiday.com\/wp-content\/uploads\/2025\/11\/rioholiday-support-1.jpg"},{"@type":"BreadcrumbList","@id":"https:\/\/rioholiday.com\/fr\/a-propos-des-vacances-a-rio\/#breadcrumb","itemListElement":[{"@type":"ListItem","position":1,"name":"Home","item":"https:\/\/rioholiday.com\/fr\/hotel-boutique-rio-holiday\/"},{"@type":"ListItem","position":2,"name":"\u00c0 propos des vacances \u00e0 Rio"}]},{"@type":"WebSite","@id":"https:\/\/rioholiday.com\/fr\/#website","url":"https:\/\/rioholiday.com\/fr\/","name":"Rio Holiday Boutique Hotel","description":"","publisher":{"@id":"https:\/\/rioholiday.com\/fr\/#organization"},"potentialAction":[{"@type":"SearchAction","target":{"@type":"EntryPoint","urlTemplate":"https:\/\/rioholiday.com\/fr\/?s={search_term_string}"},"query-input":{"@type":"PropertyValueSpecification","valueRequired":true,"valueName":"search_term_string"}}],"inLanguage":"fr-FR"},{"@type":"Organization","@id":"https:\/\/rioholiday.com\/fr\/#organization","name":"Rio Holiday Boutique Hotel","url":"https:\/\/rioholiday.com\/fr\/","logo":{"@type":"ImageObject","inLanguage":"fr-FR","@id":"https:\/\/rioholiday.com\/fr\/#\/schema\/logo\/image\/","url":"https:\/\/rioholiday.com\/wp-content\/uploads\/2025\/10\/RIO-HOLIDAY-Logo-100x59-1.jpg","contentUrl":"https:\/\/rioholiday.com\/wp-content\/uploads\/2025\/10\/RIO-HOLIDAY-Logo-100x59-1.jpg","width":100,"height":59,"caption":"Rio Holiday Boutique Hotel"},"image":{"@id":"https:\/\/rioholiday.com\/fr\/#\/schema\/logo\/image\/"},"sameAs":["https:\/\/www.instagram.com\/rioholidayhotel\/"]}]}},"_links":{"self":[{"href":"https:\/\/rioholiday.com\/fr\/wp-json\/wp\/v2\/pages\/3128","targetHints":{"allow":["GET"]}}],"collection":[{"href":"https:\/\/rioholiday.com\/fr\/wp-json\/wp\/v2\/pages"}],"about":[{"href":"https:\/\/rioholiday.com\/fr\/wp-json\/wp\/v2\/types\/page"}],"author":[{"embeddable":true,"href":"https:\/\/rioholiday.com\/fr\/wp-json\/wp\/v2\/users\/1"}],"replies":[{"embeddable":true,"href":"https:\/\/rioholiday.com\/fr\/wp-json\/wp\/v2\/comments?post=3128"}],"version-history":[{"count":0,"href":"https:\/\/rioholiday.com\/fr\/wp-json\/wp\/v2\/pages\/3128\/revisions"}],"wp:attachment":[{"href":"https:\/\/rioholiday.com\/fr\/wp-json\/wp\/v2\/media?parent=3128"}],"curies":[{"name":"wp","href":"https:\/\/api.w.org\/{rel}","templated":true}]}}