{"id":3148,"date":"2025-11-02T04:41:04","date_gmt":"2025-11-02T04:41:04","guid":{"rendered":"https:\/\/rioholiday.com\/politique-de-confidentialite-de-rio-holiday\/"},"modified":"2025-12-09T05:33:29","modified_gmt":"2025-12-09T05:33:29","slug":"politique-de-confidentialite-de-rio-holiday","status":"publish","type":"page","link":"https:\/\/rioholiday.com\/fr\/politique-de-confidentialite-de-rio-holiday\/","title":{"rendered":"Politique de confidentialit\u00e9 de Rio Holiday"},"content":{"rendered":"\t\t<div data-elementor-type=\"wp-page\" data-elementor-id=\"3148\" class=\"elementor elementor-3148 elementor-1147\" data-elementor-post-type=\"page\">\n\t\t\t\t<div class=\"elementor-element elementor-element-b972504 e-flex e-con-boxed e-con e-parent\" data-id=\"b972504\" data-element_type=\"container\">\n\t\t\t\t\t<div class=\"e-con-inner\">\n\t\t\t\t<div class=\"elementor-element elementor-element-20ab85f elementor-widget elementor-widget-heading\" data-id=\"20ab85f\" data-element_type=\"widget\" data-widget_type=\"heading.default\">\n\t\t\t\t\t<h2 class=\"elementor-heading-title elementor-size-default\">Politique de confidentialit\u00e9 de Rio Holiday<\/h2>\t\t\t\t<\/div>\n\t\t\t\t\t<\/div>\n\t\t\t\t<\/div>\n\t\t<div class=\"elementor-element elementor-element-7a42c5e e-flex e-con-boxed e-con e-parent\" data-id=\"7a42c5e\" data-element_type=\"container\">\n\t\t\t\t\t<div class=\"e-con-inner\">\n\t\t\t\t<div class=\"elementor-element elementor-element-06d31e1 elementor-widget elementor-widget-text-editor\" data-id=\"06d31e1\" data-element_type=\"widget\" data-widget_type=\"text-editor.default\">\n\t\t\t\t\t\t\t\t\t<h2 id=\"h-who-we-are\" class=\"wp-block-heading\">Qui sommes-nous ?<\/h2>\n<p>Rio Holiday est une soci\u00e9t\u00e9 \u00e0 responsabilit\u00e9 limit\u00e9e du Texas, situ\u00e9e \u00e0 San Antonio, au Texas, aux \u00c9tats-Unis. Notre site web est&nbsp;: https:\/\/www.RioHoliday.com <\/p>\n<p><span \n                data-original-string='aG14FKQBzwo2ZCnYIvOTGA==1dec2QS+e5mAjRNXZZ21+aYxhcWE+6Uv+dDnKefeeuEvVA='\n                class='apbct-email-encoder'\n                title='This contact has been encoded by Anti-Spam by CleanTalk. Click to decode. To finish the decoding make sure that JavaScript is enabled in your browser.'>pr<span class=\"apbct-blur\">*****<\/span>@<span class=\"apbct-blur\">********<\/span>ay.com<\/span><br> <span \n                data-original-string='Vk5m1wE9HTkyYpoU1MOEdQ==1desxXW8qLfRgw+NdcnBYJbebs3pIrHEfB\/SrM4w33xtzg='\n                class='apbct-email-encoder'\n                title='This contact has been encoded by Anti-Spam by CleanTalk. Click to decode. To finish the decoding make sure that JavaScript is enabled in your browser.'>sa<span class=\"apbct-blur\">*****<\/span>@<span class=\"apbct-blur\">********<\/span>ay.com<\/span><br> Bureau des ventes aux \u00c9tats-Unis&nbsp;: +1&nbsp;210-878-6046<br> Nos bureaux de vente sont situ\u00e9s dans le fuseau horaire UTC\/GMT-6 en heure normale.<\/p>\n<p>H\u00f4tel au Br\u00e9sil +55 21 99689-9989<br> Bureau de vente au Br\u00e9sil (en portugais ou en anglais)<br> Rio se trouve dans le fuseau horaire <span style=\"font-size: 1rem;\">UTC\/GMT-3.<\/span><\/p>\n<p>Rio Holiday LLC<br> 9901 IH 10 Ouest, Suite 800<br> San Antonio, Texas 78230<\/p>\n<h2 id=\"h-what-personal-data-we-collect-and-why-we-collect-it\" class=\"wp-block-heading\">Quelles donn\u00e9es personnelles collectons-nous et pourquoi les collectons-nous ?<\/h2>\n<h3 id=\"h-comments\" class=\"wp-block-heading\">Commentaires<\/h3>\n<p>Lorsque les visiteurs laissent des commentaires sur le site, nous collectons les donn\u00e9es affich\u00e9es dans le formulaire de commentaires, ainsi que l&rsquo;adresse IP du visiteur et la cha\u00eene de l&rsquo;agent utilisateur de son navigateur afin de faciliter la d\u00e9tection des spams.<\/p>\n<p>Une cha\u00eene anonymis\u00e9e (ou hachage) cr\u00e9\u00e9e \u00e0 partir de votre adresse courriel peut \u00eatre transmise au service Gravatar afin de v\u00e9rifier si vous l\u2019utilisez. La politique de confidentialit\u00e9 de Gravatar est disponible ici&nbsp;: https:\/\/automattic.com\/privacy\/. Apr\u00e8s validation de votre commentaire, votre photo de profil sera visible publiquement. <\/p>\n<h3 id=\"h-media\" class=\"wp-block-heading\">M\u00e9dias<\/h3>\n<p>Si vous t\u00e9l\u00e9chargez des images sur le site web, \u00e9vitez d&rsquo;inclure des donn\u00e9es de g\u00e9olocalisation (EXIF GPS). Les visiteurs du site peuvent t\u00e9l\u00e9charger et extraire ces donn\u00e9es. <\/p>\n<h3 id=\"h-booking-form-s\" class=\"wp-block-heading\"><strong>Formulaire de r\u00e9servation<\/strong><\/h3>\n<p>Nous demandons des informations \u00e0 l&rsquo;utilisateur sur notre formulaire de r\u00e9servation. L&rsquo;utilisateur doit fournir ses coordonn\u00e9es (nom, adresse e-mail et adresse postale) et peut \u00e9galement fournir des informations financi\u00e8res (num\u00e9ro de carte bancaire et date d&rsquo;expiration). Ces informations servent \u00e0 la facturation et au traitement des commandes. En cas de probl\u00e8me lors du traitement d&rsquo;une commande, ces informations nous permettent de contacter l&rsquo;utilisateur.   <\/p>\n<p>Nous savons que la s\u00e9curit\u00e9 des cartes de cr\u00e9dit est une pr\u00e9occupation majeure pour nos clients. C&rsquo;est pourquoi nous utilisons deux des plus grandes plateformes de transfert de fonds au monde&nbsp;: PayPal et Stripe. &nbsp;  Si vous choisissez d&rsquo;utiliser l&rsquo;un de ces comptes, vos informations de carte de cr\u00e9dit personnelle ne nous seront pas communiqu\u00e9es.&nbsp;  Nous conserverons toutefois les informations relatives \u00e0 votre compte afin de pouvoir vous facturer le cas \u00e9ch\u00e9ant. Si nous obtenons vos informations financi\u00e8res personnelles pour une raison quelconque, nous pourrions les conserver pendant une dur\u00e9e maximale de 60 jours apr\u00e8s votre s\u00e9jour au Br\u00e9sil. Pass\u00e9 ce d\u00e9lai, ces informations seront supprim\u00e9es.  <\/p>\n<p>Nous conservons les informations recueillies via nos formulaires de r\u00e9servation afin de vous offrir le meilleur service possible. Ces informations nous permettent \u00e9galement de mieux comprendre vos besoins et sont agr\u00e9g\u00e9es de mani\u00e8re anonyme \u00e0 des fins de marketing et de d\u00e9veloppement produit. Nous ne partageons vos informations personnelles avec aucun tiers ext\u00e9rieur \u00e0 notre organisation.  <\/p>\n<h3 id=\"h-cookies\" class=\"wp-block-heading\">Cookies<\/h3>\n<p>Si vous laissez un commentaire sur notre site, vous pouvez choisir d&rsquo;enregistrer votre nom, votre adresse courriel et votre site web dans des cookies. Ces cookies sont destin\u00e9s \u00e0 votre confort afin que vous n&rsquo;ayez pas \u00e0 saisir \u00e0 nouveau ces informations lorsque vous laissez un autre commentaire. Ces cookies seront conserv\u00e9s pendant un an.  <\/p>\n<p>Si vous consultez notre page de connexion, un cookie temporaire sera cr\u00e9\u00e9 afin de d\u00e9terminer si votre navigateur accepte les cookies. Ce cookie ne contient aucune donn\u00e9e personnelle et est supprim\u00e9 lorsque vous fermez votre navigateur. <\/p>\n<p>Lorsque vous vous connectez, nous installons \u00e9galement des cookies pour enregistrer vos informations de connexion et vos pr\u00e9f\u00e9rences d&rsquo;affichage. Les cookies de connexion sont conserv\u00e9s pendant deux jours et les cookies d&rsquo;options d&rsquo;affichage pendant un an. Si vous cochez la case \u00ab&nbsp;Se souvenir de moi&nbsp;\u00bb, votre connexion sera maintenue pendant deux semaines. Si vous vous d\u00e9connectez, les cookies de connexion seront supprim\u00e9s.   <\/p>\n<p>Si vous modifiez ou publiez un article, un cookie suppl\u00e9mentaire sera enregistr\u00e9 dans votre navigateur. Ce cookie ne contient aucune donn\u00e9e personnelle et indique simplement l&rsquo;identifiant de l&rsquo;article que vous venez de modifier. Il expire apr\u00e8s un jour.  <\/p>\n<h3 id=\"h-embedded-content-from-other-websites\" class=\"wp-block-heading\">Contenu int\u00e9gr\u00e9 provenant d&rsquo;autres sites web<\/h3>\n<p>Les articles de ce site peuvent inclure du contenu int\u00e9gr\u00e9 (par exemple, des vid\u00e9os, des images, des articles, etc.). Le contenu int\u00e9gr\u00e9 provenant d&rsquo;autres sites web se comporte exactement de la m\u00eame mani\u00e8re que si le visiteur avait consult\u00e9 directement ces sites. <\/p>\n<p>Ces sites web peuvent collecter des donn\u00e9es vous concernant, utiliser des cookies, int\u00e9grer des outils de suivi tiers suppl\u00e9mentaires et surveiller votre interaction avec ce contenu int\u00e9gr\u00e9, y compris le suivi de votre interaction avec le contenu int\u00e9gr\u00e9 si vous poss\u00e9dez un compte et \u00eates connect\u00e9 \u00e0 ce site web.<\/p>\n<h3 id=\"h-analytics\" class=\"wp-block-heading\">Analytique<\/h3>\n<p>Nous utilisons diff\u00e9rentes technologies logicielles d&rsquo;analyse qui nous aident \u00e0 mieux g\u00e9rer le contenu de notre site en nous indiquant quel contenu est efficace. Aucune de ces informations n&rsquo;est associ\u00e9e aux donn\u00e9es personnelles des utilisateurs. <\/p>\n<p>Comme la plupart des serveurs web, nous utilisons des fichiers journaux. Ceux-ci contiennent des informations telles que les adresses IP, le type de navigateur, le fournisseur d&rsquo;acc\u00e8s \u00e0 Internet, les pages de provenance et de destination, le type de plateforme, la date et l&rsquo;heure, ainsi que le nombre de clics. Ces donn\u00e9es nous permettent d&rsquo;analyser les tendances, d&rsquo;administrer le site, de suivre les d\u00e9placements des utilisateurs de mani\u00e8re agr\u00e9g\u00e9e et de recueillir des informations d\u00e9mographiques g\u00e9n\u00e9rales \u00e0 des fins statistiques. Les adresses IP, etc., ne sont pas associ\u00e9es \u00e0 des donn\u00e9es permettant d&rsquo;identifier une personne.  <\/p>\n<div class=\"wp-block-getwid-advanced-heading\">\n<h3 class=\"wp-block-getwid-advanced-heading__content\">Orientations<\/h3>\n<\/div>\n<p>Si un utilisateur choisit d&rsquo;utiliser notre service de parrainage pour recommander notre site \u00e0 un ami, nous lui demandons le nom et l&rsquo;adresse e-mail de cet ami. Rio Holiday enverra automatiquement \u00e0 cet ami un e-mail unique l&rsquo;invitant \u00e0 visiter le site. Rio Holiday conserve ces informations uniquement pour l&rsquo;envoi de cet e-mail et le suivi de l&rsquo;efficacit\u00e9 de notre programme de parrainage. Votre ami peut contacter Rio Holiday \u00e0 l&rsquo;adresse suivante&nbsp;:   &nbsp;Veuillez envoyer <a href=\"mailto:pr*****@********ay.com\" data-original-string=\"wwTvKa7binrZuj+9yjknqg==1deczhzQygvyKa3a8ngSO1Ycecxticp8x+WdCXHcuFYJkE=\" title=\"This contact has been encoded by Anti-Spam by CleanTalk. Click to decode. To finish the decoding make sure that JavaScript is enabled in your browser.\">un courriel \u00e0 <span \n                data-original-string='UqhaKV+0YGHnFxCEv34UCA==1de7j7tY77+qCZ5yjh\/TuHeOt\/6+tjOsDxSvx0tw9zfvyk='\n                class='apbct-email-encoder'\n                title='This contact has been encoded by Anti-Spam by CleanTalk. Click to decode. To finish the decoding make sure that JavaScript is enabled in your browser.'>pr<span class=\"apbct-blur\">*****<\/span>@<span class=\"apbct-blur\">********<\/span>ay.com<\/span><\/a> pour demander la suppression de ces informations de notre base de donn\u00e9es.<\/p>\n<h2 id=\"h-additional-information\" class=\"wp-block-heading\">Informations Compl\u00e9mentaires<\/h2>\n<h3 id=\"h-who-we-share-your-data-with\" class=\"wp-block-heading\">Avec qui partageons-nous vos donn\u00e9es ?<\/h3>\n<p>Si vous communiquez avec nous au sujet d&rsquo;un s\u00e9jour, notamment pour vous renseigner sur les disponibilit\u00e9s, sans pour autant r\u00e9server, vos informations personnelles ne seront partag\u00e9es avec personne. En revanche, si vous r\u00e9servez directement sur notre site web ou via l&rsquo;un de nos sites partenaires (tels que Booking.com, Airbnb, HomeAway, Expedia, etc.), vos informations pourront \u00eatre transmises \u00e0 un prestataire de paiement tiers. De plus, vos informations de r\u00e9servation seront partag\u00e9es avec nos partenaires et affili\u00e9s br\u00e9siliens afin de vous offrir un service optimal.  <\/p>\n<p>Les commentaires des visiteurs peuvent \u00eatre v\u00e9rifi\u00e9s par un service automatis\u00e9 de d\u00e9tection de spam.<\/p>\n<h3 id=\"h-how-long-we-retain-your-data\" class=\"wp-block-heading\">Combien de temps conservons-nous vos donn\u00e9es ?<\/h3>\n<p>Si vous laissez un commentaire, celui-ci ainsi que ses m\u00e9tadonn\u00e9es sont conserv\u00e9s ind\u00e9finiment. Cela nous permet de reconna\u00eetre et d&rsquo;approuver automatiquement les commentaires suivants, sans avoir \u00e0 les mod\u00e9rer. <\/p>\n<p>Pour les utilisateurs qui s&rsquo;inscrivent sur notre site web (le cas \u00e9ch\u00e9ant), nous conservons \u00e9galement les informations personnelles qu&rsquo;ils fournissent dans leur profil. Tous les utilisateurs peuvent consulter, modifier ou supprimer leurs informations personnelles \u00e0 tout moment (\u00e0 l&rsquo;exception de leur nom d&rsquo;utilisateur). Les administrateurs du site web peuvent \u00e9galement consulter et modifier ces informations.  <\/p>\n<h3 id=\"h-what-rights-you-have-over-your-data\" class=\"wp-block-heading\">Quels sont vos droits sur vos donn\u00e9es ?<\/h3>\n<p>Si vous poss\u00e9dez un compte sur ce site ou si vous avez laiss\u00e9 des commentaires, vous pouvez demander \u00e0 recevoir un fichier export\u00e9 contenant les donn\u00e9es personnelles que nous d\u00e9tenons vous concernant, y compris les donn\u00e9es que vous nous avez fournies. Vous pouvez \u00e9galement demander la suppression de vos donn\u00e9es personnelles. Cette suppression ne concerne pas les donn\u00e9es que nous sommes tenus de conserver \u00e0 des fins administratives, l\u00e9gales ou de s\u00e9curit\u00e9.  <\/p>\n<h3 id=\"h-how-we-protect-your-data\" class=\"wp-block-heading\">Comment nous prot\u00e9geons vos donn\u00e9es<\/h3>\n<p>Ce site Web prend toutes les pr\u00e9cautions n\u00e9cessaires pour prot\u00e9ger les informations de ses utilisateurs. Lorsque les utilisateurs soumettent des informations sensibles via le site Web, leurs donn\u00e9es sont prot\u00e9g\u00e9es en ligne et hors ligne. <\/p>\n<p>Lorsque notre formulaire de r\u00e9servation demande aux utilisateurs de saisir des informations sensibles (telles que leur num\u00e9ro de carte bancaire et\/ou leur num\u00e9ro de s\u00e9curit\u00e9 sociale), ces informations sont chiffr\u00e9es et prot\u00e9g\u00e9es par SSL. Nous mettons \u00e9galement tout en \u0153uvre pour prot\u00e9ger les informations des utilisateurs hors ligne. Toutes les informations de nos utilisateurs, et pas seulement les informations sensibles mentionn\u00e9es ci-dessus, sont soumises \u00e0 des restrictions d&rsquo;acc\u00e8s dans nos bureaux. Seuls les employ\u00e9s qui ont besoin de ces informations pour effectuer une t\u00e2che sp\u00e9cifique (par exemple, notre responsable de la facturation ou un conseiller client\u00e8le) y ont acc\u00e8s.   <\/p>\n<h3 id=\"h-industry-regulatory-disclosure-requirements\" class=\"wp-block-heading\">Exigences de divulgation r\u00e9glementaire de l&rsquo;industrie<\/h3>\n<p>Lors de votre arriv\u00e9e \u00e0 l&rsquo;h\u00f4tel Rio Holiday, il vous sera demand\u00e9 de pr\u00e9senter une pi\u00e8ce d&rsquo;identit\u00e9, notamment votre passeport et votre justificatif de domicile. Conform\u00e9ment \u00e0 la l\u00e9gislation br\u00e9silienne, nous conservons ces informations et ne les communiquons \u00e0 aucun tiers. <\/p>\t\t\t\t\t\t\t\t<\/div>\n\t\t\t\t\t<\/div>\n\t\t\t\t<\/div>\n\t\t\t\t<\/div>\n\t\t","protected":false},"excerpt":{"rendered":"<p>Politique de confidentialit\u00e9 de Rio Holiday Qui sommes-nous ? Rio Holiday est une soci\u00e9t\u00e9 \u00e0 responsabilit\u00e9 limit\u00e9e du Texas, situ\u00e9e [&hellip;]<\/p>\n","protected":false},"author":1,"featured_media":0,"parent":0,"menu_order":0,"comment_status":"closed","ping_status":"closed","template":"","meta":{"site-sidebar-layout":"no-sidebar","site-content-layout":"","ast-site-content-layout":"full-width-container","site-content-style":"default","site-sidebar-style":"default","ast-global-header-display":"","ast-banner-title-visibility":"","ast-main-header-display":"","ast-hfb-above-header-display":"","ast-hfb-below-header-display":"","ast-hfb-mobile-header-display":"","site-post-title":"disabled","ast-breadcrumbs-content":"","ast-featured-img":"disabled","footer-sml-layout":"","ast-disable-related-posts":"","theme-transparent-header-meta":"","adv-header-id-meta":"","stick-header-meta":"","header-above-stick-meta":"","header-main-stick-meta":"","header-below-stick-meta":"","astra-migrate-meta-layouts":"default","ast-page-background-enabled":"default","ast-page-background-meta":{"desktop":{"background-color":"var(--ast-global-color-5)","background-image":"","background-repeat":"repeat","background-position":"center center","background-size":"auto","background-attachment":"scroll","background-type":"","background-media":"","overlay-type":"","overlay-color":"","overlay-opacity":"","overlay-gradient":""},"tablet":{"background-color":"","background-image":"","background-repeat":"repeat","background-position":"center center","background-size":"auto","background-attachment":"scroll","background-type":"","background-media":"","overlay-type":"","overlay-color":"","overlay-opacity":"","overlay-gradient":""},"mobile":{"background-color":"","background-image":"","background-repeat":"repeat","background-position":"center center","background-size":"auto","background-attachment":"scroll","background-type":"","background-media":"","overlay-type":"","overlay-color":"","overlay-opacity":"","overlay-gradient":""}},"ast-content-background-meta":{"desktop":{"background-color":"var(--ast-global-color-4)","background-image":"","background-repeat":"repeat","background-position":"center center","background-size":"auto","background-attachment":"scroll","background-type":"","background-media":"","overlay-type":"","overlay-color":"","overlay-opacity":"","overlay-gradient":""},"tablet":{"background-color":"var(--ast-global-color-4)","background-image":"","background-repeat":"repeat","background-position":"center center","background-size":"auto","background-attachment":"scroll","background-type":"","background-media":"","overlay-type":"","overlay-color":"","overlay-opacity":"","overlay-gradient":""},"mobile":{"background-color":"var(--ast-global-color-4)","background-image":"","background-repeat":"repeat","background-position":"center center","background-size":"auto","background-attachment":"scroll","background-type":"","background-media":"","overlay-type":"","overlay-color":"","overlay-opacity":"","overlay-gradient":""}},"footnotes":""},"class_list":["post-3148","page","type-page","status-publish","hentry"],"yoast_head":"<!-- This site is optimized with the Yoast SEO Premium plugin v26.6 (Yoast SEO v26.6) - https:\/\/yoast.com\/wordpress\/plugins\/seo\/ -->\n<title>Politique de confidentialit\u00e9 de Rio Holiday - Rio Holiday Boutique Hotel<\/title>\n<meta name=\"robots\" content=\"noindex, follow\" \/>\n<meta property=\"og:locale\" content=\"fr_FR\" \/>\n<meta property=\"og:type\" content=\"article\" \/>\n<meta property=\"og:title\" content=\"Politique de confidentialit\u00e9 de Rio Holiday\" \/>\n<meta property=\"og:description\" content=\"Politique de confidentialit\u00e9 de Rio Holiday Qui sommes-nous ? Rio Holiday est une soci\u00e9t\u00e9 \u00e0 responsabilit\u00e9 limit\u00e9e du Texas, situ\u00e9e [&hellip;]\" \/>\n<meta property=\"og:url\" content=\"https:\/\/rioholiday.com\/fr\/politique-de-confidentialite-de-rio-holiday\/\" \/>\n<meta property=\"og:site_name\" content=\"Rio Holiday Boutique Hotel\" \/>\n<meta property=\"article:modified_time\" content=\"2025-12-09T05:33:29+00:00\" \/>\n<meta name=\"twitter:card\" content=\"summary_large_image\" \/>\n<meta name=\"twitter:label1\" content=\"Dur\u00e9e de lecture estim\u00e9e\" \/>\n\t<meta name=\"twitter:data1\" content=\"8 minutes\" \/>\n<script type=\"application\/ld+json\" class=\"yoast-schema-graph\">{\"@context\":\"https:\/\/schema.org\",\"@graph\":[{\"@type\":\"WebPage\",\"@id\":\"https:\/\/rioholiday.com\/fr\/politique-de-confidentialite-de-rio-holiday\/\",\"url\":\"https:\/\/rioholiday.com\/fr\/politique-de-confidentialite-de-rio-holiday\/\",\"name\":\"Politique de confidentialit\u00e9 de Rio Holiday - Rio Holiday Boutique Hotel\",\"isPartOf\":{\"@id\":\"https:\/\/rioholiday.com\/fr\/#website\"},\"datePublished\":\"2025-11-02T04:41:04+00:00\",\"dateModified\":\"2025-12-09T05:33:29+00:00\",\"breadcrumb\":{\"@id\":\"https:\/\/rioholiday.com\/fr\/politique-de-confidentialite-de-rio-holiday\/#breadcrumb\"},\"inLanguage\":\"fr-FR\",\"potentialAction\":[{\"@type\":\"ReadAction\",\"target\":[\"https:\/\/rioholiday.com\/fr\/politique-de-confidentialite-de-rio-holiday\/\"]}]},{\"@type\":\"BreadcrumbList\",\"@id\":\"https:\/\/rioholiday.com\/fr\/politique-de-confidentialite-de-rio-holiday\/#breadcrumb\",\"itemListElement\":[{\"@type\":\"ListItem\",\"position\":1,\"name\":\"Home\",\"item\":\"https:\/\/rioholiday.com\/fr\/hotel-boutique-rio-holiday\/\"},{\"@type\":\"ListItem\",\"position\":2,\"name\":\"Politique de confidentialit\u00e9 de Rio Holiday\"}]},{\"@type\":\"WebSite\",\"@id\":\"https:\/\/rioholiday.com\/fr\/#website\",\"url\":\"https:\/\/rioholiday.com\/fr\/\",\"name\":\"Rio Holiday Boutique Hotel\",\"description\":\"\",\"publisher\":{\"@id\":\"https:\/\/rioholiday.com\/fr\/#organization\"},\"potentialAction\":[{\"@type\":\"SearchAction\",\"target\":{\"@type\":\"EntryPoint\",\"urlTemplate\":\"https:\/\/rioholiday.com\/fr\/?s={search_term_string}\"},\"query-input\":{\"@type\":\"PropertyValueSpecification\",\"valueRequired\":true,\"valueName\":\"search_term_string\"}}],\"inLanguage\":\"fr-FR\"},{\"@type\":\"Organization\",\"@id\":\"https:\/\/rioholiday.com\/fr\/#organization\",\"name\":\"Rio Holiday Boutique Hotel\",\"url\":\"https:\/\/rioholiday.com\/fr\/\",\"logo\":{\"@type\":\"ImageObject\",\"inLanguage\":\"fr-FR\",\"@id\":\"https:\/\/rioholiday.com\/fr\/#\/schema\/logo\/image\/\",\"url\":\"https:\/\/rioholiday.com\/wp-content\/uploads\/2025\/10\/RIO-HOLIDAY-Logo-100x59-1.jpg\",\"contentUrl\":\"https:\/\/rioholiday.com\/wp-content\/uploads\/2025\/10\/RIO-HOLIDAY-Logo-100x59-1.jpg\",\"width\":100,\"height\":59,\"caption\":\"Rio Holiday Boutique Hotel\"},\"image\":{\"@id\":\"https:\/\/rioholiday.com\/fr\/#\/schema\/logo\/image\/\"},\"sameAs\":[\"https:\/\/www.instagram.com\/rioholidayhotel\/\"]}]}<\/script>\n<!-- \/ Yoast SEO Premium plugin. -->","yoast_head_json":{"title":"Politique de confidentialit\u00e9 de Rio Holiday - Rio Holiday Boutique Hotel","robots":{"index":"noindex","follow":"follow"},"og_locale":"fr_FR","og_type":"article","og_title":"Politique de confidentialit\u00e9 de Rio Holiday","og_description":"Politique de confidentialit\u00e9 de Rio Holiday Qui sommes-nous ? Rio Holiday est une soci\u00e9t\u00e9 \u00e0 responsabilit\u00e9 limit\u00e9e du Texas, situ\u00e9e [&hellip;]","og_url":"https:\/\/rioholiday.com\/fr\/politique-de-confidentialite-de-rio-holiday\/","og_site_name":"Rio Holiday Boutique Hotel","article_modified_time":"2025-12-09T05:33:29+00:00","twitter_card":"summary_large_image","twitter_misc":{"Dur\u00e9e de lecture estim\u00e9e":"8 minutes"},"schema":{"@context":"https:\/\/schema.org","@graph":[{"@type":"WebPage","@id":"https:\/\/rioholiday.com\/fr\/politique-de-confidentialite-de-rio-holiday\/","url":"https:\/\/rioholiday.com\/fr\/politique-de-confidentialite-de-rio-holiday\/","name":"Politique de confidentialit\u00e9 de Rio Holiday - Rio Holiday Boutique Hotel","isPartOf":{"@id":"https:\/\/rioholiday.com\/fr\/#website"},"datePublished":"2025-11-02T04:41:04+00:00","dateModified":"2025-12-09T05:33:29+00:00","breadcrumb":{"@id":"https:\/\/rioholiday.com\/fr\/politique-de-confidentialite-de-rio-holiday\/#breadcrumb"},"inLanguage":"fr-FR","potentialAction":[{"@type":"ReadAction","target":["https:\/\/rioholiday.com\/fr\/politique-de-confidentialite-de-rio-holiday\/"]}]},{"@type":"BreadcrumbList","@id":"https:\/\/rioholiday.com\/fr\/politique-de-confidentialite-de-rio-holiday\/#breadcrumb","itemListElement":[{"@type":"ListItem","position":1,"name":"Home","item":"https:\/\/rioholiday.com\/fr\/hotel-boutique-rio-holiday\/"},{"@type":"ListItem","position":2,"name":"Politique de confidentialit\u00e9 de Rio Holiday"}]},{"@type":"WebSite","@id":"https:\/\/rioholiday.com\/fr\/#website","url":"https:\/\/rioholiday.com\/fr\/","name":"Rio Holiday Boutique Hotel","description":"","publisher":{"@id":"https:\/\/rioholiday.com\/fr\/#organization"},"potentialAction":[{"@type":"SearchAction","target":{"@type":"EntryPoint","urlTemplate":"https:\/\/rioholiday.com\/fr\/?s={search_term_string}"},"query-input":{"@type":"PropertyValueSpecification","valueRequired":true,"valueName":"search_term_string"}}],"inLanguage":"fr-FR"},{"@type":"Organization","@id":"https:\/\/rioholiday.com\/fr\/#organization","name":"Rio Holiday Boutique Hotel","url":"https:\/\/rioholiday.com\/fr\/","logo":{"@type":"ImageObject","inLanguage":"fr-FR","@id":"https:\/\/rioholiday.com\/fr\/#\/schema\/logo\/image\/","url":"https:\/\/rioholiday.com\/wp-content\/uploads\/2025\/10\/RIO-HOLIDAY-Logo-100x59-1.jpg","contentUrl":"https:\/\/rioholiday.com\/wp-content\/uploads\/2025\/10\/RIO-HOLIDAY-Logo-100x59-1.jpg","width":100,"height":59,"caption":"Rio Holiday Boutique Hotel"},"image":{"@id":"https:\/\/rioholiday.com\/fr\/#\/schema\/logo\/image\/"},"sameAs":["https:\/\/www.instagram.com\/rioholidayhotel\/"]}]}},"_links":{"self":[{"href":"https:\/\/rioholiday.com\/fr\/wp-json\/wp\/v2\/pages\/3148","targetHints":{"allow":["GET"]}}],"collection":[{"href":"https:\/\/rioholiday.com\/fr\/wp-json\/wp\/v2\/pages"}],"about":[{"href":"https:\/\/rioholiday.com\/fr\/wp-json\/wp\/v2\/types\/page"}],"author":[{"embeddable":true,"href":"https:\/\/rioholiday.com\/fr\/wp-json\/wp\/v2\/users\/1"}],"replies":[{"embeddable":true,"href":"https:\/\/rioholiday.com\/fr\/wp-json\/wp\/v2\/comments?post=3148"}],"version-history":[{"count":0,"href":"https:\/\/rioholiday.com\/fr\/wp-json\/wp\/v2\/pages\/3148\/revisions"}],"wp:attachment":[{"href":"https:\/\/rioholiday.com\/fr\/wp-json\/wp\/v2\/media?parent=3148"}],"curies":[{"name":"wp","href":"https:\/\/api.w.org\/{rel}","templated":true}]}}