{"id":3149,"date":"2025-11-02T04:54:27","date_gmt":"2025-11-02T04:54:27","guid":{"rendered":"https:\/\/rioholiday.com\/conditions-generales-de-rio-holiday\/"},"modified":"2025-12-09T05:33:28","modified_gmt":"2025-12-09T05:33:28","slug":"conditions-generales-de-rio-holiday","status":"publish","type":"page","link":"https:\/\/rioholiday.com\/fr\/conditions-generales-de-rio-holiday\/","title":{"rendered":"Conditions g\u00e9n\u00e9rales de Rio Holiday"},"content":{"rendered":"\t\t<div data-elementor-type=\"wp-page\" data-elementor-id=\"3149\" class=\"elementor elementor-3149 elementor-1153\" data-elementor-post-type=\"page\">\n\t\t\t\t<div class=\"elementor-element elementor-element-b972504 e-flex e-con-boxed e-con e-parent\" data-id=\"b972504\" data-element_type=\"container\">\n\t\t\t\t\t<div class=\"e-con-inner\">\n\t\t\t\t<div class=\"elementor-element elementor-element-20ab85f elementor-widget elementor-widget-heading\" data-id=\"20ab85f\" data-element_type=\"widget\" data-widget_type=\"heading.default\">\n\t\t\t\t\t<h2 class=\"elementor-heading-title elementor-size-default\">Conditions g\u00e9n\u00e9rales de Rio Holiday<\/h2>\t\t\t\t<\/div>\n\t\t\t\t\t<\/div>\n\t\t\t\t<\/div>\n\t\t<div class=\"elementor-element elementor-element-7a42c5e e-flex e-con-boxed e-con e-parent\" data-id=\"7a42c5e\" data-element_type=\"container\">\n\t\t\t\t\t<div class=\"e-con-inner\">\n\t\t\t\t<div class=\"elementor-element elementor-element-06d31e1 elementor-widget elementor-widget-text-editor\" data-id=\"06d31e1\" data-element_type=\"widget\" data-widget_type=\"text-editor.default\">\n\t\t\t\t\t\t\t\t\t<p>Chez Rio Holiday, la transparence et l&rsquo;\u00e9quit\u00e9 sont nos ma\u00eetres mots. Nous n&rsquo;appr\u00e9cions pas les mauvaises surprises et nous tenons \u00e0 ce que nos clients n&rsquo;en subissent aucune. Toutes les transactions effectu\u00e9es avec Rio Holiday sont soumises aux conditions g\u00e9n\u00e9rales suivantes.  &nbsp;  Un exemplaire de ces conditions g\u00e9n\u00e9rales est inclus dans votre courriel de confirmation.<\/p>\n<p>Si vous avez des questions concernant l&rsquo;une de ces politiques, veuillez nous les poser par courriel avant votre r\u00e9servation ou votre arriv\u00e9e, ou adressez-vous \u00e0 votre responsable de l&rsquo;accueil apr\u00e8s votre arriv\u00e9e.<\/p>\n<p><strong>Vous devez lire et comprendre toutes nos conditions g\u00e9n\u00e9rales, mais nous listons ici les points les plus importants.<\/strong><\/p>\n<p><strong>MODALIT\u00c9S DE PAIEMENT&nbsp;:<\/strong> Votre r\u00e9servation est maintenue jusqu\u2019\u00e0 r\u00e9ception de votre acompte et de notre courriel de confirmation. Le paiement vous sera demand\u00e9 lors de votre r\u00e9servation sur notre site web ou par courriel si vous r\u00e9servez par t\u00e9l\u00e9phone.&nbsp; &nbsp;<\/p>\n<p>Les r\u00e9servations standard peuvent \u00eatre annul\u00e9es jusqu&rsquo;\u00e0 7 jours avant l&rsquo;arriv\u00e9e avec un remboursement int\u00e9gral.&nbsp;  Si vous annulez 6 jours ou moins avant votre arriv\u00e9e, votre acompte ne vous sera pas rembours\u00e9.<br>Les r\u00e9servations pour le carnaval peuvent \u00eatre annul\u00e9es jusqu&rsquo;\u00e0 14 jours avant l&rsquo;arriv\u00e9e avec un remboursement int\u00e9gral.&nbsp;  De plus, il vous sera demand\u00e9 de verser un acompte de 50 % au lieu du prix de la premi\u00e8re nuit seulement.<br>Les r\u00e9servations non remboursables sont factur\u00e9es en totalit\u00e9 au moment de la r\u00e9servation.&nbsp;  Ces frais ne sont pas remboursables, mais ils sont admissibles \u00e0 notre programme SECONDE CHANCE si vous nous avisez avant votre jour d&rsquo;arriv\u00e9e.<br>Si vous effectuez une r\u00e9servation par erreur chez nous, vous pouvez l&rsquo;annuler dans les 24 heures suivant la r\u00e9servation, \u00e0 condition que votre heure d&rsquo;arriv\u00e9e ne soit pas pr\u00e9vue dans les 24 heures suivantes.&nbsp;  Si vous effectuez une r\u00e9servation par l&rsquo;interm\u00e9diaire de l&rsquo;une de nos agences de voyages partenaires en ligne, vous devez respecter les r\u00e8gles d&rsquo;annulation et de remboursement de cette agence.&nbsp;  Nous offrons une seconde chance aux clients qui ont pay\u00e9 et qui ne peuvent pas maintenir leur r\u00e9servation en raison d&rsquo;urgences de derni\u00e8re minute.<\/p>\n<p>Au Br\u00e9sil, il est courant que les tarifs affich\u00e9s soient d\u00e9duits des taxes et m\u00eame des frais de service. Nous d\u00e9sapprouvons cette pratique&nbsp;; c\u2019est pourquoi nos tarifs incluent d\u00e9j\u00e0 toutes les taxes et tous les frais. <\/p>\n<p><strong>ASSURANCE VOYAGE&nbsp;:<\/strong> Nous vous recommandons de souscrire une assurance voyage couvrant le co\u00fbt de vos vols et de vos r\u00e9servations d\u2019h\u00f4tel. Un voyage international implique g\u00e9n\u00e9ralement des correspondances. Les plans peuvent \u00eatre modifi\u00e9s en raison d\u2019urgences, de maladies, de choix personnels, voire de d\u00e9cisions gouvernementales. Veuillez choisir une assurance qui couvre vos frais probables si vous devez modifier vos plans de voyage dans les 6 jours pr\u00e9c\u00e9dant votre arriv\u00e9e (13 jours pour Carnival).   <\/p>\n<p><strong>ARRIV\u00c9E et D\u00c9PART<\/strong> : L&rsquo;\u00e9quipe de Rio Holiday est pr\u00e9sente 24h\/24 et 7j\/7. L&rsquo;arriv\u00e9e se fait \u00e0 partir de 14h00 et le d\u00e9part \u00e0 midi. Par courtoisie, nous proposons g\u00e9n\u00e9ralement une arriv\u00e9e d\u00e8s 8h00 et un d\u00e9part jusqu&rsquo;\u00e0 18h00 sans frais suppl\u00e9mentaires. Si votre chambre n&rsquo;est pas pr\u00eate \u00e0 votre arriv\u00e9e, nous garderons vos bagages et vous pourrez vous d\u00e9tendre au bord de la piscine ou dans notre bistro. Nous ferons notre possible pour faciliter les arriv\u00e9es anticip\u00e9es ou les d\u00e9parts tardifs, selon les disponibilit\u00e9s. Si votre chambre a \u00e9t\u00e9 r\u00e9serv\u00e9e par un autre client le jour de votre d\u00e9part, vous pourrez vous d\u00e9tendre \u00e0 nouveau au bord de la piscine ou nous pouvons organiser une excursion pour ce jour-l\u00e0, sur le chemin de l&rsquo;a\u00e9roport. <\/p>\n<p><strong>TRANSFERT&nbsp;:<\/strong> Vous pouvez transf\u00e9rer votre r\u00e9servation \u00e0 une autre personne \u00e0 votre discr\u00e9tion, \u00e0 condition qu\u2019elle respecte toutes les conditions \u00e9nonc\u00e9es dans la section \u00ab&nbsp;Restrictions relatives aux invit\u00e9s&nbsp;\u00bb ci-dessous. Il vous incombe de percevoir directement aupr\u00e8s de cette personne les sommes dues.<\/p>\n<p><strong>ABSENCE :<\/strong> Une absence est consid\u00e9r\u00e9e comme une absence lorsque nous vous attendons \u00e0 une date pr\u00e9cise, que vous ne vous pr\u00e9sentez pas et que vous ne nous avez pas inform\u00e9s de votre annulation. Dans ce cas, le <strong>montant total<\/strong> de votre r\u00e9servation vous sera factur\u00e9 et vous ne pourrez pas b\u00e9n\u00e9ficier de notre programme de seconde chance. Un cas particulier est celui d&rsquo;un retard de vol vous emp\u00eachant de nous contacter car vous \u00eates en transit.<\/p>\n<p><strong>RETARD DE VOL&nbsp;:<\/strong> Si vous ratez votre vol ou votre correspondance et ne pouvez arriver \u00e0 l\u2019heure pr\u00e9vue, nous ferons notre possible pour prolonger votre s\u00e9jour en fonction de nos disponibilit\u00e9s. Toutefois, Rio Holiday ne peut garantir la disponibilit\u00e9 d\u2019une chambre ni rembourser les nuits manqu\u00e9es. <\/p>\n<p><strong>SECONDE CHANCE<\/strong>&nbsp;: Si vous ne pouvez pas utiliser votre r\u00e9servation aux dates pr\u00e9vues et si vous nous en avez inform\u00e9s avant votre arriv\u00e9e, vous pouvez reporter votre s\u00e9jour jusqu\u2019\u00e0 six mois apr\u00e8s la date d\u2019annulation. Ce report est gratuit et ne peut \u00eatre effectu\u00e9 qu\u2019une seule fois. Veuillez noter que cette possibilit\u00e9 n\u2019est pas offerte si vous avez \u00e9t\u00e9 indemnis\u00e9 par une assurance voyage.<\/p>\n<p><strong>CONTR\u00d4LE SANT\u00c9&nbsp;:<\/strong> \u00c0 l\u2019enregistrement, votre temp\u00e9rature pourra \u00eatre prise sans contact. Si vous avez de la fi\u00e8vre, l\u2019enregistrement vous sera refus\u00e9. Dans ce cas pr\u00e9cis, tous les billets pr\u00e9pay\u00e9s vous seront rembours\u00e9s, quel que soit le type de billet achet\u00e9.<\/p>\n<p><strong>AUTRES FRAIS&nbsp;:<\/strong> \u00c0 votre arriv\u00e9e, une carte de cr\u00e9dit vous sera demand\u00e9e afin de couvrir les d\u00e9penses suppl\u00e9mentaires occasionn\u00e9es par votre s\u00e9jour chez Rio Holiday. Il peut s\u2019agir, par exemple, des repas et boissons (\u00e0 l\u2019exception du petit-d\u00e9jeuner avec vin mousseux offert), des visites guid\u00e9es, des transports, des excursions, des achats \u00e0 la boutique de souvenirs et de tous autres services ou frais divers pay\u00e9s par Rio Holiday pour votre compte. Une pr\u00e9autorisation de 400&nbsp;USD pourra \u00eatre effectu\u00e9e sur votre carte de cr\u00e9dit lors de votre enregistrement.  &nbsp;  Nous nous r\u00e9servons le droit de demander le paiement sur la facture lorsque le montant des frais suppl\u00e9mentaires factur\u00e9s au client d\u00e9passe 400 USD.&nbsp;  Le paiement peut \u00eatre effectu\u00e9 en esp\u00e8ces ou par carte bancaire. Les devises accept\u00e9es sont le dollar am\u00e9ricain, le r\u00e9al br\u00e9silien ou l&rsquo;euro. <\/p>\n<p><strong>RESTRICTIONS D&rsquo;ACC\u00c8S&nbsp;:<\/strong> L&rsquo;h\u00f4tel Rio Holiday Boutique est con\u00e7u comme un havre de paix r\u00e9serv\u00e9 aux adultes. Tous les clients doivent \u00eatre \u00e2g\u00e9s de 15&nbsp;ans ou plus. Une exception peut \u00eatre faite, veuillez donc nous contacter si cela pose probl\u00e8me. Les jeunes de 15 \u00e0 17&nbsp;ans doivent \u00eatre accompagn\u00e9s d&rsquo;un parent ou d&rsquo;un tuteur l\u00e9gal.<\/p>\n<p>Les animaux de compagnie et les animaux d&rsquo;assistance ne sont pas admis. Cela ne pose g\u00e9n\u00e9ralement pas de probl\u00e8me \u00e0 nos clients, car ils arrivent par avion depuis un autre pays. Les difficult\u00e9s li\u00e9es \u00e0 l&rsquo;importation d&rsquo;un animal de compagnie ou d&rsquo;assistance au Br\u00e9sil, puis \u00e0 son rapatriement dans son pays d&rsquo;origine, sont en effet tr\u00e8s importantes.  <\/p>\n<p><strong>APR\u00c8S L&rsquo;ENREGISTREMENT&nbsp;:<\/strong> Notre \u00e9tablissement est soumis \u00e0 la l\u00e9gislation et \u00e0 la r\u00e9glementation br\u00e9siliennes. Tous les clients doivent s&rsquo;enregistrer et pr\u00e9senter leur passeport. Les r\u00e9sidents br\u00e9siliens n&rsquo;ont pas besoin de passeport, mais devront pr\u00e9senter une pi\u00e8ce d&rsquo;identit\u00e9 avec photo.  <\/p>\n<p>Les clients sont tenus de respecter les autres clients, leurs biens, le personnel, la faune et la flore locales. Vous pourriez \u00eatre pri\u00e9 de quitter les lieux en cas de violation de la loi br\u00e9silienne, de nuisance ou de danger pour les autres clients ou les biens. Nous souhaitons que chacun passe un agr\u00e9able s\u00e9jour, mais il y a des limites. C&rsquo;est une question de bon sens. Si vous \u00eates expuls\u00e9 pour l&rsquo;un de ces motifs, le reste de votre s\u00e9jour pr\u00e9pay\u00e9 ne sera pas rembours\u00e9.    <\/p>\n<p>Notre h\u00f4tel est un \u00e9tablissement sans drogue. Les drogues r\u00e9cr\u00e9atives sont ill\u00e9gales au Br\u00e9sil et nous demandons \u00e0 nos clients de respecter la l\u00e9gislation br\u00e9silienne. <\/p>\n<p>Conform\u00e9ment \u00e0 la l\u00e9gislation sanitaire br\u00e9silienne, le Rio Holiday est un h\u00f4tel non-fumeur.&nbsp;  Fumer, vapoter, utiliser des cigarettes \u00e9lectroniques ou tout autre dispositif similaire est interdit uniquement dans les zones ext\u00e9rieures d\u00e9sign\u00e9es. Toute infraction concernant la consommation de tabac dans les chambres, ou toute odeur persistante de tabac, entra\u00eenera un m\u00e9contentement et des frais de nettoyage de 400 USD. <\/p>\n<p>Nous souhaitons que vous passiez un excellent s\u00e9jour. Cependant, en cas de d\u00e9bordement, nous appliquons la r\u00e8gle traditionnelle \u00ab&nbsp;vous cassez, vous payez&nbsp;\u00bb&nbsp;: les dommages mat\u00e9riels ou les objets manquants seront factur\u00e9s sur votre carte de cr\u00e9dit \u00e0 leur valeur de remplacement. &nbsp;  Des articles non jetables, tels que des peignoirs et du linge de lit, sont mis \u00e0 votre disposition pendant votre s\u00e9jour.&nbsp;  Ils ne sont pas gratuits et seront ajout\u00e9s \u00e0 votre facture s&rsquo;ils sont manquants lors du passage en caisse.<\/p>\n<p>Les visites dans votre chambre ou dans nos espaces communs sont autoris\u00e9es, sous certaines conditions. Les visiteurs des chambres doivent \u00eatre enregistr\u00e9s. Rio Holiday se r\u00e9serve le droit de refuser l&rsquo;acc\u00e8s \u00e0 l&rsquo;\u00e9tablissement \u00e0 toute personne dont la pr\u00e9sence repr\u00e9sente un risque pour la s\u00e9curit\u00e9 ou est susceptible de perturber l&rsquo;ambiance ou le r\u00e8glement int\u00e9rieur. Si vous avez r\u00e9serv\u00e9 une chambre individuelle, un suppl\u00e9ment vous sera factur\u00e9 pour la nuit\u00e9e de votre visiteur. Vous \u00eates responsable de tous les frais occasionn\u00e9s et des dommages caus\u00e9s par votre visiteur.    <\/p>\n<p>Nous servons des boissons alcoolis\u00e9es dans nos bars, notre bistro et notre salon des vins.&nbsp;  Nous vous demandons de ne pas consommer de boissons achet\u00e9es \u00e0 l&rsquo;ext\u00e9rieur de l&rsquo;h\u00f4tel dans les espaces communs.&nbsp;  Toutefois, rien ne vous emp\u00eache d&rsquo;acheter \u00e0 l&rsquo;ext\u00e9rieur des boissons ou des aliments \u00e0 consommer dans votre chambre.<\/p>\n<p>Les cl\u00e9s vous seront remises lors de votre arriv\u00e9e.&nbsp;  Si vous ne restituez pas les cl\u00e9s lors du d\u00e9part, des frais de service de 200 USD seront ajout\u00e9s \u00e0 votre facture.<\/p>\n<p>Notre h\u00f4tel est situ\u00e9 sur une colline et ne dispose pas d&rsquo;un parking pratique.&nbsp;  Il est possible que quelques places de stationnement soient disponibles dans la rue, mais la plupart de nos clients arriveront par avion et n&rsquo;auront pas de voiture.&nbsp;  Nous d\u00e9conseillons aux visiteurs de conduire pendant leur s\u00e9jour \u00e0 Rio.&nbsp;  Nous pouvons organiser tous types de transport terrestre pour vous avant ou apr\u00e8s votre arriv\u00e9e.<\/p>\n<p>Notre piscine est ouverte tous les jours de 10h00 \u00e0 21h00.&nbsp;  Il n&rsquo;y a pas de ma\u00eetre-nageur, vous vous baignez \u00e0 vos propres risques.&nbsp;  Le bon sens pr\u00e9vaut ici.&nbsp;  Il est d\u00e9conseill\u00e9 aux clients de se baigner seuls en l&rsquo;absence d&rsquo;autres personnes et il leur est formellement interdit de se baigner en \u00e9tat d&rsquo;ivresse.&nbsp;  Seuls les verres en acrylique ou en plastique sont autoris\u00e9s sur le bord de la piscine.  &nbsp;<\/p>\n<p><strong>CONFIDENTIALIT\u00c9&nbsp;:<\/strong> Nous ne vendons ni ne diffusons les informations personnelles de nos clients. Des cam\u00e9ras de s\u00e9curit\u00e9 sont install\u00e9es dans l\u2019ensemble de l\u2019\u00e9tablissement et toute personne pr\u00e9sente peut \u00eatre film\u00e9e. Les cam\u00e9ras ne sont pas situ\u00e9es dans les espaces priv\u00e9s tels que les chambres et les salles de bain.  &nbsp;  Les images de ces cam\u00e9ras sont uniquement destin\u00e9es \u00e0 un usage interne et mises \u00e0 la disposition du personnel de Rio Holiday et des prestataires de s\u00e9curit\u00e9.&nbsp;  Ils ne sont pas publi\u00e9s sur Internet.&nbsp;  Certains flux vid\u00e9o peuvent \u00eatre visibles par les clients \u00e0 la r\u00e9ception ou aux postes de s\u00e9curit\u00e9 pendant leur s\u00e9jour chez nous.<\/p>\n<p><strong>POURBOIRES&nbsp;:<\/strong> Chez Rio Holiday, nous partageons les b\u00e9n\u00e9fices avec nos employ\u00e9s, y compris les frais de service inclus dans votre tarif de nuit\u00e9e. Par cons\u00e9quent, les pourboires ne sont ni obligatoires ni recommand\u00e9s durant votre s\u00e9jour. Le paiement en esp\u00e8ces n\u2019est g\u00e9n\u00e9ralement pas accept\u00e9 \u00e0 l\u2019h\u00f4tel, sauf pour le r\u00e8glement de votre facture \u00e0 la r\u00e9ception. &nbsp;  Les prestataires d&rsquo;excursions et autres prestataires tiers ne font pas partie de notre personnel, et vous pouvez leur donner un pourboire si vous le souhaitez.<\/p>\t\t\t\t\t\t\t\t<\/div>\n\t\t\t\t\t<\/div>\n\t\t\t\t<\/div>\n\t\t\t\t<\/div>\n\t\t","protected":false},"excerpt":{"rendered":"<p>Conditions g\u00e9n\u00e9rales de Rio Holiday Chez Rio Holiday, la transparence et l&rsquo;\u00e9quit\u00e9 sont nos ma\u00eetres mots. Nous n&rsquo;appr\u00e9cions pas les [&hellip;]<\/p>\n","protected":false},"author":1,"featured_media":0,"parent":0,"menu_order":0,"comment_status":"closed","ping_status":"closed","template":"","meta":{"site-sidebar-layout":"no-sidebar","site-content-layout":"","ast-site-content-layout":"full-width-container","site-content-style":"default","site-sidebar-style":"default","ast-global-header-display":"","ast-banner-title-visibility":"","ast-main-header-display":"","ast-hfb-above-header-display":"","ast-hfb-below-header-display":"","ast-hfb-mobile-header-display":"","site-post-title":"disabled","ast-breadcrumbs-content":"","ast-featured-img":"disabled","footer-sml-layout":"","ast-disable-related-posts":"","theme-transparent-header-meta":"","adv-header-id-meta":"","stick-header-meta":"","header-above-stick-meta":"","header-main-stick-meta":"","header-below-stick-meta":"","astra-migrate-meta-layouts":"default","ast-page-background-enabled":"default","ast-page-background-meta":{"desktop":{"background-color":"var(--ast-global-color-5)","background-image":"","background-repeat":"repeat","background-position":"center center","background-size":"auto","background-attachment":"scroll","background-type":"","background-media":"","overlay-type":"","overlay-color":"","overlay-opacity":"","overlay-gradient":""},"tablet":{"background-color":"","background-image":"","background-repeat":"repeat","background-position":"center center","background-size":"auto","background-attachment":"scroll","background-type":"","background-media":"","overlay-type":"","overlay-color":"","overlay-opacity":"","overlay-gradient":""},"mobile":{"background-color":"","background-image":"","background-repeat":"repeat","background-position":"center center","background-size":"auto","background-attachment":"scroll","background-type":"","background-media":"","overlay-type":"","overlay-color":"","overlay-opacity":"","overlay-gradient":""}},"ast-content-background-meta":{"desktop":{"background-color":"var(--ast-global-color-4)","background-image":"","background-repeat":"repeat","background-position":"center center","background-size":"auto","background-attachment":"scroll","background-type":"","background-media":"","overlay-type":"","overlay-color":"","overlay-opacity":"","overlay-gradient":""},"tablet":{"background-color":"var(--ast-global-color-4)","background-image":"","background-repeat":"repeat","background-position":"center center","background-size":"auto","background-attachment":"scroll","background-type":"","background-media":"","overlay-type":"","overlay-color":"","overlay-opacity":"","overlay-gradient":""},"mobile":{"background-color":"var(--ast-global-color-4)","background-image":"","background-repeat":"repeat","background-position":"center center","background-size":"auto","background-attachment":"scroll","background-type":"","background-media":"","overlay-type":"","overlay-color":"","overlay-opacity":"","overlay-gradient":""}},"footnotes":""},"class_list":["post-3149","page","type-page","status-publish","hentry"],"yoast_head":"<!-- This site is optimized with the Yoast SEO Premium plugin v26.6 (Yoast SEO v26.6) - https:\/\/yoast.com\/wordpress\/plugins\/seo\/ -->\n<title>Conditions g\u00e9n\u00e9rales de Rio Holiday - Rio Holiday Boutique Hotel<\/title>\n<meta name=\"robots\" content=\"noindex, follow\" \/>\n<meta property=\"og:locale\" content=\"fr_FR\" \/>\n<meta property=\"og:type\" content=\"article\" \/>\n<meta property=\"og:title\" content=\"Conditions g\u00e9n\u00e9rales de Rio Holiday\" \/>\n<meta property=\"og:description\" content=\"Conditions g\u00e9n\u00e9rales de Rio Holiday Chez Rio Holiday, la transparence et l&rsquo;\u00e9quit\u00e9 sont nos ma\u00eetres mots. Nous n&rsquo;appr\u00e9cions pas les [&hellip;]\" \/>\n<meta property=\"og:url\" content=\"https:\/\/rioholiday.com\/fr\/conditions-generales-de-rio-holiday\/\" \/>\n<meta property=\"og:site_name\" content=\"Rio Holiday Boutique Hotel\" \/>\n<meta property=\"article:modified_time\" content=\"2025-12-09T05:33:28+00:00\" \/>\n<meta name=\"twitter:card\" content=\"summary_large_image\" \/>\n<meta name=\"twitter:label1\" content=\"Dur\u00e9e de lecture estim\u00e9e\" \/>\n\t<meta name=\"twitter:data1\" content=\"11 minutes\" \/>\n<script type=\"application\/ld+json\" class=\"yoast-schema-graph\">{\"@context\":\"https:\/\/schema.org\",\"@graph\":[{\"@type\":\"WebPage\",\"@id\":\"https:\/\/rioholiday.com\/fr\/conditions-generales-de-rio-holiday\/\",\"url\":\"https:\/\/rioholiday.com\/fr\/conditions-generales-de-rio-holiday\/\",\"name\":\"Conditions g\u00e9n\u00e9rales de Rio Holiday - Rio Holiday Boutique Hotel\",\"isPartOf\":{\"@id\":\"https:\/\/rioholiday.com\/fr\/#website\"},\"datePublished\":\"2025-11-02T04:54:27+00:00\",\"dateModified\":\"2025-12-09T05:33:28+00:00\",\"breadcrumb\":{\"@id\":\"https:\/\/rioholiday.com\/fr\/conditions-generales-de-rio-holiday\/#breadcrumb\"},\"inLanguage\":\"fr-FR\",\"potentialAction\":[{\"@type\":\"ReadAction\",\"target\":[\"https:\/\/rioholiday.com\/fr\/conditions-generales-de-rio-holiday\/\"]}]},{\"@type\":\"BreadcrumbList\",\"@id\":\"https:\/\/rioholiday.com\/fr\/conditions-generales-de-rio-holiday\/#breadcrumb\",\"itemListElement\":[{\"@type\":\"ListItem\",\"position\":1,\"name\":\"Home\",\"item\":\"https:\/\/rioholiday.com\/fr\/hotel-boutique-rio-holiday\/\"},{\"@type\":\"ListItem\",\"position\":2,\"name\":\"Conditions g\u00e9n\u00e9rales de Rio Holiday\"}]},{\"@type\":\"WebSite\",\"@id\":\"https:\/\/rioholiday.com\/fr\/#website\",\"url\":\"https:\/\/rioholiday.com\/fr\/\",\"name\":\"Rio Holiday Boutique Hotel\",\"description\":\"\",\"publisher\":{\"@id\":\"https:\/\/rioholiday.com\/fr\/#organization\"},\"potentialAction\":[{\"@type\":\"SearchAction\",\"target\":{\"@type\":\"EntryPoint\",\"urlTemplate\":\"https:\/\/rioholiday.com\/fr\/?s={search_term_string}\"},\"query-input\":{\"@type\":\"PropertyValueSpecification\",\"valueRequired\":true,\"valueName\":\"search_term_string\"}}],\"inLanguage\":\"fr-FR\"},{\"@type\":\"Organization\",\"@id\":\"https:\/\/rioholiday.com\/fr\/#organization\",\"name\":\"Rio Holiday Boutique Hotel\",\"url\":\"https:\/\/rioholiday.com\/fr\/\",\"logo\":{\"@type\":\"ImageObject\",\"inLanguage\":\"fr-FR\",\"@id\":\"https:\/\/rioholiday.com\/fr\/#\/schema\/logo\/image\/\",\"url\":\"https:\/\/rioholiday.com\/wp-content\/uploads\/2025\/10\/RIO-HOLIDAY-Logo-100x59-1.jpg\",\"contentUrl\":\"https:\/\/rioholiday.com\/wp-content\/uploads\/2025\/10\/RIO-HOLIDAY-Logo-100x59-1.jpg\",\"width\":100,\"height\":59,\"caption\":\"Rio Holiday Boutique Hotel\"},\"image\":{\"@id\":\"https:\/\/rioholiday.com\/fr\/#\/schema\/logo\/image\/\"},\"sameAs\":[\"https:\/\/www.instagram.com\/rioholidayhotel\/\"]}]}<\/script>\n<!-- \/ Yoast SEO Premium plugin. -->","yoast_head_json":{"title":"Conditions g\u00e9n\u00e9rales de Rio Holiday - Rio Holiday Boutique Hotel","robots":{"index":"noindex","follow":"follow"},"og_locale":"fr_FR","og_type":"article","og_title":"Conditions g\u00e9n\u00e9rales de Rio Holiday","og_description":"Conditions g\u00e9n\u00e9rales de Rio Holiday Chez Rio Holiday, la transparence et l&rsquo;\u00e9quit\u00e9 sont nos ma\u00eetres mots. Nous n&rsquo;appr\u00e9cions pas les [&hellip;]","og_url":"https:\/\/rioholiday.com\/fr\/conditions-generales-de-rio-holiday\/","og_site_name":"Rio Holiday Boutique Hotel","article_modified_time":"2025-12-09T05:33:28+00:00","twitter_card":"summary_large_image","twitter_misc":{"Dur\u00e9e de lecture estim\u00e9e":"11 minutes"},"schema":{"@context":"https:\/\/schema.org","@graph":[{"@type":"WebPage","@id":"https:\/\/rioholiday.com\/fr\/conditions-generales-de-rio-holiday\/","url":"https:\/\/rioholiday.com\/fr\/conditions-generales-de-rio-holiday\/","name":"Conditions g\u00e9n\u00e9rales de Rio Holiday - Rio Holiday Boutique Hotel","isPartOf":{"@id":"https:\/\/rioholiday.com\/fr\/#website"},"datePublished":"2025-11-02T04:54:27+00:00","dateModified":"2025-12-09T05:33:28+00:00","breadcrumb":{"@id":"https:\/\/rioholiday.com\/fr\/conditions-generales-de-rio-holiday\/#breadcrumb"},"inLanguage":"fr-FR","potentialAction":[{"@type":"ReadAction","target":["https:\/\/rioholiday.com\/fr\/conditions-generales-de-rio-holiday\/"]}]},{"@type":"BreadcrumbList","@id":"https:\/\/rioholiday.com\/fr\/conditions-generales-de-rio-holiday\/#breadcrumb","itemListElement":[{"@type":"ListItem","position":1,"name":"Home","item":"https:\/\/rioholiday.com\/fr\/hotel-boutique-rio-holiday\/"},{"@type":"ListItem","position":2,"name":"Conditions g\u00e9n\u00e9rales de Rio Holiday"}]},{"@type":"WebSite","@id":"https:\/\/rioholiday.com\/fr\/#website","url":"https:\/\/rioholiday.com\/fr\/","name":"Rio Holiday Boutique Hotel","description":"","publisher":{"@id":"https:\/\/rioholiday.com\/fr\/#organization"},"potentialAction":[{"@type":"SearchAction","target":{"@type":"EntryPoint","urlTemplate":"https:\/\/rioholiday.com\/fr\/?s={search_term_string}"},"query-input":{"@type":"PropertyValueSpecification","valueRequired":true,"valueName":"search_term_string"}}],"inLanguage":"fr-FR"},{"@type":"Organization","@id":"https:\/\/rioholiday.com\/fr\/#organization","name":"Rio Holiday Boutique Hotel","url":"https:\/\/rioholiday.com\/fr\/","logo":{"@type":"ImageObject","inLanguage":"fr-FR","@id":"https:\/\/rioholiday.com\/fr\/#\/schema\/logo\/image\/","url":"https:\/\/rioholiday.com\/wp-content\/uploads\/2025\/10\/RIO-HOLIDAY-Logo-100x59-1.jpg","contentUrl":"https:\/\/rioholiday.com\/wp-content\/uploads\/2025\/10\/RIO-HOLIDAY-Logo-100x59-1.jpg","width":100,"height":59,"caption":"Rio Holiday Boutique Hotel"},"image":{"@id":"https:\/\/rioholiday.com\/fr\/#\/schema\/logo\/image\/"},"sameAs":["https:\/\/www.instagram.com\/rioholidayhotel\/"]}]}},"_links":{"self":[{"href":"https:\/\/rioholiday.com\/fr\/wp-json\/wp\/v2\/pages\/3149","targetHints":{"allow":["GET"]}}],"collection":[{"href":"https:\/\/rioholiday.com\/fr\/wp-json\/wp\/v2\/pages"}],"about":[{"href":"https:\/\/rioholiday.com\/fr\/wp-json\/wp\/v2\/types\/page"}],"author":[{"embeddable":true,"href":"https:\/\/rioholiday.com\/fr\/wp-json\/wp\/v2\/users\/1"}],"replies":[{"embeddable":true,"href":"https:\/\/rioholiday.com\/fr\/wp-json\/wp\/v2\/comments?post=3149"}],"version-history":[{"count":0,"href":"https:\/\/rioholiday.com\/fr\/wp-json\/wp\/v2\/pages\/3149\/revisions"}],"wp:attachment":[{"href":"https:\/\/rioholiday.com\/fr\/wp-json\/wp\/v2\/media?parent=3149"}],"curies":[{"name":"wp","href":"https:\/\/api.w.org\/{rel}","templated":true}]}}