{"id":3115,"date":"2025-11-02T04:19:35","date_gmt":"2025-11-02T04:19:35","guid":{"rendered":"https:\/\/rioholiday.com\/informazioni-su-rio-holiday\/"},"modified":"2025-12-09T05:33:47","modified_gmt":"2025-12-09T05:33:47","slug":"informazioni-su-rio-holiday","status":"publish","type":"page","link":"https:\/\/rioholiday.com\/it\/informazioni-su-rio-holiday\/","title":{"rendered":"Informazioni su Rio Holiday"},"content":{"rendered":"\t\t<div data-elementor-type=\"wp-page\" data-elementor-id=\"3115\" class=\"elementor elementor-3115 elementor-1134\" data-elementor-post-type=\"page\">\n\t\t\t\t<div class=\"elementor-element elementor-element-b972504 e-flex e-con-boxed e-con e-parent\" data-id=\"b972504\" data-element_type=\"container\">\n\t\t\t\t\t<div class=\"e-con-inner\">\n\t\t\t\t<div class=\"elementor-element elementor-element-20ab85f elementor-widget elementor-widget-heading\" data-id=\"20ab85f\" data-element_type=\"widget\" data-widget_type=\"heading.default\">\n\t\t\t\t\t<h2 class=\"elementor-heading-title elementor-size-default\">Chi siamo<\/h2>\t\t\t\t<\/div>\n\t\t\t\t\t<\/div>\n\t\t\t\t<\/div>\n\t\t<div class=\"elementor-element elementor-element-de8d0c6 e-flex e-con-boxed e-con e-parent\" data-id=\"de8d0c6\" data-element_type=\"container\">\n\t\t\t\t\t<div class=\"e-con-inner\">\n\t\t\t\t<div class=\"elementor-element elementor-element-9373b11 elementor-widget elementor-widget-image\" data-id=\"9373b11\" data-element_type=\"widget\" data-widget_type=\"image.default\">\n\t\t\t\t\t\t\t\t\t\t\t\t\t\t\t<img fetchpriority=\"high\" decoding=\"async\" width=\"1600\" height=\"1039\" src=\"https:\/\/rioholiday.com\/wp-content\/uploads\/2025\/11\/rioholiday-support-1.jpg\" class=\"attachment-full size-full wp-image-3116\" alt=\"\" \/>\t\t\t\t\t\t\t\t\t\t\t\t\t\t\t<\/div>\n\t\t\t\t\t<\/div>\n\t\t\t\t<\/div>\n\t\t<div class=\"elementor-element elementor-element-7a42c5e e-flex e-con-boxed e-con e-parent\" data-id=\"7a42c5e\" data-element_type=\"container\">\n\t\t\t\t\t<div class=\"e-con-inner\">\n\t\t\t\t<div class=\"elementor-element elementor-element-06d31e1 elementor-widget elementor-widget-text-editor\" data-id=\"06d31e1\" data-element_type=\"widget\" data-widget_type=\"text-editor.default\">\n\t\t\t\t\t\t\t\t\t<p>Rio Holiday ha accolto i suoi primi ospiti a Rio de Janeiro nel 2004. Da allora, abbiamo accolto centinaia di turisti a Rio e li abbiamo aiutati a realizzare il loro sogno di una vacanza indimenticabile. Siamo stati offline per alcuni anni, ma ora torniamo pi\u00f9 in forma che mai. In precedenza, affittavamo intere ville a un singolo gruppo di viaggiatori. Ora abbiamo ristrutturato la nostra villa pi\u00f9 grande trasformandola in un lussuoso boutique hotel.      <\/p><p>Abbiamo stretto una partnership con Casa Design, nota a Rio de Janeiro per le sue fiere annuali di design. Siamo orgogliosi che questa villa sia stata scelta per tre anni come vetrina per architetti e designer locali. I nostri nuovi partner vantano una solida rete di contatti a Rio e condividono gli stessi obiettivi che Rio Holiday si \u00e8 prefissata tanti anni fa.    <\/p><p>Crediamo nel trattamento dei nostri ospiti come vorremmo essere trattati noi. Accogliamo viaggiatori di tutte le razze, religioni e orientamenti e trattiamo tutti con lo stesso rispetto. Naturalmente pretendiamo anche dai nostri ospiti rispetto reciproco nei confronti dei loro compagni di viaggio.<\/p>\t\t\t\t\t\t\t\t<\/div>\n\t\t\t\t\t<\/div>\n\t\t\t\t<\/div>\n\t\t<div class=\"elementor-element elementor-element-9a3bb04 e-flex e-con-boxed e-con e-parent\" data-id=\"9a3bb04\" data-element_type=\"container\">\n\t\t\t\t\t<div class=\"e-con-inner\">\n\t\t\t\t<div class=\"elementor-element elementor-element-1cc9ea9 elementor-widget elementor-widget-heading\" data-id=\"1cc9ea9\" data-element_type=\"widget\" data-widget_type=\"heading.default\">\n\t\t\t\t\t<h2 class=\"elementor-heading-title elementor-size-default\">Contattaci<\/h2>\t\t\t\t<\/div>\n\t\t\t\t\t<\/div>\n\t\t\t\t<\/div>\n\t\t<div class=\"elementor-element elementor-element-d47da3b e-flex e-con-boxed e-con e-parent\" data-id=\"d47da3b\" data-element_type=\"container\">\n\t\t\t\t\t<div class=\"e-con-inner\">\n\t\t\t\t<div class=\"elementor-element elementor-element-8d3dd9b elementor-widget elementor-widget-text-editor\" data-id=\"8d3dd9b\" data-element_type=\"widget\" data-widget_type=\"text-editor.default\">\n\t\t\t\t\t\t\t\t\t<p>Per qualsiasi domanda, problema o commento, il modo migliore per contattarci \u00e8 tramite la nostra pagina <a href=\"https:\/\/rioholiday.com\/it\/informazioni-su-rio-holiday-2\/\">Contatti<\/a> . Puoi anche utilizzare i numeri di telefono qui sotto per chiamarci o inviarci un messaggio WhatsApp. <\/p>\t\t\t\t\t\t\t\t<\/div>\n\t\t\t\t\t<\/div>\n\t\t\t\t<\/div>\n\t\t<div class=\"elementor-element elementor-element-460d2f0 e-flex e-con-boxed e-con e-parent\" data-id=\"460d2f0\" data-element_type=\"container\">\n\t\t\t\t\t<div class=\"e-con-inner\">\n\t\t\t\t<div class=\"elementor-element elementor-element-eedbf92 elementor-widget elementor-widget-text-editor\" data-id=\"eedbf92\" data-element_type=\"widget\" data-widget_type=\"text-editor.default\">\n\t\t\t\t\t\t\t\t\t<p>Rio Holiday LLC \u00e8 una societ\u00e0 a responsabilit\u00e0 limitata del Texas, con sede a San Antonio, Texas, Stati Uniti d&#8217;America.<\/p><p><span \n                data-original-string='d6THb8BUF+QTooA2h\/eMCw==1depatd\/kSQpIm1gyFa1X0bTlmCcQdWHQLWIlYxZIFB5+A='\n                class='apbct-email-encoder'\n                title='This contact has been encoded by Anti-Spam by CleanTalk. Click to decode. To finish the decoding make sure that JavaScript is enabled in your browser.'>sa<span class=\"apbct-blur\">*****<\/span>@<span class=\"apbct-blur\">********<\/span>ay.com<\/span><br> Ufficio vendite USA +1+210-878-6046<br> I nostri uffici commerciali si trovano nel fuso orario UTC\/GMT-6 durante l&#8217;ora solare.<\/p><p>Hotel in Brasile +55 21 99689-9989<br> Ufficio vendite in Brasile in portoghese o inglese<br> Rio Holiday Boutique Hotel<br> 345 Rua Nossa Senhora de Lourdes<br> S\u00e3o Francisco, Niter\u00f3i, Rio de Janeiro, Brasile 24360-420<br> Rio \u00e8 nel fuso orario <span style=\"font-size: 1rem;\">UTC\/GMT-3<\/span><\/p><p>Rio Holiday LLC<br> 9901 IH 10 Ovest, Suite 800<br> San Antonio, Texas 78230<\/p>\t\t\t\t\t\t\t\t<\/div>\n\t\t\t\t\t<\/div>\n\t\t\t\t<\/div>\n\t\t<div class=\"elementor-element elementor-element-07e15f9 e-flex e-con-boxed e-con e-parent\" data-id=\"07e15f9\" data-element_type=\"container\">\n\t\t\t\t\t<div class=\"e-con-inner\">\n\t\t\t\t<div class=\"elementor-element elementor-element-e9e4b6d elementor-widget elementor-widget-heading\" data-id=\"e9e4b6d\" data-element_type=\"widget\" data-widget_type=\"heading.default\">\n\t\t\t\t\t<h2 class=\"elementor-heading-title elementor-size-default\">Amici e partner<\/h2>\t\t\t\t<\/div>\n\t\t\t\t\t<\/div>\n\t\t\t\t<\/div>\n\t\t<div class=\"elementor-element elementor-element-ebbee19 e-flex e-con-boxed e-con e-parent\" data-id=\"ebbee19\" data-element_type=\"container\">\n\t\t\t\t\t<div class=\"e-con-inner\">\n\t\t<div class=\"elementor-element elementor-element-8c18651 e-con-full e-flex e-con e-child\" data-id=\"8c18651\" data-element_type=\"container\">\n\t\t\t\t<div class=\"elementor-element elementor-element-1a315ef elementor-widget elementor-widget-image\" data-id=\"1a315ef\" data-element_type=\"widget\" data-widget_type=\"image.default\">\n\t\t\t\t\t\t\t\t\t\t\t\t\t\t\t<img decoding=\"async\" width=\"300\" height=\"300\" data-src=\"https:\/\/rioholiday.com\/wp-content\/uploads\/2025\/11\/rioholiday-support-3.jpg\" class=\"attachment-medium size-medium wp-image-3117 lazyload\" alt=\"\" data-srcset=\"https:\/\/rioholiday.com\/wp-content\/uploads\/2025\/11\/rioholiday-support-3.jpg 1200w, https:\/\/rioholiday.com\/wp-content\/uploads\/2025\/11\/rioholiday-support-3-800x800.jpg 800w\" data-sizes=\"(max-width: 300px) 100vw, 300px\" src=\"data:image\/svg+xml;base64,PHN2ZyB3aWR0aD0iMSIgaGVpZ2h0PSIxIiB4bWxucz0iaHR0cDovL3d3dy53My5vcmcvMjAwMC9zdmciPjwvc3ZnPg==\" style=\"--smush-placeholder-width: 300px; --smush-placeholder-aspect-ratio: 300\/300;\" \/>\t\t\t\t\t\t\t\t\t\t\t\t\t\t\t<\/div>\n\t\t\t\t<\/div>\n\t\t<div class=\"elementor-element elementor-element-e8680f1 e-con-full e-flex e-con e-child\" data-id=\"e8680f1\" data-element_type=\"container\">\n\t\t\t\t<div class=\"elementor-element elementor-element-ebb0c31 elementor-widget elementor-widget-text-editor\" data-id=\"ebb0c31\" data-element_type=\"widget\" data-widget_type=\"text-editor.default\">\n\t\t\t\t\t\t\t\t\t<p>Le foto del nostro sito web sono state create da VF Studio e lo consigliamo vivamente. Potete trovarle su Instagram @vffotografico. VF Studio ha sede nella Grande Rio, in Brasile, e potete contattarli in portoghese o in inglese.  <\/p>\t\t\t\t\t\t\t\t<\/div>\n\t\t\t\t<\/div>\n\t\t\t\t\t<\/div>\n\t\t\t\t<\/div>\n\t\t\t\t<\/div>\n\t\t","protected":false},"excerpt":{"rendered":"<p>Chi siamo Rio Holiday ha accolto i suoi primi ospiti a Rio de Janeiro nel 2004. Da allora, abbiamo accolto [&hellip;]<\/p>\n","protected":false},"author":1,"featured_media":0,"parent":0,"menu_order":0,"comment_status":"closed","ping_status":"closed","template":"","meta":{"site-sidebar-layout":"no-sidebar","site-content-layout":"","ast-site-content-layout":"full-width-container","site-content-style":"default","site-sidebar-style":"default","ast-global-header-display":"","ast-banner-title-visibility":"","ast-main-header-display":"","ast-hfb-above-header-display":"","ast-hfb-below-header-display":"","ast-hfb-mobile-header-display":"","site-post-title":"disabled","ast-breadcrumbs-content":"","ast-featured-img":"disabled","footer-sml-layout":"","ast-disable-related-posts":"","theme-transparent-header-meta":"","adv-header-id-meta":"","stick-header-meta":"","header-above-stick-meta":"","header-main-stick-meta":"","header-below-stick-meta":"","astra-migrate-meta-layouts":"default","ast-page-background-enabled":"default","ast-page-background-meta":{"desktop":{"background-color":"var(--ast-global-color-5)","background-image":"","background-repeat":"repeat","background-position":"center center","background-size":"auto","background-attachment":"scroll","background-type":"","background-media":"","overlay-type":"","overlay-color":"","overlay-opacity":"","overlay-gradient":""},"tablet":{"background-color":"","background-image":"","background-repeat":"repeat","background-position":"center center","background-size":"auto","background-attachment":"scroll","background-type":"","background-media":"","overlay-type":"","overlay-color":"","overlay-opacity":"","overlay-gradient":""},"mobile":{"background-color":"","background-image":"","background-repeat":"repeat","background-position":"center center","background-size":"auto","background-attachment":"scroll","background-type":"","background-media":"","overlay-type":"","overlay-color":"","overlay-opacity":"","overlay-gradient":""}},"ast-content-background-meta":{"desktop":{"background-color":"var(--ast-global-color-4)","background-image":"","background-repeat":"repeat","background-position":"center center","background-size":"auto","background-attachment":"scroll","background-type":"","background-media":"","overlay-type":"","overlay-color":"","overlay-opacity":"","overlay-gradient":""},"tablet":{"background-color":"var(--ast-global-color-4)","background-image":"","background-repeat":"repeat","background-position":"center center","background-size":"auto","background-attachment":"scroll","background-type":"","background-media":"","overlay-type":"","overlay-color":"","overlay-opacity":"","overlay-gradient":""},"mobile":{"background-color":"var(--ast-global-color-4)","background-image":"","background-repeat":"repeat","background-position":"center center","background-size":"auto","background-attachment":"scroll","background-type":"","background-media":"","overlay-type":"","overlay-color":"","overlay-opacity":"","overlay-gradient":""}},"footnotes":""},"class_list":["post-3115","page","type-page","status-publish","hentry"],"yoast_head":"<!-- This site is optimized with the Yoast SEO Premium plugin v26.6 (Yoast SEO v26.6) - https:\/\/yoast.com\/wordpress\/plugins\/seo\/ -->\n<title>Informazioni su Rio Holiday - Rio Holiday Boutique Hotel<\/title>\n<meta name=\"robots\" content=\"index, follow, max-snippet:-1, max-image-preview:large, max-video-preview:-1\" \/>\n<link rel=\"canonical\" href=\"https:\/\/rioholiday.com\/it\/informazioni-su-rio-holiday\/\" \/>\n<meta property=\"og:locale\" content=\"it_IT\" \/>\n<meta property=\"og:type\" content=\"article\" \/>\n<meta property=\"og:title\" content=\"Informazioni su Rio Holiday\" \/>\n<meta property=\"og:description\" content=\"Chi siamo Rio Holiday ha accolto i suoi primi ospiti a Rio de Janeiro nel 2004. Da allora, abbiamo accolto [&hellip;]\" \/>\n<meta property=\"og:url\" content=\"https:\/\/rioholiday.com\/it\/informazioni-su-rio-holiday\/\" \/>\n<meta property=\"og:site_name\" content=\"Rio Holiday Boutique Hotel\" \/>\n<meta property=\"article:modified_time\" content=\"2025-12-09T05:33:47+00:00\" \/>\n<meta property=\"og:image\" content=\"https:\/\/rioholiday.com\/wp-content\/uploads\/2025\/11\/rioholiday-support-1.jpg\" \/>\n\t<meta property=\"og:image:width\" content=\"1600\" \/>\n\t<meta property=\"og:image:height\" content=\"1039\" \/>\n\t<meta property=\"og:image:type\" content=\"image\/jpeg\" \/>\n<meta name=\"twitter:card\" content=\"summary_large_image\" \/>\n<meta name=\"twitter:label1\" content=\"Tempo di lettura stimato\" \/>\n\t<meta name=\"twitter:data1\" content=\"2 minuti\" \/>\n<script type=\"application\/ld+json\" class=\"yoast-schema-graph\">{\"@context\":\"https:\/\/schema.org\",\"@graph\":[{\"@type\":\"WebPage\",\"@id\":\"https:\/\/rioholiday.com\/it\/informazioni-su-rio-holiday\/\",\"url\":\"https:\/\/rioholiday.com\/it\/informazioni-su-rio-holiday\/\",\"name\":\"Informazioni su Rio Holiday - Rio Holiday Boutique Hotel\",\"isPartOf\":{\"@id\":\"https:\/\/rioholiday.com\/it\/#website\"},\"primaryImageOfPage\":{\"@id\":\"https:\/\/rioholiday.com\/it\/informazioni-su-rio-holiday\/#primaryimage\"},\"image\":{\"@id\":\"https:\/\/rioholiday.com\/it\/informazioni-su-rio-holiday\/#primaryimage\"},\"thumbnailUrl\":\"https:\/\/rioholiday.com\/wp-content\/uploads\/2025\/11\/rioholiday-support-1.jpg\",\"datePublished\":\"2025-11-02T04:19:35+00:00\",\"dateModified\":\"2025-12-09T05:33:47+00:00\",\"breadcrumb\":{\"@id\":\"https:\/\/rioholiday.com\/it\/informazioni-su-rio-holiday\/#breadcrumb\"},\"inLanguage\":\"it-IT\",\"potentialAction\":[{\"@type\":\"ReadAction\",\"target\":[\"https:\/\/rioholiday.com\/it\/informazioni-su-rio-holiday\/\"]}]},{\"@type\":\"ImageObject\",\"inLanguage\":\"it-IT\",\"@id\":\"https:\/\/rioholiday.com\/it\/informazioni-su-rio-holiday\/#primaryimage\",\"url\":\"https:\/\/rioholiday.com\/wp-content\/uploads\/2025\/11\/rioholiday-support-1.jpg\",\"contentUrl\":\"https:\/\/rioholiday.com\/wp-content\/uploads\/2025\/11\/rioholiday-support-1.jpg\"},{\"@type\":\"BreadcrumbList\",\"@id\":\"https:\/\/rioholiday.com\/it\/informazioni-su-rio-holiday\/#breadcrumb\",\"itemListElement\":[{\"@type\":\"ListItem\",\"position\":1,\"name\":\"Home\",\"item\":\"https:\/\/rioholiday.com\/it\/rio-holiday-boutique-hotel\/\"},{\"@type\":\"ListItem\",\"position\":2,\"name\":\"Informazioni su Rio Holiday\"}]},{\"@type\":\"WebSite\",\"@id\":\"https:\/\/rioholiday.com\/it\/#website\",\"url\":\"https:\/\/rioholiday.com\/it\/\",\"name\":\"Rio Holiday Boutique Hotel\",\"description\":\"\",\"publisher\":{\"@id\":\"https:\/\/rioholiday.com\/it\/#organization\"},\"potentialAction\":[{\"@type\":\"SearchAction\",\"target\":{\"@type\":\"EntryPoint\",\"urlTemplate\":\"https:\/\/rioholiday.com\/it\/?s={search_term_string}\"},\"query-input\":{\"@type\":\"PropertyValueSpecification\",\"valueRequired\":true,\"valueName\":\"search_term_string\"}}],\"inLanguage\":\"it-IT\"},{\"@type\":\"Organization\",\"@id\":\"https:\/\/rioholiday.com\/it\/#organization\",\"name\":\"Rio Holiday Boutique Hotel\",\"url\":\"https:\/\/rioholiday.com\/it\/\",\"logo\":{\"@type\":\"ImageObject\",\"inLanguage\":\"it-IT\",\"@id\":\"https:\/\/rioholiday.com\/it\/#\/schema\/logo\/image\/\",\"url\":\"https:\/\/rioholiday.com\/wp-content\/uploads\/2025\/10\/RIO-HOLIDAY-Logo-100x59-1.jpg\",\"contentUrl\":\"https:\/\/rioholiday.com\/wp-content\/uploads\/2025\/10\/RIO-HOLIDAY-Logo-100x59-1.jpg\",\"width\":100,\"height\":59,\"caption\":\"Rio Holiday Boutique Hotel\"},\"image\":{\"@id\":\"https:\/\/rioholiday.com\/it\/#\/schema\/logo\/image\/\"},\"sameAs\":[\"https:\/\/www.instagram.com\/rioholidayhotel\/\"]}]}<\/script>\n<!-- \/ Yoast SEO Premium plugin. -->","yoast_head_json":{"title":"Informazioni su Rio Holiday - Rio Holiday Boutique Hotel","robots":{"index":"index","follow":"follow","max-snippet":"max-snippet:-1","max-image-preview":"max-image-preview:large","max-video-preview":"max-video-preview:-1"},"canonical":"https:\/\/rioholiday.com\/it\/informazioni-su-rio-holiday\/","og_locale":"it_IT","og_type":"article","og_title":"Informazioni su Rio Holiday","og_description":"Chi siamo Rio Holiday ha accolto i suoi primi ospiti a Rio de Janeiro nel 2004. Da allora, abbiamo accolto [&hellip;]","og_url":"https:\/\/rioholiday.com\/it\/informazioni-su-rio-holiday\/","og_site_name":"Rio Holiday Boutique Hotel","article_modified_time":"2025-12-09T05:33:47+00:00","og_image":[{"width":1600,"height":1039,"url":"https:\/\/rioholiday.com\/wp-content\/uploads\/2025\/11\/rioholiday-support-1.jpg","type":"image\/jpeg"}],"twitter_card":"summary_large_image","twitter_misc":{"Tempo di lettura stimato":"2 minuti"},"schema":{"@context":"https:\/\/schema.org","@graph":[{"@type":"WebPage","@id":"https:\/\/rioholiday.com\/it\/informazioni-su-rio-holiday\/","url":"https:\/\/rioholiday.com\/it\/informazioni-su-rio-holiday\/","name":"Informazioni su Rio Holiday - Rio Holiday Boutique Hotel","isPartOf":{"@id":"https:\/\/rioholiday.com\/it\/#website"},"primaryImageOfPage":{"@id":"https:\/\/rioholiday.com\/it\/informazioni-su-rio-holiday\/#primaryimage"},"image":{"@id":"https:\/\/rioholiday.com\/it\/informazioni-su-rio-holiday\/#primaryimage"},"thumbnailUrl":"https:\/\/rioholiday.com\/wp-content\/uploads\/2025\/11\/rioholiday-support-1.jpg","datePublished":"2025-11-02T04:19:35+00:00","dateModified":"2025-12-09T05:33:47+00:00","breadcrumb":{"@id":"https:\/\/rioholiday.com\/it\/informazioni-su-rio-holiday\/#breadcrumb"},"inLanguage":"it-IT","potentialAction":[{"@type":"ReadAction","target":["https:\/\/rioholiday.com\/it\/informazioni-su-rio-holiday\/"]}]},{"@type":"ImageObject","inLanguage":"it-IT","@id":"https:\/\/rioholiday.com\/it\/informazioni-su-rio-holiday\/#primaryimage","url":"https:\/\/rioholiday.com\/wp-content\/uploads\/2025\/11\/rioholiday-support-1.jpg","contentUrl":"https:\/\/rioholiday.com\/wp-content\/uploads\/2025\/11\/rioholiday-support-1.jpg"},{"@type":"BreadcrumbList","@id":"https:\/\/rioholiday.com\/it\/informazioni-su-rio-holiday\/#breadcrumb","itemListElement":[{"@type":"ListItem","position":1,"name":"Home","item":"https:\/\/rioholiday.com\/it\/rio-holiday-boutique-hotel\/"},{"@type":"ListItem","position":2,"name":"Informazioni su Rio Holiday"}]},{"@type":"WebSite","@id":"https:\/\/rioholiday.com\/it\/#website","url":"https:\/\/rioholiday.com\/it\/","name":"Rio Holiday Boutique Hotel","description":"","publisher":{"@id":"https:\/\/rioholiday.com\/it\/#organization"},"potentialAction":[{"@type":"SearchAction","target":{"@type":"EntryPoint","urlTemplate":"https:\/\/rioholiday.com\/it\/?s={search_term_string}"},"query-input":{"@type":"PropertyValueSpecification","valueRequired":true,"valueName":"search_term_string"}}],"inLanguage":"it-IT"},{"@type":"Organization","@id":"https:\/\/rioholiday.com\/it\/#organization","name":"Rio Holiday Boutique Hotel","url":"https:\/\/rioholiday.com\/it\/","logo":{"@type":"ImageObject","inLanguage":"it-IT","@id":"https:\/\/rioholiday.com\/it\/#\/schema\/logo\/image\/","url":"https:\/\/rioholiday.com\/wp-content\/uploads\/2025\/10\/RIO-HOLIDAY-Logo-100x59-1.jpg","contentUrl":"https:\/\/rioholiday.com\/wp-content\/uploads\/2025\/10\/RIO-HOLIDAY-Logo-100x59-1.jpg","width":100,"height":59,"caption":"Rio Holiday Boutique Hotel"},"image":{"@id":"https:\/\/rioholiday.com\/it\/#\/schema\/logo\/image\/"},"sameAs":["https:\/\/www.instagram.com\/rioholidayhotel\/"]}]}},"_links":{"self":[{"href":"https:\/\/rioholiday.com\/it\/wp-json\/wp\/v2\/pages\/3115","targetHints":{"allow":["GET"]}}],"collection":[{"href":"https:\/\/rioholiday.com\/it\/wp-json\/wp\/v2\/pages"}],"about":[{"href":"https:\/\/rioholiday.com\/it\/wp-json\/wp\/v2\/types\/page"}],"author":[{"embeddable":true,"href":"https:\/\/rioholiday.com\/it\/wp-json\/wp\/v2\/users\/1"}],"replies":[{"embeddable":true,"href":"https:\/\/rioholiday.com\/it\/wp-json\/wp\/v2\/comments?post=3115"}],"version-history":[{"count":0,"href":"https:\/\/rioholiday.com\/it\/wp-json\/wp\/v2\/pages\/3115\/revisions"}],"wp:attachment":[{"href":"https:\/\/rioholiday.com\/it\/wp-json\/wp\/v2\/media?parent=3115"}],"curies":[{"name":"wp","href":"https:\/\/api.w.org\/{rel}","templated":true}]}}