{"id":3144,"date":"2025-11-02T04:41:04","date_gmt":"2025-11-02T04:41:04","guid":{"rendered":"https:\/\/rioholiday.com\/informativa-sulla-privacy-di-rio-holiday\/"},"modified":"2025-12-09T05:33:34","modified_gmt":"2025-12-09T05:33:34","slug":"informativa-sulla-privacy-di-rio-holiday","status":"publish","type":"page","link":"https:\/\/rioholiday.com\/it\/informativa-sulla-privacy-di-rio-holiday\/","title":{"rendered":"Informativa sulla privacy di Rio Holiday"},"content":{"rendered":"\t\t<div data-elementor-type=\"wp-page\" data-elementor-id=\"3144\" class=\"elementor elementor-3144 elementor-1147\" data-elementor-post-type=\"page\">\n\t\t\t\t<div class=\"elementor-element elementor-element-b972504 e-flex e-con-boxed e-con e-parent\" data-id=\"b972504\" data-element_type=\"container\">\n\t\t\t\t\t<div class=\"e-con-inner\">\n\t\t\t\t<div class=\"elementor-element elementor-element-20ab85f elementor-widget elementor-widget-heading\" data-id=\"20ab85f\" data-element_type=\"widget\" data-widget_type=\"heading.default\">\n\t\t\t\t\t<h2 class=\"elementor-heading-title elementor-size-default\">Informativa sulla privacy di Rio Holiday<\/h2>\t\t\t\t<\/div>\n\t\t\t\t\t<\/div>\n\t\t\t\t<\/div>\n\t\t<div class=\"elementor-element elementor-element-7a42c5e e-flex e-con-boxed e-con e-parent\" data-id=\"7a42c5e\" data-element_type=\"container\">\n\t\t\t\t\t<div class=\"e-con-inner\">\n\t\t\t\t<div class=\"elementor-element elementor-element-06d31e1 elementor-widget elementor-widget-text-editor\" data-id=\"06d31e1\" data-element_type=\"widget\" data-widget_type=\"text-editor.default\">\n\t\t\t\t\t\t\t\t\t<h2 id=\"h-who-we-are\" class=\"wp-block-heading\">Chi siamo<\/h2>\n<p>Rio Holiday \u00e8 una societ\u00e0 a responsabilit\u00e0 limitata con sede a San Antonio, Texas, Stati Uniti d&#8217;America. L&#8217;indirizzo del nostro sito web \u00e8: https:\/\/www.RioHoliday.com <\/p>\n<p><span \n                data-original-string='5R86any+xT7xBMTDAigADg==1deu5MAsA0brUyg70cyYKnrsVKK6yYbzGEJJi+hGcrZQko='\n                class='apbct-email-encoder'\n                title='This contact has been encoded by Anti-Spam by CleanTalk. Click to decode. To finish the decoding make sure that JavaScript is enabled in your browser.'>pr<span class=\"apbct-blur\">*****<\/span>@<span class=\"apbct-blur\">********<\/span>ay.com<\/span><br> <span \n                data-original-string='f4oSjYJmMCQx0dydd4zK8Q==1degC0KcIwjP\/ro4wLZRUEjCCbkfrrVk+Co1P+\/oaZ221M='\n                class='apbct-email-encoder'\n                title='This contact has been encoded by Anti-Spam by CleanTalk. Click to decode. To finish the decoding make sure that JavaScript is enabled in your browser.'>sa<span class=\"apbct-blur\">*****<\/span>@<span class=\"apbct-blur\">********<\/span>ay.com<\/span><br> Ufficio vendite USA +1+210-878-6046<br> I nostri uffici commerciali si trovano nel fuso orario UTC\/GMT-6 durante l&#8217;ora solare.<\/p>\n<p>Hotel in Brasile +55 21 99689-9989<br> Ufficio vendite in Brasile in portoghese o inglese<br> Rio \u00e8 nel fuso orario <span style=\"font-size: 1rem;\">UTC\/GMT-3<\/span><\/p>\n<p>Rio Holiday LLC<br> 9901 IH 10 Ovest, Suite 800<br> San Antonio, Texas 78230<\/p>\n<h2 id=\"h-what-personal-data-we-collect-and-why-we-collect-it\" class=\"wp-block-heading\">Quali dati personali raccogliamo e perch\u00e9 li raccogliamo<\/h2>\n<h3 id=\"h-comments\" class=\"wp-block-heading\">Commenti<\/h3>\n<p>Quando i visitatori lasciano commenti sul sito, raccogliamo i dati mostrati nel modulo dei commenti, nonch\u00e9 l&#8217;indirizzo IP del visitatore e la stringa dello user agent del browser per facilitare il rilevamento dello spam.<\/p>\n<p>Una stringa anonima creata a partire dal tuo indirizzo email (chiamata anche hash) potrebbe essere fornita al servizio Gravatar per verificare se lo stai utilizzando. L&#8217;informativa sulla privacy del servizio Gravatar \u00e8 disponibile qui: https:\/\/automattic.com\/privacy\/. Dopo l&#8217;approvazione del tuo commento, la tua immagine del profilo \u00e8 visibile al pubblico nel contesto del tuo commento. <\/p>\n<h3 id=\"h-media\" class=\"wp-block-heading\">Media<\/h3>\n<p>Se carichi immagini sul sito web, dovresti evitare di caricare immagini che includono dati di posizione incorporati (EXIF GPS). I visitatori del sito web possono scaricare ed estrarre qualsiasi dato sulla posizione dalle immagini presenti sul sito web. <\/p>\n<h3 id=\"h-booking-form-s\" class=\"wp-block-heading\"><strong>Modulo di prenotazione<\/strong> s<\/h3>\n<p>Richiediamo informazioni all&#8217;utente tramite il nostro modulo di prenotazione. L&#8217;utente deve fornire informazioni di contatto (come nome, indirizzo email e residenza) e pu\u00f2 anche fornire informazioni finanziarie (come numero di carta di credito e data di scadenza). Queste informazioni vengono utilizzate per la fatturazione e per evadere gli ordini dei clienti. In caso di problemi nell&#8217;elaborazione di un ordine, le informazioni vengono utilizzate per contattare l&#8217;utente.   <\/p>\n<p>Sappiamo che i clienti sono attenti alla sicurezza delle carte di credito. Utilizziamo due delle pi\u00f9 grandi agenzie di trasferimento fondi al mondo: PayPal e Stripe. &nbsp;  Se scegli di utilizzare uno di questi account, i dati personali della tua carta di credito non ci verranno forniti.&nbsp;  Tuttavia, conserveremo le informazioni del tuo account per poterti addebitare i costi necessari. Se per qualsiasi motivo ottenessimo le tue informazioni finanziarie personali, potremmo conservarle fino a 60 giorni dopo il tuo soggiorno in Brasile. Trascorso tale periodo, le informazioni verranno eliminate.  <\/p>\n<p>Conserviamo le informazioni raccolte dai nostri moduli di elaborazione delle prenotazioni al fine di fornire il miglior servizio clienti possibile. Queste informazioni vengono inoltre utilizzate per comprendere meglio le esigenze dei nostri clienti e vengono aggregate in modo non personale per finalit\u00e0 di marketing e pianificazione dei prodotti. Non condividiamo le tue informazioni personali con nessuno al di fuori delle nostre organizzazioni.  <\/p>\n<h3 id=\"h-cookies\" class=\"wp-block-heading\">Biscotti<\/h3>\n<p>Se lasci un commento sul nostro sito, puoi scegliere di salvare il tuo nome, indirizzo email e sito web nei cookie. Questi cookie sono per tua comodit\u00e0, cos\u00ec non dovrai inserire nuovamente i tuoi dati quando lasci un altro commento. Questi cookie dureranno un anno.  <\/p>\n<p>Se visiti la nostra pagina di accesso, imposteremo un cookie temporaneo per determinare se il tuo browser accetta i cookie. Questo cookie non contiene dati personali e viene eliminato alla chiusura del browser. <\/p>\n<p>Quando effettui l&#8217;accesso, verranno impostati anche diversi cookie per salvare le tue informazioni di accesso e le tue opzioni di visualizzazione dello schermo. I cookie di accesso durano due giorni, mentre i cookie per le opzioni dello schermo durano un anno. Se selezioni &#8220;Ricordami&#8221;, il tuo accesso persister\u00e0 per due settimane. Se esci dal tuo account, i cookie di accesso verranno rimossi.   <\/p>\n<p>Se modifichi o pubblichi un articolo, un cookie aggiuntivo verr\u00e0 salvato nel tuo browser. Questo cookie non include dati personali e indica semplicemente l&#8217;ID dell&#8217;articolo appena modificato. Scade dopo 1 giorno.  <\/p>\n<h3 id=\"h-embedded-content-from-other-websites\" class=\"wp-block-heading\">Contenuto incorporato da altri siti web<\/h3>\n<p>Gli articoli su questo sito possono includere contenuti incorporati (ad esempio video, immagini, articoli, ecc.). I contenuti incorporati da altri siti web si comportano esattamente nello stesso modo in cui il visitatore avrebbe visitato l&#8217;altro sito web. <\/p>\n<p>Questi siti web potrebbero raccogliere dati su di te, utilizzare cookie, integrare ulteriori tracciamenti di terze parti e monitorare la tua interazione con tali contenuti incorporati, incluso il tracciamento della tua interazione con i contenuti incorporati se hai un account e hai effettuato l&#8217;accesso a tali siti web.<\/p>\n<h3 id=\"h-analytics\" class=\"wp-block-heading\">Analisi<\/h3>\n<p>Utilizziamo diverse tecnologie software di analisi che ci aiutano a gestire al meglio i contenuti del nostro sito, indicandoci quali sono efficaci. Nessuna di queste informazioni viene memorizzata insieme ai dati personali degli utenti. <\/p>\n<p>Come la maggior parte dei server di siti web standard, utilizziamo file di registro. Questi includono indirizzi IP (Internet Protocol), tipo di browser, provider di servizi Internet (ISP), pagine di riferimento\/uscita, tipo di piattaforma, data\/ora e numero di clic per analizzare le tendenze, amministrare il sito, tracciare i movimenti degli utenti in forma aggregata e raccogliere informazioni demografiche generali per uso aggregato. Gli indirizzi IP, ecc. non sono collegati a informazioni personali identificabili.  <\/p>\n<div class=\"wp-block-getwid-advanced-heading\">\n<h3 class=\"wp-block-getwid-advanced-heading__content\">Riferimenti<\/h3>\n<\/div>\n<p>Se un utente sceglie di utilizzare il nostro servizio di segnalazione per informare un amico del nostro sito, gli chiediamo il nome e l&#8217;indirizzo email dell&#8217;amico. Rio Holiday invier\u00e0 automaticamente all&#8217;amico un&#8217;email una tantum invitandolo a visitare il sito. Rio Holiday conserva queste informazioni al solo scopo di inviare questa email una tantum e monitorare il successo del nostro programma di segnalazione. L&#8217;amico pu\u00f2 contattare Rio Holiday all&#8217;indirizzo   &nbsp;<a href=\"mailto:pr*****@********ay.com\" data-original-string=\"DOoO3fC1a1\/rJfBO+yuI2A==1deYOSQtUxj97mvX6cQgFRC96d6E\/ojQ1OvrVAXrKmNoCo=\" title=\"This contact has been encoded by Anti-Spam by CleanTalk. Click to decode. To finish the decoding make sure that JavaScript is enabled in your browser.\"><span \n                data-original-string='dnKFw0Tal72iPjziNyKmLQ==1deVO1wPLvub8zZg0OLppPOit0C6axeQNJf3xlvjL6JKBo='\n                class='apbct-email-encoder'\n                title='This contact has been encoded by Anti-Spam by CleanTalk. Click to decode. To finish the decoding make sure that JavaScript is enabled in your browser.'>pr<span class=\"apbct-blur\">*****<\/span>@<span class=\"apbct-blur\">********<\/span>ay.com<\/span><\/a> per richiedere la rimozione di queste informazioni dal nostro database.<\/p>\n<h2 id=\"h-additional-information\" class=\"wp-block-heading\">Informazioni aggiuntive<\/h2>\n<h3 id=\"h-who-we-share-your-data-with\" class=\"wp-block-heading\">Con chi condividiamo i tuoi dati<\/h3>\n<p>Se comunichi con noi in merito a un soggiorno, inclusa la richiesta di disponibilit\u00e0, e non prenoti effettivamente un soggiorno con noi, i tuoi dati personali non verranno condivisi con nessuno. Se prenoti con noi direttamente dal sito web o tramite uno dei nostri siti di consolidamento (come Booking.com, AirBnB, HomeAway, Expedia, ecc.), i tuoi dati potrebbero essere condivisi con un processore di pagamento terzo. Inoltre, i dati della tua prenotazione vengono condivisi con i nostri partner e affiliati brasiliani, in modo da poterti offrire un servizio adeguato come ospite.  <\/p>\n<p>I commenti dei visitatori potrebbero essere controllati tramite un servizio di rilevamento automatico dello spam.<\/p>\n<h3 id=\"h-how-long-we-retain-your-data\" class=\"wp-block-heading\">Per quanto tempo conserviamo i tuoi dati<\/h3>\n<p>Se lasci un commento, il commento e i relativi metadati vengono conservati a tempo indeterminato. In questo modo possiamo riconoscere e approvare automaticamente eventuali commenti successivi, invece di tenerli in una coda di moderazione. <\/p>\n<p>Per gli utenti che si registrano sul nostro sito web (se presenti), memorizziamo anche le informazioni personali che forniscono nel loro profilo utente. Tutti gli utenti possono visualizzare, modificare o cancellare le proprie informazioni personali in qualsiasi momento (tranne il nome utente). Anche gli amministratori del sito web possono visualizzare e modificare tali informazioni.  <\/p>\n<h3 id=\"h-what-rights-you-have-over-your-data\" class=\"wp-block-heading\">Quali diritti hai sui tuoi dati<\/h3>\n<p>Se hai un account su questo sito o hai lasciato commenti, puoi richiedere di ricevere un file esportato dei dati personali che conserviamo su di te, compresi i dati che ci hai fornito. Puoi anche richiedere che cancelliamo tutti i dati personali che conserviamo su di te. Questo non include i dati che siamo obbligati a conservare per scopi amministrativi, legali o di sicurezza.  <\/p>\n<h3 id=\"h-how-we-protect-your-data\" class=\"wp-block-heading\">Come proteggiamo i tuoi dati<\/h3>\n<p>Questo sito web adotta tutte le precauzioni necessarie per proteggere le informazioni dei nostri utenti. Quando gli utenti inviano informazioni sensibili tramite il sito web, le loro informazioni sono protette sia online che offline. <\/p>\n<p>Quando il nostro modulo di prenotazione richiede agli utenti di inserire informazioni sensibili (come il numero di carta di credito e\/o il codice fiscale), tali informazioni vengono crittografate e protette tramite SSL. Facciamo inoltre tutto il possibile per proteggere le informazioni degli utenti offline. Tutte le informazioni dei nostri utenti, non solo quelle sensibili sopra menzionate, sono riservate all&#8217;interno dei nostri uffici. Solo i dipendenti che necessitano di tali informazioni per svolgere un lavoro specifico (ad esempio, il nostro addetto alla fatturazione o un rappresentante del servizio clienti) hanno accesso alle informazioni personali identificabili.   <\/p>\n<h3 id=\"h-industry-regulatory-disclosure-requirements\" class=\"wp-block-heading\">Requisiti di informativa normativa del settore<\/h3>\n<p>Al momento del check-in al Rio Holiday Hotel, vi verr\u00e0 chiesto di fornire un documento d&#8217;identit\u00e0, tra cui passaporto e residenza. Conserviamo queste informazioni in conformit\u00e0 con la legge brasiliana, ma non le condividiamo con altre entit\u00e0 per nessun motivo. <\/p>\t\t\t\t\t\t\t\t<\/div>\n\t\t\t\t\t<\/div>\n\t\t\t\t<\/div>\n\t\t\t\t<\/div>\n\t\t","protected":false},"excerpt":{"rendered":"<p>Informativa sulla privacy di Rio Holiday Chi siamo Rio Holiday \u00e8 una societ\u00e0 a responsabilit\u00e0 limitata con sede a San [&hellip;]<\/p>\n","protected":false},"author":1,"featured_media":0,"parent":0,"menu_order":0,"comment_status":"closed","ping_status":"closed","template":"","meta":{"site-sidebar-layout":"no-sidebar","site-content-layout":"","ast-site-content-layout":"full-width-container","site-content-style":"default","site-sidebar-style":"default","ast-global-header-display":"","ast-banner-title-visibility":"","ast-main-header-display":"","ast-hfb-above-header-display":"","ast-hfb-below-header-display":"","ast-hfb-mobile-header-display":"","site-post-title":"disabled","ast-breadcrumbs-content":"","ast-featured-img":"disabled","footer-sml-layout":"","ast-disable-related-posts":"","theme-transparent-header-meta":"","adv-header-id-meta":"","stick-header-meta":"","header-above-stick-meta":"","header-main-stick-meta":"","header-below-stick-meta":"","astra-migrate-meta-layouts":"default","ast-page-background-enabled":"default","ast-page-background-meta":{"desktop":{"background-color":"var(--ast-global-color-5)","background-image":"","background-repeat":"repeat","background-position":"center center","background-size":"auto","background-attachment":"scroll","background-type":"","background-media":"","overlay-type":"","overlay-color":"","overlay-opacity":"","overlay-gradient":""},"tablet":{"background-color":"","background-image":"","background-repeat":"repeat","background-position":"center center","background-size":"auto","background-attachment":"scroll","background-type":"","background-media":"","overlay-type":"","overlay-color":"","overlay-opacity":"","overlay-gradient":""},"mobile":{"background-color":"","background-image":"","background-repeat":"repeat","background-position":"center center","background-size":"auto","background-attachment":"scroll","background-type":"","background-media":"","overlay-type":"","overlay-color":"","overlay-opacity":"","overlay-gradient":""}},"ast-content-background-meta":{"desktop":{"background-color":"var(--ast-global-color-4)","background-image":"","background-repeat":"repeat","background-position":"center center","background-size":"auto","background-attachment":"scroll","background-type":"","background-media":"","overlay-type":"","overlay-color":"","overlay-opacity":"","overlay-gradient":""},"tablet":{"background-color":"var(--ast-global-color-4)","background-image":"","background-repeat":"repeat","background-position":"center center","background-size":"auto","background-attachment":"scroll","background-type":"","background-media":"","overlay-type":"","overlay-color":"","overlay-opacity":"","overlay-gradient":""},"mobile":{"background-color":"var(--ast-global-color-4)","background-image":"","background-repeat":"repeat","background-position":"center center","background-size":"auto","background-attachment":"scroll","background-type":"","background-media":"","overlay-type":"","overlay-color":"","overlay-opacity":"","overlay-gradient":""}},"footnotes":""},"class_list":["post-3144","page","type-page","status-publish","hentry"],"yoast_head":"<!-- This site is optimized with the Yoast SEO Premium plugin v26.6 (Yoast SEO v26.6) - https:\/\/yoast.com\/wordpress\/plugins\/seo\/ -->\n<title>Informativa sulla privacy di Rio Holiday - Rio Holiday Boutique Hotel<\/title>\n<meta name=\"robots\" content=\"noindex, follow\" \/>\n<meta property=\"og:locale\" content=\"it_IT\" \/>\n<meta property=\"og:type\" content=\"article\" \/>\n<meta property=\"og:title\" content=\"Informativa sulla privacy di Rio Holiday\" \/>\n<meta property=\"og:description\" content=\"Informativa sulla privacy di Rio Holiday Chi siamo Rio Holiday \u00e8 una societ\u00e0 a responsabilit\u00e0 limitata con sede a San [&hellip;]\" \/>\n<meta property=\"og:url\" content=\"https:\/\/rioholiday.com\/it\/informativa-sulla-privacy-di-rio-holiday\/\" \/>\n<meta property=\"og:site_name\" content=\"Rio Holiday Boutique Hotel\" \/>\n<meta property=\"article:modified_time\" content=\"2025-12-09T05:33:34+00:00\" \/>\n<meta name=\"twitter:card\" content=\"summary_large_image\" \/>\n<meta name=\"twitter:label1\" content=\"Tempo di lettura stimato\" \/>\n\t<meta name=\"twitter:data1\" content=\"7 minuti\" \/>\n<script type=\"application\/ld+json\" class=\"yoast-schema-graph\">{\"@context\":\"https:\/\/schema.org\",\"@graph\":[{\"@type\":\"WebPage\",\"@id\":\"https:\/\/rioholiday.com\/it\/informativa-sulla-privacy-di-rio-holiday\/\",\"url\":\"https:\/\/rioholiday.com\/it\/informativa-sulla-privacy-di-rio-holiday\/\",\"name\":\"Informativa sulla privacy di Rio Holiday - Rio Holiday Boutique Hotel\",\"isPartOf\":{\"@id\":\"https:\/\/rioholiday.com\/it\/#website\"},\"datePublished\":\"2025-11-02T04:41:04+00:00\",\"dateModified\":\"2025-12-09T05:33:34+00:00\",\"breadcrumb\":{\"@id\":\"https:\/\/rioholiday.com\/it\/informativa-sulla-privacy-di-rio-holiday\/#breadcrumb\"},\"inLanguage\":\"it-IT\",\"potentialAction\":[{\"@type\":\"ReadAction\",\"target\":[\"https:\/\/rioholiday.com\/it\/informativa-sulla-privacy-di-rio-holiday\/\"]}]},{\"@type\":\"BreadcrumbList\",\"@id\":\"https:\/\/rioholiday.com\/it\/informativa-sulla-privacy-di-rio-holiday\/#breadcrumb\",\"itemListElement\":[{\"@type\":\"ListItem\",\"position\":1,\"name\":\"Home\",\"item\":\"https:\/\/rioholiday.com\/it\/rio-holiday-boutique-hotel\/\"},{\"@type\":\"ListItem\",\"position\":2,\"name\":\"Informativa sulla privacy di Rio Holiday\"}]},{\"@type\":\"WebSite\",\"@id\":\"https:\/\/rioholiday.com\/it\/#website\",\"url\":\"https:\/\/rioholiday.com\/it\/\",\"name\":\"Rio Holiday Boutique Hotel\",\"description\":\"\",\"publisher\":{\"@id\":\"https:\/\/rioholiday.com\/it\/#organization\"},\"potentialAction\":[{\"@type\":\"SearchAction\",\"target\":{\"@type\":\"EntryPoint\",\"urlTemplate\":\"https:\/\/rioholiday.com\/it\/?s={search_term_string}\"},\"query-input\":{\"@type\":\"PropertyValueSpecification\",\"valueRequired\":true,\"valueName\":\"search_term_string\"}}],\"inLanguage\":\"it-IT\"},{\"@type\":\"Organization\",\"@id\":\"https:\/\/rioholiday.com\/it\/#organization\",\"name\":\"Rio Holiday Boutique Hotel\",\"url\":\"https:\/\/rioholiday.com\/it\/\",\"logo\":{\"@type\":\"ImageObject\",\"inLanguage\":\"it-IT\",\"@id\":\"https:\/\/rioholiday.com\/it\/#\/schema\/logo\/image\/\",\"url\":\"https:\/\/rioholiday.com\/wp-content\/uploads\/2025\/10\/RIO-HOLIDAY-Logo-100x59-1.jpg\",\"contentUrl\":\"https:\/\/rioholiday.com\/wp-content\/uploads\/2025\/10\/RIO-HOLIDAY-Logo-100x59-1.jpg\",\"width\":100,\"height\":59,\"caption\":\"Rio Holiday Boutique Hotel\"},\"image\":{\"@id\":\"https:\/\/rioholiday.com\/it\/#\/schema\/logo\/image\/\"},\"sameAs\":[\"https:\/\/www.instagram.com\/rioholidayhotel\/\"]}]}<\/script>\n<!-- \/ Yoast SEO Premium plugin. -->","yoast_head_json":{"title":"Informativa sulla privacy di Rio Holiday - Rio Holiday Boutique Hotel","robots":{"index":"noindex","follow":"follow"},"og_locale":"it_IT","og_type":"article","og_title":"Informativa sulla privacy di Rio Holiday","og_description":"Informativa sulla privacy di Rio Holiday Chi siamo Rio Holiday \u00e8 una societ\u00e0 a responsabilit\u00e0 limitata con sede a San [&hellip;]","og_url":"https:\/\/rioholiday.com\/it\/informativa-sulla-privacy-di-rio-holiday\/","og_site_name":"Rio Holiday Boutique Hotel","article_modified_time":"2025-12-09T05:33:34+00:00","twitter_card":"summary_large_image","twitter_misc":{"Tempo di lettura stimato":"7 minuti"},"schema":{"@context":"https:\/\/schema.org","@graph":[{"@type":"WebPage","@id":"https:\/\/rioholiday.com\/it\/informativa-sulla-privacy-di-rio-holiday\/","url":"https:\/\/rioholiday.com\/it\/informativa-sulla-privacy-di-rio-holiday\/","name":"Informativa sulla privacy di Rio Holiday - Rio Holiday Boutique Hotel","isPartOf":{"@id":"https:\/\/rioholiday.com\/it\/#website"},"datePublished":"2025-11-02T04:41:04+00:00","dateModified":"2025-12-09T05:33:34+00:00","breadcrumb":{"@id":"https:\/\/rioholiday.com\/it\/informativa-sulla-privacy-di-rio-holiday\/#breadcrumb"},"inLanguage":"it-IT","potentialAction":[{"@type":"ReadAction","target":["https:\/\/rioholiday.com\/it\/informativa-sulla-privacy-di-rio-holiday\/"]}]},{"@type":"BreadcrumbList","@id":"https:\/\/rioholiday.com\/it\/informativa-sulla-privacy-di-rio-holiday\/#breadcrumb","itemListElement":[{"@type":"ListItem","position":1,"name":"Home","item":"https:\/\/rioholiday.com\/it\/rio-holiday-boutique-hotel\/"},{"@type":"ListItem","position":2,"name":"Informativa sulla privacy di Rio Holiday"}]},{"@type":"WebSite","@id":"https:\/\/rioholiday.com\/it\/#website","url":"https:\/\/rioholiday.com\/it\/","name":"Rio Holiday Boutique Hotel","description":"","publisher":{"@id":"https:\/\/rioholiday.com\/it\/#organization"},"potentialAction":[{"@type":"SearchAction","target":{"@type":"EntryPoint","urlTemplate":"https:\/\/rioholiday.com\/it\/?s={search_term_string}"},"query-input":{"@type":"PropertyValueSpecification","valueRequired":true,"valueName":"search_term_string"}}],"inLanguage":"it-IT"},{"@type":"Organization","@id":"https:\/\/rioholiday.com\/it\/#organization","name":"Rio Holiday Boutique Hotel","url":"https:\/\/rioholiday.com\/it\/","logo":{"@type":"ImageObject","inLanguage":"it-IT","@id":"https:\/\/rioholiday.com\/it\/#\/schema\/logo\/image\/","url":"https:\/\/rioholiday.com\/wp-content\/uploads\/2025\/10\/RIO-HOLIDAY-Logo-100x59-1.jpg","contentUrl":"https:\/\/rioholiday.com\/wp-content\/uploads\/2025\/10\/RIO-HOLIDAY-Logo-100x59-1.jpg","width":100,"height":59,"caption":"Rio Holiday Boutique Hotel"},"image":{"@id":"https:\/\/rioholiday.com\/it\/#\/schema\/logo\/image\/"},"sameAs":["https:\/\/www.instagram.com\/rioholidayhotel\/"]}]}},"_links":{"self":[{"href":"https:\/\/rioholiday.com\/it\/wp-json\/wp\/v2\/pages\/3144","targetHints":{"allow":["GET"]}}],"collection":[{"href":"https:\/\/rioholiday.com\/it\/wp-json\/wp\/v2\/pages"}],"about":[{"href":"https:\/\/rioholiday.com\/it\/wp-json\/wp\/v2\/types\/page"}],"author":[{"embeddable":true,"href":"https:\/\/rioholiday.com\/it\/wp-json\/wp\/v2\/users\/1"}],"replies":[{"embeddable":true,"href":"https:\/\/rioholiday.com\/it\/wp-json\/wp\/v2\/comments?post=3144"}],"version-history":[{"count":0,"href":"https:\/\/rioholiday.com\/it\/wp-json\/wp\/v2\/pages\/3144\/revisions"}],"wp:attachment":[{"href":"https:\/\/rioholiday.com\/it\/wp-json\/wp\/v2\/media?parent=3144"}],"curies":[{"name":"wp","href":"https:\/\/api.w.org\/{rel}","templated":true}]}}