{"id":3145,"date":"2025-11-02T04:54:27","date_gmt":"2025-11-02T04:54:27","guid":{"rendered":"https:\/\/rioholiday.com\/termini-e-condizioni-per-le-vacanze-a-rio\/"},"modified":"2025-12-09T05:33:44","modified_gmt":"2025-12-09T05:33:44","slug":"termini-e-condizioni-per-le-vacanze-a-rio","status":"publish","type":"page","link":"https:\/\/rioholiday.com\/it\/termini-e-condizioni-per-le-vacanze-a-rio\/","title":{"rendered":"Termini e condizioni per le vacanze a Rio"},"content":{"rendered":"\t\t<div data-elementor-type=\"wp-page\" data-elementor-id=\"3145\" class=\"elementor elementor-3145 elementor-1153\" data-elementor-post-type=\"page\">\n\t\t\t\t<div class=\"elementor-element elementor-element-b972504 e-flex e-con-boxed e-con e-parent\" data-id=\"b972504\" data-element_type=\"container\">\n\t\t\t\t\t<div class=\"e-con-inner\">\n\t\t\t\t<div class=\"elementor-element elementor-element-20ab85f elementor-widget elementor-widget-heading\" data-id=\"20ab85f\" data-element_type=\"widget\" data-widget_type=\"heading.default\">\n\t\t\t\t\t<h2 class=\"elementor-heading-title elementor-size-default\">Termini e condizioni per le vacanze a Rio<\/h2>\t\t\t\t<\/div>\n\t\t\t\t\t<\/div>\n\t\t\t\t<\/div>\n\t\t<div class=\"elementor-element elementor-element-7a42c5e e-flex e-con-boxed e-con e-parent\" data-id=\"7a42c5e\" data-element_type=\"container\">\n\t\t\t\t\t<div class=\"e-con-inner\">\n\t\t\t\t<div class=\"elementor-element elementor-element-06d31e1 elementor-widget elementor-widget-text-editor\" data-id=\"06d31e1\" data-element_type=\"widget\" data-widget_type=\"text-editor.default\">\n\t\t\t\t\t\t\t\t\t<p>Rio Holiday persegue una politica di trasparenza e correttezza. Non amiamo le brutte sorprese e non vogliamo che i nostri ospiti ne ricevano. Tutte le transazioni con Rio Holiday sono regolate dai seguenti termini e condizioni.  &nbsp;  Una copia di questi termini e condizioni \u00e8 inclusa nell&#8217;e-mail di conferma.<\/p>\n<p>Per qualsiasi domanda su una qualsiasi di queste politiche, vi preghiamo di contattarci via e-mail prima della prenotazione o dell&#8217;arrivo oppure di rivolgervi al vostro Hospitality Manager dopo l&#8217;arrivo.<\/p>\n<p><strong>Dovresti leggere e comprendere tutti i nostri termini e condizioni, ma elenchiamo prima le considerazioni pi\u00f9 importanti.<\/strong><\/p>\n<p><strong>TERMINI DI PAGAMENTO:<\/strong> Le prenotazioni saranno valide fino alla ricezione del deposito e alla successiva e-mail di conferma. Il pagamento verr\u00e0 richiesto al momento della prenotazione tramite il nostro sito web o via e-mail se effettuata telefonicamente.&nbsp; &nbsp;<\/p>\n<p>Le PRENOTAZIONI STANDARD possono essere cancellate fino a 7 giorni prima dell&#8217;arrivo con rimborso completo.&nbsp;  Se annulli la prenotazione 6 giorni o meno prima dell&#8217;arrivo, l&#8217;acconto non verr\u00e0 rimborsato.<br>Le PRENOTAZIONI PER IL CARNEVALE possono essere annullate fino a 14 giorni prima dell&#8217;arrivo con rimborso completo.&nbsp;  Inoltre, ti verr\u00e0 chiesto di versare un deposito pari al 50% anzich\u00e9 solo quello della prima notte.<br>PER LE PRENOTAZIONI NON RIMBORSABILI l&#8217;intero importo verr\u00e0 addebitato al momento della prenotazione.&nbsp;  Non sono rimborsabili, ma sono idonei al nostro programma SECOND CHANCE se ci avvisi in anticipo del giorno del tuo arrivo.<br>Se effettui accidentalmente una prenotazione con noi, puoi annullarla entro 24 ore dalla prenotazione, a condizione che l&#8217;orario di arrivo non sia compreso entro 24 ore.&nbsp;  Se effettui una prenotazione tramite una delle nostre agenzie di viaggio online partner, devi seguire le regole di cancellazione e rimborso di tale organizzazione.&nbsp;  Offriamo una seconda possibilit\u00e0 agli ospiti che hanno pagato e non possono mantenere la prenotazione a causa di emergenze dell&#8217;ultimo minuto.<\/p>\n<p>In Brasile, \u00e8 comune che le tariffe pubblicizzate siano separate dalle tasse obbligatorie e persino dai costi di servizio. Non apprezziamo questa politica, quindi le nostre tariffe includono tasse e commissioni gi\u00e0 incluse. <\/p>\n<p><strong>ASSICURAZIONE DI VIAGGIO:<\/strong> Consigliamo di stipulare un&#8217;assicurazione di viaggio per coprire i costi dei voli e delle prenotazioni alberghiere. Un viaggio internazionale richiede solitamente degli scali aerei. I piani delle persone cambiano a causa di emergenze, malattie, scelte personali e persino decreti governativi. Si prega di scegliere un piano che copra i costi prevedibili se si devono modificare i piani di viaggio entro 6 giorni dall&#8217;arrivo (13 per Carnival).   <\/p>\n<p><strong>CHECK-IN e CHECK-OUT<\/strong> : il personale del Rio Holiday \u00e8 presente in loco 24 ore su 24, 7 giorni su 7. Il check-in \u00e8 previsto per le 14:00, mentre il check-out \u00e8 previsto per mezzogiorno. Per cortesia verso i nostri ospiti, solitamente offriamo il check-in anticipato alle 8:00 e il check-out posticipato alle 18:00 senza alcun costo aggiuntivo. Se la vostra camera non \u00e8 pronta al vostro arrivo, custodiremo i vostri bagagli e sarete invitati a rilassarvi a bordo piscina o nel nostro bistrot. Faremo tutto il possibile per gestire check-in anticipati o check-out posticipati, compatibilmente con il nostro calendario delle prenotazioni. Se la vostra camera \u00e8 stata prenotata da un altro ospite il giorno della vostra partenza, potrete rilassarvi nuovamente a bordo piscina oppure possiamo organizzare un tour per quel giorno durante il tragitto verso l&#8217;aeroporto. <\/p>\n<p><strong>TRASFERIMENTO:<\/strong> Puoi trasferire la tua prenotazione a un&#8217;altra persona a tua discrezione, a condizione che soddisfi tutti i requisiti elencati nella sezione &#8220;Restrizioni per gli ospiti&#8221; di seguito. Sarai responsabile di riscuotere direttamente da loro eventuali fondi richiesti.<\/p>\n<p><strong>NO-SHOW:<\/strong> Un no-show si verifica quando ci aspettiamo il tuo arrivo in un determinato giorno, ma tu non ti presenti e non ci hai comunicato la cancellazione. In questo caso, ti verr\u00e0 addebitato l&#8217; <strong>intero importo<\/strong> della prenotazione e non avrai diritto al nostro programma di seconda opportunit\u00e0. Un caso particolare \u00e8 un ritardo del volo, in cui non puoi contattarci perch\u00e9 sei in transito.<\/p>\n<p><strong>RITARDO DEL VOLO:<\/strong> Se perdi il volo o la coincidenza e non puoi arrivare come previsto, collaboreremo con te per prolungare il tuo soggiorno, se il nostro calendario delle prenotazioni lo consente. Tuttavia, Rio Holiday non pu\u00f2 garantire la disponibilit\u00e0 di una camera e non pu\u00f2 rimborsare gli ospiti per i giorni persi. <\/p>\n<p><strong>SECONDA POSSIBILIT\u00c0<\/strong> : Se non puoi utilizzare la tua prenotazione per le date concordate e ci hai avvisato prima del giorno di arrivo, puoi riprogrammare il tuo soggiorno con noi per l&#8217;arrivo fino a sei mesi dopo la data di cancellazione. Questa opzione pu\u00f2 essere utilizzata una sola volta e senza costi aggiuntivi. Si prega di notare che questa opzione non \u00e8 disponibile se si \u00e8 stati risarciti da un&#8217;assicurazione di viaggio.<\/p>\n<p><strong>CONTROLLO SANITARIO:<\/strong> Al momento del check-in, potresti essere sottoposto a un controllo non invasivo della temperatura. Se presenti febbre, non ti sar\u00e0 consentito effettuare il check-in. In questo caso specifico, tutti i fondi prepagati ti verranno restituiti, indipendentemente dal tipo di biglietto acquistato.<\/p>\n<p><strong>ALTRI COSTI:<\/strong> All&#8217;arrivo, vi verr\u00e0 richiesto di presentare una carta di credito per coprire le spese extra e gli addebiti che potreste dover sostenere durante il soggiorno presso Rio Holiday. Tra questi figurano cibo e bevande (ad eccezione della colazione gratuita con spumante), guide turistiche, trasporti, escursioni, negozio di souvenir e qualsiasi altro servizio o commissione pagata da Rio Holiday per conto dell&#8217;Ospite. Rio Holiday potrebbe trattenere un importo di 400 USD sulla vostra carta di credito al momento del check-in.  &nbsp;  Ci riserviamo il diritto di richiedere il pagamento sul conto qualora la fattura dell&#8217;Ospite per spese extra superi i 400 USD.&nbsp;  Il pagamento pu\u00f2 essere effettuato in contanti o con carta di credito. Le valute accettate sono dollari statunitensi, real brasiliani o euro. <\/p>\n<p><strong>RESTRIZIONI PER GLI OSPITI:<\/strong> Il Rio Holiday Boutique Hotel \u00e8 concepito come un&#8217;oasi per adulti. Tutti gli ospiti devono avere almeno 15 anni. Potremmo fare delle rare eccezioni, quindi contattateci se questo rappresenta un problema per voi. Gli ospiti di et\u00e0 compresa tra 15 e 17 anni devono essere accompagnati da un genitore o da un tutore legale.<\/p>\n<p>Animali domestici e animali di servizio non sono ammessi. Questo non rappresenta un problema per la maggior parte dei nostri ospiti, poich\u00e9 arriveranno in aereo da un altro Paese. Le difficolt\u00e0 nell&#8217;importare un animale domestico o di servizio in Brasile e poi rimpatriarlo nel proprio Paese d&#8217;origine sono molto elevate.  <\/p>\n<p><strong>DOPO IL CHECK-IN:<\/strong> La nostra struttura \u00e8 soggetta alle leggi e ai regolamenti brasiliani. Tutti gli ospiti devono registrarsi ed esibire il passaporto. I residenti brasiliani non necessitano del passaporto, ma dovranno esibire un documento d&#8217;identit\u00e0 con foto.  <\/p>\n<p>Gli ospiti sono tenuti a mostrare sempre rispetto per gli altri ospiti, i beni personali, il personale, la fauna selvatica e la flora locali. Potremmo chiedervi di andarvene in caso di violazione della legge brasiliana o se rappresentate un disturbo o un pericolo per gli altri ospiti o la propriet\u00e0. Vogliamo che tutti si divertano, ma ci sono dei limiti. Si tratta semplicemente di buon senso. Se venite espulsi per uno di questi motivi, il resto del soggiorno prepagato non verr\u00e0 rimborsato.    <\/p>\n<p>Il nostro hotel \u00e8 una struttura libera da droghe. Le droghe ricreative non sono legali in Brasile e chiediamo ai nostri ospiti di rispettare tutte le leggi brasiliane. <\/p>\n<p>In conformit\u00e0 con le leggi sanitarie brasiliane, il Rio Holiday \u00e8 un hotel per non fumatori.&nbsp;  Fumare, svapare, usare sigarette elettroniche o dispositivi simili \u00e8 consentito solo nelle aree esterne designate. Fumare nelle camere o percepire odori persistenti di fumo comporter\u00e0 un&#8217;occhiata delusa e un supplemento di 400 USD per la pulizia della camera. <\/p>\n<p>Vogliamo che tu ti diverta alla grande quando sei qui. Ma se la situazione dovesse complicarsi troppo, applichiamo la vecchia regola del &#8220;chi rompe, compra&#8221; e i danni alla propriet\u00e0 o gli oggetti mancanti verranno addebitati sulla tua carta di credito al valore di sostituzione. &nbsp;  Durante il soggiorno saranno messi a vostra disposizione articoli non monouso, come accappatoi e biancheria.&nbsp;  Non sono gratuiti e verranno aggiunti al conto se mancanti al momento del pagamento.<\/p>\n<p>Sono ammessi visitatori nella vostra camera o nelle nostre aree comuni, ma solo a determinate condizioni. I visitatori in camera devono essere registrati. Rio Holiday si riserva il diritto di vietare l&#8217;ingresso a un visitatore nella nostra struttura qualora il nostro personale ritenga che la presenza di tale persona rappresenti un rischio per la sicurezza o possa influire negativamente sulla nostra atmosfera o sulle nostre politiche. Se avete pagato per una camera singola, vi verr\u00e0 addebitato il costo di un visitatore che pernotta. Siete responsabili di tutti gli addebiti generati o dei danni causati dal vostro visitatore.    <\/p>\n<p>Serviamo bevande alcoliche nei nostri bar, bistrot e wine lounge.&nbsp;  Vi chiediamo di non consumare bevande acquistate esternamente nelle aree comuni dell&#8217;hotel.&nbsp;  Tuttavia, non vi \u00e8 alcuna restrizione all&#8217;acquisto esterno di bevande o cibo da consumare in camera.<\/p>\n<p>Le chiavi verranno consegnate al momento del check-in.&nbsp;  La mancata restituzione delle chiavi alla cassa comporter\u00e0 l&#8217;addebito di un costo di servizio pari a 200 USD sul conto.<\/p>\n<p>Il nostro hotel \u00e8 situato su una collina e non dispone di un parcheggio comodo.&nbsp;  Potrebbe essere disponibile un parcheggio in strada, ma la maggior parte dei nostri ospiti arriver\u00e0 in aereo e non avr\u00e0 un&#8217;auto.&nbsp;  Sconsigliamo ai visitatori di guidare durante la loro permanenza a Rio.&nbsp;  Possiamo organizzare per voi tutti i tipi di trasporto via terra prima o dopo l&#8217;arrivo.<\/p>\n<p>La nostra piscina \u00e8 aperta tutti i giorni dalle 10:00 alle 21:00.&nbsp;  Non abbiamo un bagnino e nuoterete a vostro rischio e pericolo.&nbsp;  Qui prevale il buon senso.&nbsp;  Gli ospiti non devono nuotare da soli quando non ci sono altri nelle vicinanze e non devono mai nuotare in stato di ebbrezza.&nbsp;  Sul bordo della piscina sono ammessi solo bicchieri in acrilico o plastica.  &nbsp;<\/p>\n<p><strong>PRIVACY:<\/strong> Non vendiamo n\u00e9 distribuiamo in alcun modo le informazioni personali che riceviamo dai nostri ospiti. L&#8217;intera struttura \u00e8 dotata di telecamere di sicurezza e chiunque si trovi nella nostra propriet\u00e0 potrebbe essere registrato. Le telecamere non sono installate in aree private come camere e bagni.  &nbsp;  I dati provenienti da queste telecamere sono solo interni e sono accessibili al personale di Rio Holiday e agli addetti alla sicurezza.&nbsp;  Non vengono pubblicati su Internet.&nbsp;  Alcuni feed potrebbero essere visibili agli ospiti alla reception o alle postazioni di sicurezza durante il loro soggiorno presso la nostra struttura.<\/p>\n<p><strong>MANCE:<\/strong> Al Rio Holiday, condividiamo i profitti con i nostri dipendenti, incluso il costo del servizio incluso nella tariffa a notte. Per questo motivo, lasciare mance al personale del Rio Holiday non \u00e8 obbligatorio n\u00e9 incoraggiato durante il soggiorno. Generalmente, in hotel non si utilizza denaro contante, tranne per il pagamento del conto alla reception. &nbsp;  Escursioni e altri fornitori terzi non fanno parte del nostro staff e, se lo desiderate, potete lasciare loro una mancia.<\/p>\t\t\t\t\t\t\t\t<\/div>\n\t\t\t\t\t<\/div>\n\t\t\t\t<\/div>\n\t\t\t\t<\/div>\n\t\t","protected":false},"excerpt":{"rendered":"<p>Termini e condizioni per le vacanze a Rio Rio Holiday persegue una politica di trasparenza e correttezza. Non amiamo le [&hellip;]<\/p>\n","protected":false},"author":1,"featured_media":0,"parent":0,"menu_order":0,"comment_status":"closed","ping_status":"closed","template":"","meta":{"site-sidebar-layout":"no-sidebar","site-content-layout":"","ast-site-content-layout":"full-width-container","site-content-style":"default","site-sidebar-style":"default","ast-global-header-display":"","ast-banner-title-visibility":"","ast-main-header-display":"","ast-hfb-above-header-display":"","ast-hfb-below-header-display":"","ast-hfb-mobile-header-display":"","site-post-title":"disabled","ast-breadcrumbs-content":"","ast-featured-img":"disabled","footer-sml-layout":"","ast-disable-related-posts":"","theme-transparent-header-meta":"","adv-header-id-meta":"","stick-header-meta":"","header-above-stick-meta":"","header-main-stick-meta":"","header-below-stick-meta":"","astra-migrate-meta-layouts":"default","ast-page-background-enabled":"default","ast-page-background-meta":{"desktop":{"background-color":"var(--ast-global-color-5)","background-image":"","background-repeat":"repeat","background-position":"center center","background-size":"auto","background-attachment":"scroll","background-type":"","background-media":"","overlay-type":"","overlay-color":"","overlay-opacity":"","overlay-gradient":""},"tablet":{"background-color":"","background-image":"","background-repeat":"repeat","background-position":"center center","background-size":"auto","background-attachment":"scroll","background-type":"","background-media":"","overlay-type":"","overlay-color":"","overlay-opacity":"","overlay-gradient":""},"mobile":{"background-color":"","background-image":"","background-repeat":"repeat","background-position":"center center","background-size":"auto","background-attachment":"scroll","background-type":"","background-media":"","overlay-type":"","overlay-color":"","overlay-opacity":"","overlay-gradient":""}},"ast-content-background-meta":{"desktop":{"background-color":"var(--ast-global-color-4)","background-image":"","background-repeat":"repeat","background-position":"center center","background-size":"auto","background-attachment":"scroll","background-type":"","background-media":"","overlay-type":"","overlay-color":"","overlay-opacity":"","overlay-gradient":""},"tablet":{"background-color":"var(--ast-global-color-4)","background-image":"","background-repeat":"repeat","background-position":"center center","background-size":"auto","background-attachment":"scroll","background-type":"","background-media":"","overlay-type":"","overlay-color":"","overlay-opacity":"","overlay-gradient":""},"mobile":{"background-color":"var(--ast-global-color-4)","background-image":"","background-repeat":"repeat","background-position":"center center","background-size":"auto","background-attachment":"scroll","background-type":"","background-media":"","overlay-type":"","overlay-color":"","overlay-opacity":"","overlay-gradient":""}},"footnotes":""},"class_list":["post-3145","page","type-page","status-publish","hentry"],"yoast_head":"<!-- This site is optimized with the Yoast SEO Premium plugin v26.6 (Yoast SEO v26.6) - https:\/\/yoast.com\/wordpress\/plugins\/seo\/ -->\n<title>Termini e condizioni per le vacanze a Rio - Rio Holiday Boutique Hotel<\/title>\n<meta name=\"robots\" content=\"noindex, follow\" \/>\n<meta property=\"og:locale\" content=\"it_IT\" \/>\n<meta property=\"og:type\" content=\"article\" \/>\n<meta property=\"og:title\" content=\"Termini e condizioni per le vacanze a Rio\" \/>\n<meta property=\"og:description\" content=\"Termini e condizioni per le vacanze a Rio Rio Holiday persegue una politica di trasparenza e correttezza. Non amiamo le [&hellip;]\" \/>\n<meta property=\"og:url\" content=\"https:\/\/rioholiday.com\/it\/termini-e-condizioni-per-le-vacanze-a-rio\/\" \/>\n<meta property=\"og:site_name\" content=\"Rio Holiday Boutique Hotel\" \/>\n<meta property=\"article:modified_time\" content=\"2025-12-09T05:33:44+00:00\" \/>\n<meta name=\"twitter:card\" content=\"summary_large_image\" \/>\n<meta name=\"twitter:label1\" content=\"Tempo di lettura stimato\" \/>\n\t<meta name=\"twitter:data1\" content=\"9 minuti\" \/>\n<script type=\"application\/ld+json\" class=\"yoast-schema-graph\">{\"@context\":\"https:\/\/schema.org\",\"@graph\":[{\"@type\":\"WebPage\",\"@id\":\"https:\/\/rioholiday.com\/it\/termini-e-condizioni-per-le-vacanze-a-rio\/\",\"url\":\"https:\/\/rioholiday.com\/it\/termini-e-condizioni-per-le-vacanze-a-rio\/\",\"name\":\"Termini e condizioni per le vacanze a Rio - Rio Holiday Boutique Hotel\",\"isPartOf\":{\"@id\":\"https:\/\/rioholiday.com\/it\/#website\"},\"datePublished\":\"2025-11-02T04:54:27+00:00\",\"dateModified\":\"2025-12-09T05:33:44+00:00\",\"breadcrumb\":{\"@id\":\"https:\/\/rioholiday.com\/it\/termini-e-condizioni-per-le-vacanze-a-rio\/#breadcrumb\"},\"inLanguage\":\"it-IT\",\"potentialAction\":[{\"@type\":\"ReadAction\",\"target\":[\"https:\/\/rioholiday.com\/it\/termini-e-condizioni-per-le-vacanze-a-rio\/\"]}]},{\"@type\":\"BreadcrumbList\",\"@id\":\"https:\/\/rioholiday.com\/it\/termini-e-condizioni-per-le-vacanze-a-rio\/#breadcrumb\",\"itemListElement\":[{\"@type\":\"ListItem\",\"position\":1,\"name\":\"Home\",\"item\":\"https:\/\/rioholiday.com\/it\/rio-holiday-boutique-hotel\/\"},{\"@type\":\"ListItem\",\"position\":2,\"name\":\"Termini e condizioni per le vacanze a Rio\"}]},{\"@type\":\"WebSite\",\"@id\":\"https:\/\/rioholiday.com\/it\/#website\",\"url\":\"https:\/\/rioholiday.com\/it\/\",\"name\":\"Rio Holiday Boutique Hotel\",\"description\":\"\",\"publisher\":{\"@id\":\"https:\/\/rioholiday.com\/it\/#organization\"},\"potentialAction\":[{\"@type\":\"SearchAction\",\"target\":{\"@type\":\"EntryPoint\",\"urlTemplate\":\"https:\/\/rioholiday.com\/it\/?s={search_term_string}\"},\"query-input\":{\"@type\":\"PropertyValueSpecification\",\"valueRequired\":true,\"valueName\":\"search_term_string\"}}],\"inLanguage\":\"it-IT\"},{\"@type\":\"Organization\",\"@id\":\"https:\/\/rioholiday.com\/it\/#organization\",\"name\":\"Rio Holiday Boutique Hotel\",\"url\":\"https:\/\/rioholiday.com\/it\/\",\"logo\":{\"@type\":\"ImageObject\",\"inLanguage\":\"it-IT\",\"@id\":\"https:\/\/rioholiday.com\/it\/#\/schema\/logo\/image\/\",\"url\":\"https:\/\/rioholiday.com\/wp-content\/uploads\/2025\/10\/RIO-HOLIDAY-Logo-100x59-1.jpg\",\"contentUrl\":\"https:\/\/rioholiday.com\/wp-content\/uploads\/2025\/10\/RIO-HOLIDAY-Logo-100x59-1.jpg\",\"width\":100,\"height\":59,\"caption\":\"Rio Holiday Boutique Hotel\"},\"image\":{\"@id\":\"https:\/\/rioholiday.com\/it\/#\/schema\/logo\/image\/\"},\"sameAs\":[\"https:\/\/www.instagram.com\/rioholidayhotel\/\"]}]}<\/script>\n<!-- \/ Yoast SEO Premium plugin. -->","yoast_head_json":{"title":"Termini e condizioni per le vacanze a Rio - Rio Holiday Boutique Hotel","robots":{"index":"noindex","follow":"follow"},"og_locale":"it_IT","og_type":"article","og_title":"Termini e condizioni per le vacanze a Rio","og_description":"Termini e condizioni per le vacanze a Rio Rio Holiday persegue una politica di trasparenza e correttezza. Non amiamo le [&hellip;]","og_url":"https:\/\/rioholiday.com\/it\/termini-e-condizioni-per-le-vacanze-a-rio\/","og_site_name":"Rio Holiday Boutique Hotel","article_modified_time":"2025-12-09T05:33:44+00:00","twitter_card":"summary_large_image","twitter_misc":{"Tempo di lettura stimato":"9 minuti"},"schema":{"@context":"https:\/\/schema.org","@graph":[{"@type":"WebPage","@id":"https:\/\/rioholiday.com\/it\/termini-e-condizioni-per-le-vacanze-a-rio\/","url":"https:\/\/rioholiday.com\/it\/termini-e-condizioni-per-le-vacanze-a-rio\/","name":"Termini e condizioni per le vacanze a Rio - Rio Holiday Boutique Hotel","isPartOf":{"@id":"https:\/\/rioholiday.com\/it\/#website"},"datePublished":"2025-11-02T04:54:27+00:00","dateModified":"2025-12-09T05:33:44+00:00","breadcrumb":{"@id":"https:\/\/rioholiday.com\/it\/termini-e-condizioni-per-le-vacanze-a-rio\/#breadcrumb"},"inLanguage":"it-IT","potentialAction":[{"@type":"ReadAction","target":["https:\/\/rioholiday.com\/it\/termini-e-condizioni-per-le-vacanze-a-rio\/"]}]},{"@type":"BreadcrumbList","@id":"https:\/\/rioholiday.com\/it\/termini-e-condizioni-per-le-vacanze-a-rio\/#breadcrumb","itemListElement":[{"@type":"ListItem","position":1,"name":"Home","item":"https:\/\/rioholiday.com\/it\/rio-holiday-boutique-hotel\/"},{"@type":"ListItem","position":2,"name":"Termini e condizioni per le vacanze a Rio"}]},{"@type":"WebSite","@id":"https:\/\/rioholiday.com\/it\/#website","url":"https:\/\/rioholiday.com\/it\/","name":"Rio Holiday Boutique Hotel","description":"","publisher":{"@id":"https:\/\/rioholiday.com\/it\/#organization"},"potentialAction":[{"@type":"SearchAction","target":{"@type":"EntryPoint","urlTemplate":"https:\/\/rioholiday.com\/it\/?s={search_term_string}"},"query-input":{"@type":"PropertyValueSpecification","valueRequired":true,"valueName":"search_term_string"}}],"inLanguage":"it-IT"},{"@type":"Organization","@id":"https:\/\/rioholiday.com\/it\/#organization","name":"Rio Holiday Boutique Hotel","url":"https:\/\/rioholiday.com\/it\/","logo":{"@type":"ImageObject","inLanguage":"it-IT","@id":"https:\/\/rioholiday.com\/it\/#\/schema\/logo\/image\/","url":"https:\/\/rioholiday.com\/wp-content\/uploads\/2025\/10\/RIO-HOLIDAY-Logo-100x59-1.jpg","contentUrl":"https:\/\/rioholiday.com\/wp-content\/uploads\/2025\/10\/RIO-HOLIDAY-Logo-100x59-1.jpg","width":100,"height":59,"caption":"Rio Holiday Boutique Hotel"},"image":{"@id":"https:\/\/rioholiday.com\/it\/#\/schema\/logo\/image\/"},"sameAs":["https:\/\/www.instagram.com\/rioholidayhotel\/"]}]}},"_links":{"self":[{"href":"https:\/\/rioholiday.com\/it\/wp-json\/wp\/v2\/pages\/3145","targetHints":{"allow":["GET"]}}],"collection":[{"href":"https:\/\/rioholiday.com\/it\/wp-json\/wp\/v2\/pages"}],"about":[{"href":"https:\/\/rioholiday.com\/it\/wp-json\/wp\/v2\/types\/page"}],"author":[{"embeddable":true,"href":"https:\/\/rioholiday.com\/it\/wp-json\/wp\/v2\/users\/1"}],"replies":[{"embeddable":true,"href":"https:\/\/rioholiday.com\/it\/wp-json\/wp\/v2\/comments?post=3145"}],"version-history":[{"count":0,"href":"https:\/\/rioholiday.com\/it\/wp-json\/wp\/v2\/pages\/3145\/revisions"}],"wp:attachment":[{"href":"https:\/\/rioholiday.com\/it\/wp-json\/wp\/v2\/media?parent=3145"}],"curies":[{"name":"wp","href":"https:\/\/api.w.org\/{rel}","templated":true}]}}