{"id":3112,"date":"2025-11-02T04:19:35","date_gmt":"2025-11-02T04:19:35","guid":{"rendered":"https:\/\/rioholiday.com\/sobre-as-ferias-no-rio\/"},"modified":"2025-12-09T05:33:48","modified_gmt":"2025-12-09T05:33:48","slug":"sobre-as-ferias-no-rio","status":"publish","type":"page","link":"https:\/\/rioholiday.com\/pt-br\/sobre-as-ferias-no-rio\/","title":{"rendered":"Sobre as f\u00e9rias no Rio"},"content":{"rendered":"\t\t<div data-elementor-type=\"wp-page\" data-elementor-id=\"3112\" class=\"elementor elementor-3112 elementor-1134\" data-elementor-post-type=\"page\">\n\t\t\t\t<div class=\"elementor-element elementor-element-b972504 e-flex e-con-boxed e-con e-parent\" data-id=\"b972504\" data-element_type=\"container\">\n\t\t\t\t\t<div class=\"e-con-inner\">\n\t\t\t\t<div class=\"elementor-element elementor-element-20ab85f elementor-widget elementor-widget-heading\" data-id=\"20ab85f\" data-element_type=\"widget\" data-widget_type=\"heading.default\">\n\t\t\t\t\t<h2 class=\"elementor-heading-title elementor-size-default\">Sobre n\u00f3s<\/h2>\t\t\t\t<\/div>\n\t\t\t\t\t<\/div>\n\t\t\t\t<\/div>\n\t\t<div class=\"elementor-element elementor-element-de8d0c6 e-flex e-con-boxed e-con e-parent\" data-id=\"de8d0c6\" data-element_type=\"container\">\n\t\t\t\t\t<div class=\"e-con-inner\">\n\t\t\t\t<div class=\"elementor-element elementor-element-9373b11 elementor-widget elementor-widget-image\" data-id=\"9373b11\" data-element_type=\"widget\" data-widget_type=\"image.default\">\n\t\t\t\t\t\t\t\t\t\t\t\t\t\t\t<img fetchpriority=\"high\" decoding=\"async\" width=\"1600\" height=\"1039\" src=\"https:\/\/rioholiday.com\/wp-content\/uploads\/2025\/11\/rioholiday-support-1.jpg\" class=\"attachment-full size-full wp-image-3113\" alt=\"\" \/>\t\t\t\t\t\t\t\t\t\t\t\t\t\t\t<\/div>\n\t\t\t\t\t<\/div>\n\t\t\t\t<\/div>\n\t\t<div class=\"elementor-element elementor-element-7a42c5e e-flex e-con-boxed e-con e-parent\" data-id=\"7a42c5e\" data-element_type=\"container\">\n\t\t\t\t\t<div class=\"e-con-inner\">\n\t\t\t\t<div class=\"elementor-element elementor-element-06d31e1 elementor-widget elementor-widget-text-editor\" data-id=\"06d31e1\" data-element_type=\"widget\" data-widget_type=\"text-editor.default\">\n\t\t\t\t\t\t\t\t\t<p>A Rio Holiday recebeu seus primeiros h\u00f3spedes no Rio de Janeiro em 2004. Desde ent\u00e3o, recebemos centenas de turistas no Rio e os ajudamos a realizar o sonho de f\u00e9rias inesquec\u00edveis. Ficamos offline por alguns anos, mas agora retornamos melhores do que nunca. Antes, alug\u00e1vamos vilas inteiras para um \u00fanico grupo de viajantes. Agora, remodelamos nossa maior vila e a transformamos em um luxuoso hotel boutique.      <\/p><p>Firmamos uma parceria com a Casa Design, renomada no Rio de Janeiro por suas mostras de design anuais. Temos orgulho de que esta villa tenha sido escolhida por tr\u00eas anos consecutivos como vitrine para arquitetos e designers locais. Nossos novos parceiros t\u00eam excelentes conex\u00f5es no Rio e compartilham o mesmo compromisso com os objetivos que a Rio Holiday estabeleceu h\u00e1 muitos anos.    <\/p><p>Acreditamos em tratar nossos h\u00f3spedes da mesma forma que gostar\u00edamos de ser tratados. Recebemos viajantes de todas as ra\u00e7as, cren\u00e7as e orienta\u00e7\u00f5es e tratamos todos com o mesmo n\u00edvel de respeito. Naturalmente, tamb\u00e9m exigimos respeito m\u00fatuo dos nossos h\u00f3spedes para com os seus companheiros de viagem.<\/p>\t\t\t\t\t\t\t\t<\/div>\n\t\t\t\t\t<\/div>\n\t\t\t\t<\/div>\n\t\t<div class=\"elementor-element elementor-element-9a3bb04 e-flex e-con-boxed e-con e-parent\" data-id=\"9a3bb04\" data-element_type=\"container\">\n\t\t\t\t\t<div class=\"e-con-inner\">\n\t\t\t\t<div class=\"elementor-element elementor-element-1cc9ea9 elementor-widget elementor-widget-heading\" data-id=\"1cc9ea9\" data-element_type=\"widget\" data-widget_type=\"heading.default\">\n\t\t\t\t\t<h2 class=\"elementor-heading-title elementor-size-default\">Contate-nos<\/h2>\t\t\t\t<\/div>\n\t\t\t\t\t<\/div>\n\t\t\t\t<\/div>\n\t\t<div class=\"elementor-element elementor-element-d47da3b e-flex e-con-boxed e-con e-parent\" data-id=\"d47da3b\" data-element_type=\"container\">\n\t\t\t\t\t<div class=\"e-con-inner\">\n\t\t\t\t<div class=\"elementor-element elementor-element-8d3dd9b elementor-widget elementor-widget-text-editor\" data-id=\"8d3dd9b\" data-element_type=\"widget\" data-widget_type=\"text-editor.default\">\n\t\t\t\t\t\t\t\t\t<p>Se voc\u00ea tiver alguma d\u00favida, problema ou coment\u00e1rio, a melhor maneira de entrar em contato conosco \u00e9 atrav\u00e9s da nossa p\u00e1gina <a href=\"https:\/\/rioholiday.com\/pt-br\/sobre-as-ferias-no-rio-2\/\">de Contato<\/a> . Voc\u00ea tamb\u00e9m pode usar os n\u00fameros de telefone abaixo para nos ligar ou enviar uma mensagem pelo WhatsApp. <\/p>\t\t\t\t\t\t\t\t<\/div>\n\t\t\t\t\t<\/div>\n\t\t\t\t<\/div>\n\t\t<div class=\"elementor-element elementor-element-460d2f0 e-flex e-con-boxed e-con e-parent\" data-id=\"460d2f0\" data-element_type=\"container\">\n\t\t\t\t\t<div class=\"e-con-inner\">\n\t\t\t\t<div class=\"elementor-element elementor-element-eedbf92 elementor-widget elementor-widget-text-editor\" data-id=\"eedbf92\" data-element_type=\"widget\" data-widget_type=\"text-editor.default\">\n\t\t\t\t\t\t\t\t\t<p>A Rio Holiday LLC \u00e9 uma Sociedade de Responsabilidade Limitada do Texas, localizada em San Antonio, Texas, Estados Unidos da Am\u00e9rica.<\/p><p><span \n                data-original-string='AVIhbLdM0njI+u08QBnlJg==1dem0A3tiVtjeLZMO3nOfVMGaWVT1xFLkdN9hN70NVhRx4='\n                class='apbct-email-encoder'\n                title='This contact has been encoded by Anti-Spam by CleanTalk. Click to decode. To finish the decoding make sure that JavaScript is enabled in your browser.'>ve<span class=\"apbct-blur\">******<\/span>@<span class=\"apbct-blur\">********<\/span>ay.com<\/span><br> Escrit\u00f3rio de Vendas nos EUA +1 210-878-6046<br> Nossos escrit\u00f3rios de vendas est\u00e3o no fuso hor\u00e1rio UTC\/GMT-6 durante o hor\u00e1rio padr\u00e3o.<\/p><p>Hotel no Brasil +55 21 99689-9989<br> Escrit\u00f3rio de Vendas do Brasil em portugu\u00eas ou ingl\u00eas<br> Rio Holiday Boutique Hotel<br> Rua Nossa Senhora de Lourdes, 345<br> S\u00e3o Francisco, Niter\u00f3i, Rio de Janeiro, Brasil 24360-420<br> O Rio est\u00e1 no fuso hor\u00e1rio <span style=\"font-size: 1rem;\">UTC\/GMT-3.<\/span><\/p><p>Rio Holiday LLC<br> 9901 IH 10 Oeste, Sala 800<br> San Antonio, Texas 78230<\/p>\t\t\t\t\t\t\t\t<\/div>\n\t\t\t\t\t<\/div>\n\t\t\t\t<\/div>\n\t\t<div class=\"elementor-element elementor-element-07e15f9 e-flex e-con-boxed e-con e-parent\" data-id=\"07e15f9\" data-element_type=\"container\">\n\t\t\t\t\t<div class=\"e-con-inner\">\n\t\t\t\t<div class=\"elementor-element elementor-element-e9e4b6d elementor-widget elementor-widget-heading\" data-id=\"e9e4b6d\" data-element_type=\"widget\" data-widget_type=\"heading.default\">\n\t\t\t\t\t<h2 class=\"elementor-heading-title elementor-size-default\">Amigos e Parceiros<\/h2>\t\t\t\t<\/div>\n\t\t\t\t\t<\/div>\n\t\t\t\t<\/div>\n\t\t<div class=\"elementor-element elementor-element-ebbee19 e-flex e-con-boxed e-con e-parent\" data-id=\"ebbee19\" data-element_type=\"container\">\n\t\t\t\t\t<div class=\"e-con-inner\">\n\t\t<div class=\"elementor-element elementor-element-8c18651 e-con-full e-flex e-con e-child\" data-id=\"8c18651\" data-element_type=\"container\">\n\t\t\t\t<div class=\"elementor-element elementor-element-1a315ef elementor-widget elementor-widget-image\" data-id=\"1a315ef\" data-element_type=\"widget\" data-widget_type=\"image.default\">\n\t\t\t\t\t\t\t\t\t\t\t\t\t\t\t<img decoding=\"async\" width=\"300\" height=\"300\" data-src=\"https:\/\/rioholiday.com\/wp-content\/uploads\/2025\/11\/rioholiday-support-3.jpg\" class=\"attachment-medium size-medium wp-image-3114 lazyload\" alt=\"\" data-srcset=\"https:\/\/rioholiday.com\/wp-content\/uploads\/2025\/11\/rioholiday-support-3.jpg 1200w, https:\/\/rioholiday.com\/wp-content\/uploads\/2025\/11\/rioholiday-support-3-800x800.jpg 800w\" data-sizes=\"(max-width: 300px) 100vw, 300px\" src=\"data:image\/svg+xml;base64,PHN2ZyB3aWR0aD0iMSIgaGVpZ2h0PSIxIiB4bWxucz0iaHR0cDovL3d3dy53My5vcmcvMjAwMC9zdmciPjwvc3ZnPg==\" style=\"--smush-placeholder-width: 300px; --smush-placeholder-aspect-ratio: 300\/300;\" \/>\t\t\t\t\t\t\t\t\t\t\t\t\t\t\t<\/div>\n\t\t\t\t<\/div>\n\t\t<div class=\"elementor-element elementor-element-e8680f1 e-con-full e-flex e-con e-child\" data-id=\"e8680f1\" data-element_type=\"container\">\n\t\t\t\t<div class=\"elementor-element elementor-element-ebb0c31 elementor-widget elementor-widget-text-editor\" data-id=\"ebb0c31\" data-element_type=\"widget\" data-widget_type=\"text-editor.default\">\n\t\t\t\t\t\t\t\t\t<p>As fotos do nosso site foram criadas pelo VF Studio e n\u00f3s os recomendamos de cora\u00e7\u00e3o. Voc\u00ea pode encontr\u00e1-los no Instagram em @vffotografico. O VF Studio est\u00e1 localizado na Grande Rio de Janeiro, Brasil, e voc\u00ea pode contat\u00e1-los em portugu\u00eas ou ingl\u00eas.  <\/p>\t\t\t\t\t\t\t\t<\/div>\n\t\t\t\t<\/div>\n\t\t\t\t\t<\/div>\n\t\t\t\t<\/div>\n\t\t\t\t<\/div>\n\t\t","protected":false},"excerpt":{"rendered":"<p>Sobre n\u00f3s A Rio Holiday recebeu seus primeiros h\u00f3spedes no Rio de Janeiro em 2004. Desde ent\u00e3o, recebemos centenas de [&hellip;]<\/p>\n","protected":false},"author":1,"featured_media":0,"parent":0,"menu_order":0,"comment_status":"closed","ping_status":"closed","template":"","meta":{"site-sidebar-layout":"no-sidebar","site-content-layout":"","ast-site-content-layout":"full-width-container","site-content-style":"default","site-sidebar-style":"default","ast-global-header-display":"","ast-banner-title-visibility":"","ast-main-header-display":"","ast-hfb-above-header-display":"","ast-hfb-below-header-display":"","ast-hfb-mobile-header-display":"","site-post-title":"disabled","ast-breadcrumbs-content":"","ast-featured-img":"disabled","footer-sml-layout":"","ast-disable-related-posts":"","theme-transparent-header-meta":"","adv-header-id-meta":"","stick-header-meta":"","header-above-stick-meta":"","header-main-stick-meta":"","header-below-stick-meta":"","astra-migrate-meta-layouts":"default","ast-page-background-enabled":"default","ast-page-background-meta":{"desktop":{"background-color":"var(--ast-global-color-5)","background-image":"","background-repeat":"repeat","background-position":"center center","background-size":"auto","background-attachment":"scroll","background-type":"","background-media":"","overlay-type":"","overlay-color":"","overlay-opacity":"","overlay-gradient":""},"tablet":{"background-color":"","background-image":"","background-repeat":"repeat","background-position":"center center","background-size":"auto","background-attachment":"scroll","background-type":"","background-media":"","overlay-type":"","overlay-color":"","overlay-opacity":"","overlay-gradient":""},"mobile":{"background-color":"","background-image":"","background-repeat":"repeat","background-position":"center center","background-size":"auto","background-attachment":"scroll","background-type":"","background-media":"","overlay-type":"","overlay-color":"","overlay-opacity":"","overlay-gradient":""}},"ast-content-background-meta":{"desktop":{"background-color":"var(--ast-global-color-4)","background-image":"","background-repeat":"repeat","background-position":"center center","background-size":"auto","background-attachment":"scroll","background-type":"","background-media":"","overlay-type":"","overlay-color":"","overlay-opacity":"","overlay-gradient":""},"tablet":{"background-color":"var(--ast-global-color-4)","background-image":"","background-repeat":"repeat","background-position":"center center","background-size":"auto","background-attachment":"scroll","background-type":"","background-media":"","overlay-type":"","overlay-color":"","overlay-opacity":"","overlay-gradient":""},"mobile":{"background-color":"var(--ast-global-color-4)","background-image":"","background-repeat":"repeat","background-position":"center center","background-size":"auto","background-attachment":"scroll","background-type":"","background-media":"","overlay-type":"","overlay-color":"","overlay-opacity":"","overlay-gradient":""}},"footnotes":""},"class_list":["post-3112","page","type-page","status-publish","hentry"],"yoast_head":"<!-- This site is optimized with the Yoast SEO Premium plugin v26.6 (Yoast SEO v26.6) - https:\/\/yoast.com\/wordpress\/plugins\/seo\/ -->\n<title>Sobre as f\u00e9rias no Rio - Rio Holiday Boutique Hotel<\/title>\n<meta name=\"robots\" content=\"index, follow, max-snippet:-1, max-image-preview:large, max-video-preview:-1\" \/>\n<link rel=\"canonical\" href=\"https:\/\/rioholiday.com\/pt-br\/sobre-as-ferias-no-rio\/\" \/>\n<meta property=\"og:locale\" content=\"pt_BR\" \/>\n<meta property=\"og:type\" content=\"article\" \/>\n<meta property=\"og:title\" content=\"Sobre as f\u00e9rias no Rio\" \/>\n<meta property=\"og:description\" content=\"Sobre n\u00f3s A Rio Holiday recebeu seus primeiros h\u00f3spedes no Rio de Janeiro em 2004. Desde ent\u00e3o, recebemos centenas de [&hellip;]\" \/>\n<meta property=\"og:url\" content=\"https:\/\/rioholiday.com\/pt-br\/sobre-as-ferias-no-rio\/\" \/>\n<meta property=\"og:site_name\" content=\"Rio Holiday Boutique Hotel\" \/>\n<meta property=\"article:modified_time\" content=\"2025-12-09T05:33:48+00:00\" \/>\n<meta property=\"og:image\" content=\"https:\/\/rioholiday.com\/wp-content\/uploads\/2025\/11\/rioholiday-support-1.jpg\" \/>\n\t<meta property=\"og:image:width\" content=\"1600\" \/>\n\t<meta property=\"og:image:height\" content=\"1039\" \/>\n\t<meta property=\"og:image:type\" content=\"image\/jpeg\" \/>\n<meta name=\"twitter:card\" content=\"summary_large_image\" \/>\n<meta name=\"twitter:label1\" content=\"Est. tempo de leitura\" \/>\n\t<meta name=\"twitter:data1\" content=\"2 minutos\" \/>\n<script type=\"application\/ld+json\" class=\"yoast-schema-graph\">{\"@context\":\"https:\/\/schema.org\",\"@graph\":[{\"@type\":\"WebPage\",\"@id\":\"https:\/\/rioholiday.com\/pt-br\/sobre-as-ferias-no-rio\/\",\"url\":\"https:\/\/rioholiday.com\/pt-br\/sobre-as-ferias-no-rio\/\",\"name\":\"Sobre as f\u00e9rias no Rio - Rio Holiday Boutique Hotel\",\"isPartOf\":{\"@id\":\"https:\/\/rioholiday.com\/pt-br\/#website\"},\"primaryImageOfPage\":{\"@id\":\"https:\/\/rioholiday.com\/pt-br\/sobre-as-ferias-no-rio\/#primaryimage\"},\"image\":{\"@id\":\"https:\/\/rioholiday.com\/pt-br\/sobre-as-ferias-no-rio\/#primaryimage\"},\"thumbnailUrl\":\"https:\/\/rioholiday.com\/wp-content\/uploads\/2025\/11\/rioholiday-support-1.jpg\",\"datePublished\":\"2025-11-02T04:19:35+00:00\",\"dateModified\":\"2025-12-09T05:33:48+00:00\",\"breadcrumb\":{\"@id\":\"https:\/\/rioholiday.com\/pt-br\/sobre-as-ferias-no-rio\/#breadcrumb\"},\"inLanguage\":\"pt-BR\",\"potentialAction\":[{\"@type\":\"ReadAction\",\"target\":[\"https:\/\/rioholiday.com\/pt-br\/sobre-as-ferias-no-rio\/\"]}]},{\"@type\":\"ImageObject\",\"inLanguage\":\"pt-BR\",\"@id\":\"https:\/\/rioholiday.com\/pt-br\/sobre-as-ferias-no-rio\/#primaryimage\",\"url\":\"https:\/\/rioholiday.com\/wp-content\/uploads\/2025\/11\/rioholiday-support-1.jpg\",\"contentUrl\":\"https:\/\/rioholiday.com\/wp-content\/uploads\/2025\/11\/rioholiday-support-1.jpg\"},{\"@type\":\"BreadcrumbList\",\"@id\":\"https:\/\/rioholiday.com\/pt-br\/sobre-as-ferias-no-rio\/#breadcrumb\",\"itemListElement\":[{\"@type\":\"ListItem\",\"position\":1,\"name\":\"Home\",\"item\":\"https:\/\/rioholiday.com\/pt-br\/rio-holiday-boutique-hotel\/\"},{\"@type\":\"ListItem\",\"position\":2,\"name\":\"Sobre as f\u00e9rias no Rio\"}]},{\"@type\":\"WebSite\",\"@id\":\"https:\/\/rioholiday.com\/pt-br\/#website\",\"url\":\"https:\/\/rioholiday.com\/pt-br\/\",\"name\":\"Rio Holiday Boutique Hotel\",\"description\":\"\",\"publisher\":{\"@id\":\"https:\/\/rioholiday.com\/pt-br\/#organization\"},\"potentialAction\":[{\"@type\":\"SearchAction\",\"target\":{\"@type\":\"EntryPoint\",\"urlTemplate\":\"https:\/\/rioholiday.com\/pt-br\/?s={search_term_string}\"},\"query-input\":{\"@type\":\"PropertyValueSpecification\",\"valueRequired\":true,\"valueName\":\"search_term_string\"}}],\"inLanguage\":\"pt-BR\"},{\"@type\":\"Organization\",\"@id\":\"https:\/\/rioholiday.com\/pt-br\/#organization\",\"name\":\"Rio Holiday Boutique Hotel\",\"url\":\"https:\/\/rioholiday.com\/pt-br\/\",\"logo\":{\"@type\":\"ImageObject\",\"inLanguage\":\"pt-BR\",\"@id\":\"https:\/\/rioholiday.com\/pt-br\/#\/schema\/logo\/image\/\",\"url\":\"https:\/\/rioholiday.com\/wp-content\/uploads\/2025\/10\/RIO-HOLIDAY-Logo-100x59-1.jpg\",\"contentUrl\":\"https:\/\/rioholiday.com\/wp-content\/uploads\/2025\/10\/RIO-HOLIDAY-Logo-100x59-1.jpg\",\"width\":100,\"height\":59,\"caption\":\"Rio Holiday Boutique Hotel\"},\"image\":{\"@id\":\"https:\/\/rioholiday.com\/pt-br\/#\/schema\/logo\/image\/\"},\"sameAs\":[\"https:\/\/www.instagram.com\/rioholidayhotel\/\"]}]}<\/script>\n<!-- \/ Yoast SEO Premium plugin. -->","yoast_head_json":{"title":"Sobre as f\u00e9rias no Rio - Rio Holiday Boutique Hotel","robots":{"index":"index","follow":"follow","max-snippet":"max-snippet:-1","max-image-preview":"max-image-preview:large","max-video-preview":"max-video-preview:-1"},"canonical":"https:\/\/rioholiday.com\/pt-br\/sobre-as-ferias-no-rio\/","og_locale":"pt_BR","og_type":"article","og_title":"Sobre as f\u00e9rias no Rio","og_description":"Sobre n\u00f3s A Rio Holiday recebeu seus primeiros h\u00f3spedes no Rio de Janeiro em 2004. Desde ent\u00e3o, recebemos centenas de [&hellip;]","og_url":"https:\/\/rioholiday.com\/pt-br\/sobre-as-ferias-no-rio\/","og_site_name":"Rio Holiday Boutique Hotel","article_modified_time":"2025-12-09T05:33:48+00:00","og_image":[{"width":1600,"height":1039,"url":"https:\/\/rioholiday.com\/wp-content\/uploads\/2025\/11\/rioholiday-support-1.jpg","type":"image\/jpeg"}],"twitter_card":"summary_large_image","twitter_misc":{"Est. tempo de leitura":"2 minutos"},"schema":{"@context":"https:\/\/schema.org","@graph":[{"@type":"WebPage","@id":"https:\/\/rioholiday.com\/pt-br\/sobre-as-ferias-no-rio\/","url":"https:\/\/rioholiday.com\/pt-br\/sobre-as-ferias-no-rio\/","name":"Sobre as f\u00e9rias no Rio - Rio Holiday Boutique Hotel","isPartOf":{"@id":"https:\/\/rioholiday.com\/pt-br\/#website"},"primaryImageOfPage":{"@id":"https:\/\/rioholiday.com\/pt-br\/sobre-as-ferias-no-rio\/#primaryimage"},"image":{"@id":"https:\/\/rioholiday.com\/pt-br\/sobre-as-ferias-no-rio\/#primaryimage"},"thumbnailUrl":"https:\/\/rioholiday.com\/wp-content\/uploads\/2025\/11\/rioholiday-support-1.jpg","datePublished":"2025-11-02T04:19:35+00:00","dateModified":"2025-12-09T05:33:48+00:00","breadcrumb":{"@id":"https:\/\/rioholiday.com\/pt-br\/sobre-as-ferias-no-rio\/#breadcrumb"},"inLanguage":"pt-BR","potentialAction":[{"@type":"ReadAction","target":["https:\/\/rioholiday.com\/pt-br\/sobre-as-ferias-no-rio\/"]}]},{"@type":"ImageObject","inLanguage":"pt-BR","@id":"https:\/\/rioholiday.com\/pt-br\/sobre-as-ferias-no-rio\/#primaryimage","url":"https:\/\/rioholiday.com\/wp-content\/uploads\/2025\/11\/rioholiday-support-1.jpg","contentUrl":"https:\/\/rioholiday.com\/wp-content\/uploads\/2025\/11\/rioholiday-support-1.jpg"},{"@type":"BreadcrumbList","@id":"https:\/\/rioholiday.com\/pt-br\/sobre-as-ferias-no-rio\/#breadcrumb","itemListElement":[{"@type":"ListItem","position":1,"name":"Home","item":"https:\/\/rioholiday.com\/pt-br\/rio-holiday-boutique-hotel\/"},{"@type":"ListItem","position":2,"name":"Sobre as f\u00e9rias no Rio"}]},{"@type":"WebSite","@id":"https:\/\/rioholiday.com\/pt-br\/#website","url":"https:\/\/rioholiday.com\/pt-br\/","name":"Rio Holiday Boutique Hotel","description":"","publisher":{"@id":"https:\/\/rioholiday.com\/pt-br\/#organization"},"potentialAction":[{"@type":"SearchAction","target":{"@type":"EntryPoint","urlTemplate":"https:\/\/rioholiday.com\/pt-br\/?s={search_term_string}"},"query-input":{"@type":"PropertyValueSpecification","valueRequired":true,"valueName":"search_term_string"}}],"inLanguage":"pt-BR"},{"@type":"Organization","@id":"https:\/\/rioholiday.com\/pt-br\/#organization","name":"Rio Holiday Boutique Hotel","url":"https:\/\/rioholiday.com\/pt-br\/","logo":{"@type":"ImageObject","inLanguage":"pt-BR","@id":"https:\/\/rioholiday.com\/pt-br\/#\/schema\/logo\/image\/","url":"https:\/\/rioholiday.com\/wp-content\/uploads\/2025\/10\/RIO-HOLIDAY-Logo-100x59-1.jpg","contentUrl":"https:\/\/rioholiday.com\/wp-content\/uploads\/2025\/10\/RIO-HOLIDAY-Logo-100x59-1.jpg","width":100,"height":59,"caption":"Rio Holiday Boutique Hotel"},"image":{"@id":"https:\/\/rioholiday.com\/pt-br\/#\/schema\/logo\/image\/"},"sameAs":["https:\/\/www.instagram.com\/rioholidayhotel\/"]}]}},"_links":{"self":[{"href":"https:\/\/rioholiday.com\/pt-br\/wp-json\/wp\/v2\/pages\/3112","targetHints":{"allow":["GET"]}}],"collection":[{"href":"https:\/\/rioholiday.com\/pt-br\/wp-json\/wp\/v2\/pages"}],"about":[{"href":"https:\/\/rioholiday.com\/pt-br\/wp-json\/wp\/v2\/types\/page"}],"author":[{"embeddable":true,"href":"https:\/\/rioholiday.com\/pt-br\/wp-json\/wp\/v2\/users\/1"}],"replies":[{"embeddable":true,"href":"https:\/\/rioholiday.com\/pt-br\/wp-json\/wp\/v2\/comments?post=3112"}],"version-history":[{"count":0,"href":"https:\/\/rioholiday.com\/pt-br\/wp-json\/wp\/v2\/pages\/3112\/revisions"}],"wp:attachment":[{"href":"https:\/\/rioholiday.com\/pt-br\/wp-json\/wp\/v2\/media?parent=3112"}],"curies":[{"name":"wp","href":"https:\/\/api.w.org\/{rel}","templated":true}]}}