{"id":5254,"date":"2025-12-09T04:56:12","date_gmt":"2025-12-09T04:56:12","guid":{"rendered":"https:\/\/rioholiday.com\/?page_id=5254"},"modified":"2025-12-09T05:33:17","modified_gmt":"2025-12-09T05:33:17","slug":"sobre-as-ferias-no-rio-2","status":"publish","type":"page","link":"https:\/\/rioholiday.com\/pt-br\/sobre-as-ferias-no-rio-2\/","title":{"rendered":"Contate-nos"},"content":{"rendered":"\t\t<div data-elementor-type=\"wp-page\" data-elementor-id=\"5254\" class=\"elementor elementor-5254 elementor-5250\" data-elementor-post-type=\"page\">\n\t\t\t\t<div class=\"elementor-element elementor-element-b972504 e-flex e-con-boxed e-con e-parent\" data-id=\"b972504\" data-element_type=\"container\">\n\t\t\t\t\t<div class=\"e-con-inner\">\n\t\t\t\t<div class=\"elementor-element elementor-element-20ab85f elementor-widget elementor-widget-heading\" data-id=\"20ab85f\" data-element_type=\"widget\" data-widget_type=\"heading.default\">\n\t\t\t\t\t<h2 class=\"elementor-heading-title elementor-size-default\">Contate-nos<\/h2>\t\t\t\t<\/div>\n\t\t\t\t\t<\/div>\n\t\t\t\t<\/div>\n\t\t<div class=\"elementor-element elementor-element-d47da3b e-flex e-con-boxed e-con e-parent\" data-id=\"d47da3b\" data-element_type=\"container\">\n\t\t\t\t\t<div class=\"e-con-inner\">\n\t\t\t\t<div class=\"elementor-element elementor-element-8d3dd9b elementor-widget elementor-widget-text-editor\" data-id=\"8d3dd9b\" data-element_type=\"widget\" data-widget_type=\"text-editor.default\">\n\t\t\t\t\t\t\t\t\t<p>Se voc\u00ea tiver alguma d\u00favida, problema ou coment\u00e1rio, a melhor maneira de entrar em contato conosco \u00e9 atrav\u00e9s deste formul\u00e1rio. Voc\u00ea tamb\u00e9m pode usar os n\u00fameros de telefone abaixo para nos ligar ou enviar uma mensagem pelo WhatsApp. <\/p>\t\t\t\t\t\t\t\t<\/div>\n\t\t\t\t\t<\/div>\n\t\t\t\t<\/div>\n\t\t<div class=\"elementor-element elementor-element-6e542de e-flex e-con-boxed e-con e-parent\" data-id=\"6e542de\" data-element_type=\"container\" data-settings=\"{&quot;background_background&quot;:&quot;classic&quot;}\">\n\t\t\t\t\t<div class=\"e-con-inner\">\n\t\t\t\t<div class=\"elementor-element elementor-element-fac87f3 elementor-widget elementor-widget-shortcode\" data-id=\"fac87f3\" data-element_type=\"widget\" data-widget_type=\"shortcode.default\">\n\t\t\t\t\t\t\t<div class=\"elementor-shortcode\"><form id=\"forminator-module-1447\" class=\"forminator-custom-form forminator-custom-form-1447\" method=\"post\" data-forminator-render=\"0\" data-uid=\"69fb34d58a4dd\"><div role=\"alert\" aria-live=\"polite\" class=\"forminator-response-message forminator-error\" aria-hidden=\"true\"><\/div><input\n                    class=\"apbct_special_field apbct_email_id__elementor_form\"\n                    name=\"apbct__email_id__elementor_form\"\n                    aria-label=\"apbct__label_id__elementor_form\"\n                    type=\"text\" size=\"30\" maxlength=\"200\" autocomplete=\"off\"\n                    value=\"\"\n                \/><\/form><\/div>\n\t\t\t\t\t\t<\/div>\n\t\t\t\t\t<\/div>\n\t\t\t\t<\/div>\n\t\t<div class=\"elementor-element elementor-element-460d2f0 e-flex e-con-boxed e-con e-parent\" data-id=\"460d2f0\" data-element_type=\"container\">\n\t\t\t\t\t<div class=\"e-con-inner\">\n\t\t\t\t<div class=\"elementor-element elementor-element-eedbf92 elementor-widget elementor-widget-text-editor\" data-id=\"eedbf92\" data-element_type=\"widget\" data-widget_type=\"text-editor.default\">\n\t\t\t\t\t\t\t\t\t<p>A Rio Holiday LLC \u00e9 uma Sociedade de Responsabilidade Limitada do Texas, localizada em San Antonio, Texas, Estados Unidos da Am\u00e9rica.<\/p><p><span \n                data-original-string='xs2x2hswxOHf6SRb69JuqQ==1dexDLyvRHhz5B89OF5OMO7ZyKB4AquAvlGvMkhB6WSq9Q='\n                class='apbct-email-encoder'\n                title='This contact has been encoded by Anti-Spam by CleanTalk. Click to decode. To finish the decoding make sure that JavaScript is enabled in your browser.'>ve<span class=\"apbct-blur\">******<\/span>@<span class=\"apbct-blur\">********<\/span>ay.com<\/span><br> Escrit\u00f3rio de Vendas nos EUA +1 210-878-6046<br> Nossos escrit\u00f3rios de vendas est\u00e3o no fuso hor\u00e1rio UTC\/GMT-6 durante o hor\u00e1rio padr\u00e3o.<\/p><p>Hotel no Brasil +55 21 99689-9989<br> Escrit\u00f3rio de Vendas do Brasil em portugu\u00eas ou ingl\u00eas<br> Rio Holiday Boutique Hotel<br> Rua Nossa Senhora de Lourdes, 345<br> S\u00e3o Francisco, Niter\u00f3i, Rio de Janeiro, Brasil 24360-420<br> O Rio est\u00e1 no fuso hor\u00e1rio <span style=\"font-size: 1rem;\">UTC\/GMT-3.<\/span><\/p><p>Rio Holiday LLC<br> 9901 IH 10 Oeste, Sala 800<br> San Antonio, Texas 78230<\/p>\t\t\t\t\t\t\t\t<\/div>\n\t\t\t\t\t<\/div>\n\t\t\t\t<\/div>\n\t\t\t\t<\/div>\n\t\t","protected":false},"excerpt":{"rendered":"<p>Contate-nos Se voc\u00ea tiver alguma d\u00favida, problema ou coment\u00e1rio, a melhor maneira de entrar em contato conosco \u00e9 atrav\u00e9s deste [&hellip;]<\/p>\n","protected":false},"author":1,"featured_media":0,"parent":0,"menu_order":0,"comment_status":"closed","ping_status":"closed","template":"","meta":{"site-sidebar-layout":"no-sidebar","site-content-layout":"","ast-site-content-layout":"full-width-container","site-content-style":"default","site-sidebar-style":"default","ast-global-header-display":"","ast-banner-title-visibility":"","ast-main-header-display":"","ast-hfb-above-header-display":"","ast-hfb-below-header-display":"","ast-hfb-mobile-header-display":"","site-post-title":"disabled","ast-breadcrumbs-content":"","ast-featured-img":"disabled","footer-sml-layout":"","ast-disable-related-posts":"","theme-transparent-header-meta":"","adv-header-id-meta":"","stick-header-meta":"","header-above-stick-meta":"","header-main-stick-meta":"","header-below-stick-meta":"","astra-migrate-meta-layouts":"default","ast-page-background-enabled":"default","ast-page-background-meta":{"desktop":{"background-color":"var(--ast-global-color-5)","background-image":"","background-repeat":"repeat","background-position":"center center","background-size":"auto","background-attachment":"scroll","background-type":"","background-media":"","overlay-type":"","overlay-color":"","overlay-opacity":"","overlay-gradient":""},"tablet":{"background-color":"","background-image":"","background-repeat":"repeat","background-position":"center center","background-size":"auto","background-attachment":"scroll","background-type":"","background-media":"","overlay-type":"","overlay-color":"","overlay-opacity":"","overlay-gradient":""},"mobile":{"background-color":"","background-image":"","background-repeat":"repeat","background-position":"center center","background-size":"auto","background-attachment":"scroll","background-type":"","background-media":"","overlay-type":"","overlay-color":"","overlay-opacity":"","overlay-gradient":""}},"ast-content-background-meta":{"desktop":{"background-color":"var(--ast-global-color-4)","background-image":"","background-repeat":"repeat","background-position":"center center","background-size":"auto","background-attachment":"scroll","background-type":"","background-media":"","overlay-type":"","overlay-color":"","overlay-opacity":"","overlay-gradient":""},"tablet":{"background-color":"var(--ast-global-color-4)","background-image":"","background-repeat":"repeat","background-position":"center center","background-size":"auto","background-attachment":"scroll","background-type":"","background-media":"","overlay-type":"","overlay-color":"","overlay-opacity":"","overlay-gradient":""},"mobile":{"background-color":"var(--ast-global-color-4)","background-image":"","background-repeat":"repeat","background-position":"center center","background-size":"auto","background-attachment":"scroll","background-type":"","background-media":"","overlay-type":"","overlay-color":"","overlay-opacity":"","overlay-gradient":""}},"footnotes":""},"class_list":["post-5254","page","type-page","status-publish","hentry"],"yoast_head":"<!-- This site is optimized with the Yoast SEO Premium plugin v26.6 (Yoast SEO v26.6) - https:\/\/yoast.com\/wordpress\/plugins\/seo\/ -->\n<title>Contate-nos - Rio Holiday Boutique Hotel<\/title>\n<meta name=\"robots\" content=\"noindex, follow\" \/>\n<meta property=\"og:locale\" content=\"pt_BR\" \/>\n<meta property=\"og:type\" content=\"article\" \/>\n<meta property=\"og:title\" content=\"Contate-nos\" \/>\n<meta property=\"og:description\" content=\"Contate-nos Se voc\u00ea tiver alguma d\u00favida, problema ou coment\u00e1rio, a melhor maneira de entrar em contato conosco \u00e9 atrav\u00e9s deste [&hellip;]\" \/>\n<meta property=\"og:url\" content=\"https:\/\/rioholiday.com\/pt-br\/sobre-as-ferias-no-rio-2\/\" \/>\n<meta property=\"og:site_name\" content=\"Rio Holiday Boutique Hotel\" \/>\n<meta property=\"article:modified_time\" content=\"2025-12-09T05:33:17+00:00\" \/>\n<meta name=\"twitter:card\" content=\"summary_large_image\" \/>\n<meta name=\"twitter:label1\" content=\"Est. tempo de leitura\" \/>\n\t<meta name=\"twitter:data1\" content=\"1 minuto\" \/>\n<script type=\"application\/ld+json\" class=\"yoast-schema-graph\">{\"@context\":\"https:\/\/schema.org\",\"@graph\":[{\"@type\":\"WebPage\",\"@id\":\"https:\/\/rioholiday.com\/pt-br\/sobre-as-ferias-no-rio-2\/\",\"url\":\"https:\/\/rioholiday.com\/pt-br\/sobre-as-ferias-no-rio-2\/\",\"name\":\"Contate-nos - Rio Holiday Boutique Hotel\",\"isPartOf\":{\"@id\":\"https:\/\/rioholiday.com\/pt-br\/#website\"},\"datePublished\":\"2025-12-09T04:56:12+00:00\",\"dateModified\":\"2025-12-09T05:33:17+00:00\",\"breadcrumb\":{\"@id\":\"https:\/\/rioholiday.com\/pt-br\/sobre-as-ferias-no-rio-2\/#breadcrumb\"},\"inLanguage\":\"pt-BR\",\"potentialAction\":[{\"@type\":\"ReadAction\",\"target\":[\"https:\/\/rioholiday.com\/pt-br\/sobre-as-ferias-no-rio-2\/\"]}]},{\"@type\":\"BreadcrumbList\",\"@id\":\"https:\/\/rioholiday.com\/pt-br\/sobre-as-ferias-no-rio-2\/#breadcrumb\",\"itemListElement\":[{\"@type\":\"ListItem\",\"position\":1,\"name\":\"Home\",\"item\":\"https:\/\/rioholiday.com\/pt-br\/rio-holiday-boutique-hotel\/\"},{\"@type\":\"ListItem\",\"position\":2,\"name\":\"Contate-nos\"}]},{\"@type\":\"WebSite\",\"@id\":\"https:\/\/rioholiday.com\/pt-br\/#website\",\"url\":\"https:\/\/rioholiday.com\/pt-br\/\",\"name\":\"Rio Holiday Boutique Hotel\",\"description\":\"\",\"publisher\":{\"@id\":\"https:\/\/rioholiday.com\/pt-br\/#organization\"},\"potentialAction\":[{\"@type\":\"SearchAction\",\"target\":{\"@type\":\"EntryPoint\",\"urlTemplate\":\"https:\/\/rioholiday.com\/pt-br\/?s={search_term_string}\"},\"query-input\":{\"@type\":\"PropertyValueSpecification\",\"valueRequired\":true,\"valueName\":\"search_term_string\"}}],\"inLanguage\":\"pt-BR\"},{\"@type\":\"Organization\",\"@id\":\"https:\/\/rioholiday.com\/pt-br\/#organization\",\"name\":\"Rio Holiday Boutique Hotel\",\"url\":\"https:\/\/rioholiday.com\/pt-br\/\",\"logo\":{\"@type\":\"ImageObject\",\"inLanguage\":\"pt-BR\",\"@id\":\"https:\/\/rioholiday.com\/pt-br\/#\/schema\/logo\/image\/\",\"url\":\"https:\/\/rioholiday.com\/wp-content\/uploads\/2025\/10\/RIO-HOLIDAY-Logo-100x59-1.jpg\",\"contentUrl\":\"https:\/\/rioholiday.com\/wp-content\/uploads\/2025\/10\/RIO-HOLIDAY-Logo-100x59-1.jpg\",\"width\":100,\"height\":59,\"caption\":\"Rio Holiday Boutique Hotel\"},\"image\":{\"@id\":\"https:\/\/rioholiday.com\/pt-br\/#\/schema\/logo\/image\/\"},\"sameAs\":[\"https:\/\/www.instagram.com\/rioholidayhotel\/\"]}]}<\/script>\n<!-- \/ Yoast SEO Premium plugin. -->","yoast_head_json":{"title":"Contate-nos - Rio Holiday Boutique Hotel","robots":{"index":"noindex","follow":"follow"},"og_locale":"pt_BR","og_type":"article","og_title":"Contate-nos","og_description":"Contate-nos Se voc\u00ea tiver alguma d\u00favida, problema ou coment\u00e1rio, a melhor maneira de entrar em contato conosco \u00e9 atrav\u00e9s deste [&hellip;]","og_url":"https:\/\/rioholiday.com\/pt-br\/sobre-as-ferias-no-rio-2\/","og_site_name":"Rio Holiday Boutique Hotel","article_modified_time":"2025-12-09T05:33:17+00:00","twitter_card":"summary_large_image","twitter_misc":{"Est. tempo de leitura":"1 minuto"},"schema":{"@context":"https:\/\/schema.org","@graph":[{"@type":"WebPage","@id":"https:\/\/rioholiday.com\/pt-br\/sobre-as-ferias-no-rio-2\/","url":"https:\/\/rioholiday.com\/pt-br\/sobre-as-ferias-no-rio-2\/","name":"Contate-nos - Rio Holiday Boutique Hotel","isPartOf":{"@id":"https:\/\/rioholiday.com\/pt-br\/#website"},"datePublished":"2025-12-09T04:56:12+00:00","dateModified":"2025-12-09T05:33:17+00:00","breadcrumb":{"@id":"https:\/\/rioholiday.com\/pt-br\/sobre-as-ferias-no-rio-2\/#breadcrumb"},"inLanguage":"pt-BR","potentialAction":[{"@type":"ReadAction","target":["https:\/\/rioholiday.com\/pt-br\/sobre-as-ferias-no-rio-2\/"]}]},{"@type":"BreadcrumbList","@id":"https:\/\/rioholiday.com\/pt-br\/sobre-as-ferias-no-rio-2\/#breadcrumb","itemListElement":[{"@type":"ListItem","position":1,"name":"Home","item":"https:\/\/rioholiday.com\/pt-br\/rio-holiday-boutique-hotel\/"},{"@type":"ListItem","position":2,"name":"Contate-nos"}]},{"@type":"WebSite","@id":"https:\/\/rioholiday.com\/pt-br\/#website","url":"https:\/\/rioholiday.com\/pt-br\/","name":"Rio Holiday Boutique Hotel","description":"","publisher":{"@id":"https:\/\/rioholiday.com\/pt-br\/#organization"},"potentialAction":[{"@type":"SearchAction","target":{"@type":"EntryPoint","urlTemplate":"https:\/\/rioholiday.com\/pt-br\/?s={search_term_string}"},"query-input":{"@type":"PropertyValueSpecification","valueRequired":true,"valueName":"search_term_string"}}],"inLanguage":"pt-BR"},{"@type":"Organization","@id":"https:\/\/rioholiday.com\/pt-br\/#organization","name":"Rio Holiday Boutique Hotel","url":"https:\/\/rioholiday.com\/pt-br\/","logo":{"@type":"ImageObject","inLanguage":"pt-BR","@id":"https:\/\/rioholiday.com\/pt-br\/#\/schema\/logo\/image\/","url":"https:\/\/rioholiday.com\/wp-content\/uploads\/2025\/10\/RIO-HOLIDAY-Logo-100x59-1.jpg","contentUrl":"https:\/\/rioholiday.com\/wp-content\/uploads\/2025\/10\/RIO-HOLIDAY-Logo-100x59-1.jpg","width":100,"height":59,"caption":"Rio Holiday Boutique Hotel"},"image":{"@id":"https:\/\/rioholiday.com\/pt-br\/#\/schema\/logo\/image\/"},"sameAs":["https:\/\/www.instagram.com\/rioholidayhotel\/"]}]}},"_links":{"self":[{"href":"https:\/\/rioholiday.com\/pt-br\/wp-json\/wp\/v2\/pages\/5254","targetHints":{"allow":["GET"]}}],"collection":[{"href":"https:\/\/rioholiday.com\/pt-br\/wp-json\/wp\/v2\/pages"}],"about":[{"href":"https:\/\/rioholiday.com\/pt-br\/wp-json\/wp\/v2\/types\/page"}],"author":[{"embeddable":true,"href":"https:\/\/rioholiday.com\/pt-br\/wp-json\/wp\/v2\/users\/1"}],"replies":[{"embeddable":true,"href":"https:\/\/rioholiday.com\/pt-br\/wp-json\/wp\/v2\/comments?post=5254"}],"version-history":[{"count":0,"href":"https:\/\/rioholiday.com\/pt-br\/wp-json\/wp\/v2\/pages\/5254\/revisions"}],"wp:attachment":[{"href":"https:\/\/rioholiday.com\/pt-br\/wp-json\/wp\/v2\/media?parent=5254"}],"curies":[{"name":"wp","href":"https:\/\/api.w.org\/{rel}","templated":true}]}}